{"id":2668,"date":"2022-06-12T21:44:27","date_gmt":"2022-06-13T02:44:27","guid":{"rendered":"http:\/\/proviron.com.mx\/?post_type=product&#038;p=2668"},"modified":"2025-05-09T22:19:06","modified_gmt":"2025-05-10T04:19:06","slug":"03-mutant-cafeina-240-tabs","status":"publish","type":"product","link":"https:\/\/proviron.com.mx\/index.php\/producto\/03-mutant-cafeina-240-tabs\/","title":{"rendered":"Mutant &#8211; Cafeina &#8211; 240 tabs"},"content":{"rendered":"<p>Mutant &#8211; Cafeina &#8211; 240 tabs &#8211; Suplementos Guadalajara<\/p>\n<div id=\"attachment_2317\" style=\"width: 310px\" class=\"wp-caption alignnone\"><img fetchpriority=\"high\" decoding=\"async\" aria-describedby=\"caption-attachment-2317\" src=\"http:\/\/proviron.com.mx\/wp-content\/uploads\/2022\/06\/03-MUTANT-CAFFEINE-240-TABS-1-300x300.png\" alt=\"Mutant - Cafeina - 240 tabs - Suplementos Guadalajara\" width=\"300\" height=\"300\" class=\"size-medium wp-image-2317\" \/><p id=\"caption-attachment-2317\" class=\"wp-caption-text\">Mutant &#8211; Cafeina &#8211; 240 tabs &#8211; Suplementos Guadalajara<\/p><\/div>\n<p><a href=\"http:\/\/sulementosguadalajara.com.mx\" target=\"_blank\" rel=\"noopener\">http:\/\/sulementosguadalajara.com.mx<\/a><\/p>\n<p><a href=\"http:\/\/proviron.com.mx\">http:\/\/proviron.com.mx<\/a><\/p>\n","protected":false},"excerpt":{"rendered":"<p>Mutant &#8211; Cafeina &#8211; 240 tabs<\/p>\n<p>La cafe\u00edna es el estimulante m\u00e1s popular del mundo! Ayuda a energizar su entrenamiento, aplastar el hambre, mejorar la concentraci\u00f3n mental y combatir la fatiga. * MUTANT CAFE\u00cdNA proporciona 200 mg de cafe\u00edna anhi- dra de grado farmac\u00e9utico por por- ci\u00f3n.<br \/>\nMejora del rendimiento en deportes de fuerza y potencia hasta en un 20% *<br \/>\nLos levantadores de pesas mejoraron el rendimiento en promedio un 9.5% * Los velocistas mejoraron el rendimien- to en promedio un 6.5% *<br \/>\nLa tasa de esfuerzo percibido (fatiga) se reduce en una media del 6%<\/p>\n","protected":false},"featured_media":2669,"comment_status":"open","ping_status":"closed","template":"","meta":{"_joinchat":[]},"product_brand":[],"product_cat":[2448],"product_tag":[2453,2454,2455],"class_list":{"0":"post-2668","1":"product","2":"type-product","3":"status-publish","4":"has-post-thumbnail","6":"product_cat-quemadores","7":"product_tag-mutant-cafeina-240-tabs-suplementos-guadalajara","8":"product_tag-mutant-cafeina-240-tabs-venta-cafeina-guadalajara","9":"product_tag-venta-cafeina","11":"first","12":"instock","13":"shipping-taxable","14":"purchasable","15":"product-type-simple"},"_links":{"self":[{"href":"https:\/\/proviron.com.mx\/index.php\/wp-json\/wp\/v2\/product\/2668","targetHints":{"allow":["GET"]}}],"collection":[{"href":"https:\/\/proviron.com.mx\/index.php\/wp-json\/wp\/v2\/product"}],"about":[{"href":"https:\/\/proviron.com.mx\/index.php\/wp-json\/wp\/v2\/types\/product"}],"replies":[{"embeddable":true,"href":"https:\/\/proviron.com.mx\/index.php\/wp-json\/wp\/v2\/comments?post=2668"}],"wp:featuredmedia":[{"embeddable":true,"href":"https:\/\/proviron.com.mx\/index.php\/wp-json\/wp\/v2\/media\/2669"}],"wp:attachment":[{"href":"https:\/\/proviron.com.mx\/index.php\/wp-json\/wp\/v2\/media?parent=2668"}],"wp:term":[{"taxonomy":"product_brand","embeddable":true,"href":"https:\/\/proviron.com.mx\/index.php\/wp-json\/wp\/v2\/product_brand?post=2668"},{"taxonomy":"product_cat","embeddable":true,"href":"https:\/\/proviron.com.mx\/index.php\/wp-json\/wp\/v2\/product_cat?post=2668"},{"taxonomy":"product_tag","embeddable":true,"href":"https:\/\/proviron.com.mx\/index.php\/wp-json\/wp\/v2\/product_tag?post=2668"}],"curies":[{"name":"wp","href":"https:\/\/api.w.org\/{rel}","templated":true}]}}