{"id":2674,"date":"2022-06-12T21:44:27","date_gmt":"2022-06-13T02:44:27","guid":{"rendered":"http:\/\/proviron.com.mx\/?post_type=product&#038;p=2674"},"modified":"2025-05-09T22:19:11","modified_gmt":"2025-05-10T04:19:11","slug":"04-high-tech-pharmaceuticals-suples-lipodrene-elite-90-tabs","status":"publish","type":"product","link":"https:\/\/proviron.com.mx\/index.php\/producto\/04-high-tech-pharmaceuticals-suples-lipodrene-elite-90-tabs\/","title":{"rendered":"HIGH TECH PHARMACEUTICALS SUPLES LIPODRENE ELITE 90 TABS"},"content":{"rendered":"","protected":false},"excerpt":{"rendered":"<p>La nueva f\u00f3rmula Elite est\u00e1 aqu\u00ed. De Lipodrene a Xtreme a Hardcore &#8230; ahora Elite! Y de toda la serie, esta promete ser la f\u00f3rmula m\u00e1s fuerte jam\u00e1s creada por Hi Tech Pharmaceu- ticals. Cada botella contiene 90 com- primidos y en una dosis de tres table- tas por d\u00eda.<br \/>\nLipodrene Elite es seguro para cual- quier persona en condiciones norma- les de salud. Si cuentas con alg\u00fan tipo de padecimiento, lo mejor es consul- tar con un m\u00e9dico, antes de tomar Lipodrene Elite. -Senegalia Berlandieri: Este ingrediente ayuda con la mejora del estado de \u00e1nimo, sentimientos de bienestar y tambi\u00e9n le da un impulso de energ\u00eda.<br \/>\n-Citrus aurantium: Ayuda a quemar grasa.<br \/>\n-1.3 DMAA: Lo que Hi Tech es conoci- do por! Mejora el estado de \u00e1nimo, m\u00e1s energ\u00eda y gran control de su ape- tito.<br \/>\n-Teobromina: Ayuda a aumentar su estado de \u00e1nimo y mejorar su bienes- tar general.<\/p>\n","protected":false},"featured_media":2675,"comment_status":"open","ping_status":"closed","template":"","meta":{"_joinchat":[]},"product_brand":[],"product_cat":[2448],"product_tag":[458,27,58,2457,59,31,462,62,63,54],"class_list":{"0":"post-2674","1":"product","2":"type-product","3":"status-publish","4":"has-post-thumbnail","6":"product_cat-quemadores","7":"product_tag-gat","8":"product_tag-gph-nutrition","9":"product_tag-gph-pharmaceuticals","10":"product_tag-high-tech-pharmaceuticals-suples-lipodrene-elite-90-tabs","11":"product_tag-mexico","12":"product_tag-mutant","13":"product_tag-on-nutrition","14":"product_tag-suplementos-guadalajara","15":"product_tag-venta","16":"product_tag-vidafitstore","18":"first","19":"outofstock","20":"shipping-taxable","21":"purchasable","22":"product-type-simple"},"_links":{"self":[{"href":"https:\/\/proviron.com.mx\/index.php\/wp-json\/wp\/v2\/product\/2674","targetHints":{"allow":["GET"]}}],"collection":[{"href":"https:\/\/proviron.com.mx\/index.php\/wp-json\/wp\/v2\/product"}],"about":[{"href":"https:\/\/proviron.com.mx\/index.php\/wp-json\/wp\/v2\/types\/product"}],"replies":[{"embeddable":true,"href":"https:\/\/proviron.com.mx\/index.php\/wp-json\/wp\/v2\/comments?post=2674"}],"wp:featuredmedia":[{"embeddable":true,"href":"https:\/\/proviron.com.mx\/index.php\/wp-json\/wp\/v2\/media\/2675"}],"wp:attachment":[{"href":"https:\/\/proviron.com.mx\/index.php\/wp-json\/wp\/v2\/media?parent=2674"}],"wp:term":[{"taxonomy":"product_brand","embeddable":true,"href":"https:\/\/proviron.com.mx\/index.php\/wp-json\/wp\/v2\/product_brand?post=2674"},{"taxonomy":"product_cat","embeddable":true,"href":"https:\/\/proviron.com.mx\/index.php\/wp-json\/wp\/v2\/product_cat?post=2674"},{"taxonomy":"product_tag","embeddable":true,"href":"https:\/\/proviron.com.mx\/index.php\/wp-json\/wp\/v2\/product_tag?post=2674"}],"curies":[{"name":"wp","href":"https:\/\/api.w.org\/{rel}","templated":true}]}}