{"id":2677,"date":"2022-06-12T21:44:28","date_gmt":"2022-06-13T02:44:28","guid":{"rendered":"http:\/\/proviron.com.mx\/?post_type=product&#038;p=2677"},"modified":"2025-05-09T22:19:13","modified_gmt":"2025-05-10T04:19:13","slug":"05-cloma-pharma-laboratories-suples-cocodrene-25-100-caps","status":"publish","type":"product","link":"https:\/\/proviron.com.mx\/index.php\/producto\/05-cloma-pharma-laboratories-suples-cocodrene-25-100-caps\/","title":{"rendered":"CLOMA PHARMA LABORATORIES SUPLES COCODRENE 25 100 CAPS"},"content":{"rendered":"","protected":false},"excerpt":{"rendered":"<p>Cocodrene suave sobre el cuerpo y el 100% hace el tra- bajo: elimina la grasa. S\u00ed, pre- sente en los ingredientes de la composici\u00f3n, que tienen la funci\u00f3n de la quema de grasa y por lo tanto lo suficiente- mente dura para el sistema nervioso central humano. Sin embargo, los componentes como el extracto de guaran\u00e1, efhedra, cafe\u00edna suavizar el impacto de los componentes de alta potencia. Como resul- tado, los atletas reciben cese librado a tener problemas con el sue\u00f1o, olvidarse de sus pro- blemas.<\/p>\n","protected":false},"featured_media":2678,"comment_status":"open","ping_status":"closed","template":"","meta":{"_joinchat":[]},"product_brand":[],"product_cat":[2448],"product_tag":[2458,458,27,58,59,31,462,62,63,54],"class_list":{"0":"post-2677","1":"product","2":"type-product","3":"status-publish","4":"has-post-thumbnail","6":"product_cat-quemadores","7":"product_tag-cloma-pharma-laboratories-suples-cocodrene-25-100-caps","8":"product_tag-gat","9":"product_tag-gph-nutrition","10":"product_tag-gph-pharmaceuticals","11":"product_tag-mexico","12":"product_tag-mutant","13":"product_tag-on-nutrition","14":"product_tag-suplementos-guadalajara","15":"product_tag-venta","16":"product_tag-vidafitstore","18":"first","19":"outofstock","20":"shipping-taxable","21":"purchasable","22":"product-type-simple"},"_links":{"self":[{"href":"https:\/\/proviron.com.mx\/index.php\/wp-json\/wp\/v2\/product\/2677","targetHints":{"allow":["GET"]}}],"collection":[{"href":"https:\/\/proviron.com.mx\/index.php\/wp-json\/wp\/v2\/product"}],"about":[{"href":"https:\/\/proviron.com.mx\/index.php\/wp-json\/wp\/v2\/types\/product"}],"replies":[{"embeddable":true,"href":"https:\/\/proviron.com.mx\/index.php\/wp-json\/wp\/v2\/comments?post=2677"}],"wp:featuredmedia":[{"embeddable":true,"href":"https:\/\/proviron.com.mx\/index.php\/wp-json\/wp\/v2\/media\/2678"}],"wp:attachment":[{"href":"https:\/\/proviron.com.mx\/index.php\/wp-json\/wp\/v2\/media?parent=2677"}],"wp:term":[{"taxonomy":"product_brand","embeddable":true,"href":"https:\/\/proviron.com.mx\/index.php\/wp-json\/wp\/v2\/product_brand?post=2677"},{"taxonomy":"product_cat","embeddable":true,"href":"https:\/\/proviron.com.mx\/index.php\/wp-json\/wp\/v2\/product_cat?post=2677"},{"taxonomy":"product_tag","embeddable":true,"href":"https:\/\/proviron.com.mx\/index.php\/wp-json\/wp\/v2\/product_tag?post=2677"}],"curies":[{"name":"wp","href":"https:\/\/api.w.org\/{rel}","templated":true}]}}