{"id":2680,"date":"2022-06-12T21:44:28","date_gmt":"2022-06-13T02:44:28","guid":{"rendered":"http:\/\/proviron.com.mx\/?post_type=product&#038;p=2680"},"modified":"2025-05-09T22:19:14","modified_gmt":"2025-05-10T04:19:14","slug":"06-cloma-pharma-laboratories-suples-methyldrene-original-25-100-caps","status":"publish","type":"product","link":"https:\/\/proviron.com.mx\/index.php\/producto\/06-cloma-pharma-laboratories-suples-methyldrene-original-25-100-caps\/","title":{"rendered":"CLOMA PHARMA LABORATORIES SUPLES METHYLDRENE ORIGINAL 25 100 CAPS"},"content":{"rendered":"","protected":false},"excerpt":{"rendered":"<p>Methyldrene-25 de Cloma Pharma contiene efedrina, cafe\u00edna, aspirina y otros ingre- dientes de alta calidad. Esta combinaci\u00f3n ayuda a aumen- tar los procesos termog\u00e9nicos del cuerpo, lo que permite quemar m\u00e1s grasa en menos tiempo de lo que podr\u00eda ser capaz de con ejercicio y dieta por s\u00ed sola. Adem\u00e1s, se dar\u00e1 cuenta de que tiene m\u00e1s ener- g\u00eda para hacerlo a trav\u00e9s de los entrenamientos m\u00e1s duros que ha planeado, los usuarios informan de cambios en su cuerpo, cambios que no espe- raban ver tan pronto.<\/p>\n","protected":false},"featured_media":2681,"comment_status":"open","ping_status":"closed","template":"","meta":{"_joinchat":[]},"product_brand":[],"product_cat":[2448],"product_tag":[2459,458,27,58,59,31,462,62,63,54],"class_list":{"0":"post-2680","1":"product","2":"type-product","3":"status-publish","4":"has-post-thumbnail","6":"product_cat-quemadores","7":"product_tag-cloma-pharma-laboratories-suples-methyldrene-original-25-100-caps","8":"product_tag-gat","9":"product_tag-gph-nutrition","10":"product_tag-gph-pharmaceuticals","11":"product_tag-mexico","12":"product_tag-mutant","13":"product_tag-on-nutrition","14":"product_tag-suplementos-guadalajara","15":"product_tag-venta","16":"product_tag-vidafitstore","18":"first","19":"outofstock","20":"shipping-taxable","21":"purchasable","22":"product-type-simple"},"_links":{"self":[{"href":"https:\/\/proviron.com.mx\/index.php\/wp-json\/wp\/v2\/product\/2680","targetHints":{"allow":["GET"]}}],"collection":[{"href":"https:\/\/proviron.com.mx\/index.php\/wp-json\/wp\/v2\/product"}],"about":[{"href":"https:\/\/proviron.com.mx\/index.php\/wp-json\/wp\/v2\/types\/product"}],"replies":[{"embeddable":true,"href":"https:\/\/proviron.com.mx\/index.php\/wp-json\/wp\/v2\/comments?post=2680"}],"wp:featuredmedia":[{"embeddable":true,"href":"https:\/\/proviron.com.mx\/index.php\/wp-json\/wp\/v2\/media\/2681"}],"wp:attachment":[{"href":"https:\/\/proviron.com.mx\/index.php\/wp-json\/wp\/v2\/media?parent=2680"}],"wp:term":[{"taxonomy":"product_brand","embeddable":true,"href":"https:\/\/proviron.com.mx\/index.php\/wp-json\/wp\/v2\/product_brand?post=2680"},{"taxonomy":"product_cat","embeddable":true,"href":"https:\/\/proviron.com.mx\/index.php\/wp-json\/wp\/v2\/product_cat?post=2680"},{"taxonomy":"product_tag","embeddable":true,"href":"https:\/\/proviron.com.mx\/index.php\/wp-json\/wp\/v2\/product_tag?post=2680"}],"curies":[{"name":"wp","href":"https:\/\/api.w.org\/{rel}","templated":true}]}}