{"id":2683,"date":"2022-06-12T21:44:28","date_gmt":"2022-06-13T02:44:28","guid":{"rendered":"http:\/\/proviron.com.mx\/?post_type=product&#038;p=2683"},"modified":"2025-05-09T22:19:15","modified_gmt":"2025-05-10T04:19:15","slug":"07-cloma-pharma-laboratories-methyldrene-elite-25-100-caps","status":"publish","type":"product","link":"https:\/\/proviron.com.mx\/index.php\/producto\/07-cloma-pharma-laboratories-methyldrene-elite-25-100-caps\/","title":{"rendered":"CLOMA PHARMA LABORATORIES METHYLDRENE ELITE 25 100 CAPS"},"content":{"rendered":"","protected":false},"excerpt":{"rendered":"<p>Es una formulaci\u00f3n de acci\u00f3n m\u00faltiple s\u00faper potente. Cada c\u00e1psula con infusi\u00f3n de aceite MCT ofrece numerosos com- puestos especiales, incluyendo efedra, Citrus aurantium, Bacopa y m\u00e1s.<br \/>\nT\u00f3melo con su programa de dieta y ejercicio para experi- mentar una mayor energ\u00eda y motivaci\u00f3n, apoya la quema y la aniquilaci\u00f3n de grasa.<\/p>\n","protected":false},"featured_media":2684,"comment_status":"open","ping_status":"closed","template":"","meta":{"_joinchat":[]},"product_brand":[],"product_cat":[2448],"product_tag":[2460,458,27,58,59,31,462,62,63,54],"class_list":{"0":"post-2683","1":"product","2":"type-product","3":"status-publish","4":"has-post-thumbnail","6":"product_cat-quemadores","7":"product_tag-cloma-pharma-laboratories-methyldrene-elite-25-100-caps","8":"product_tag-gat","9":"product_tag-gph-nutrition","10":"product_tag-gph-pharmaceuticals","11":"product_tag-mexico","12":"product_tag-mutant","13":"product_tag-on-nutrition","14":"product_tag-suplementos-guadalajara","15":"product_tag-venta","16":"product_tag-vidafitstore","18":"first","19":"outofstock","20":"shipping-taxable","21":"purchasable","22":"product-type-simple"},"_links":{"self":[{"href":"https:\/\/proviron.com.mx\/index.php\/wp-json\/wp\/v2\/product\/2683","targetHints":{"allow":["GET"]}}],"collection":[{"href":"https:\/\/proviron.com.mx\/index.php\/wp-json\/wp\/v2\/product"}],"about":[{"href":"https:\/\/proviron.com.mx\/index.php\/wp-json\/wp\/v2\/types\/product"}],"replies":[{"embeddable":true,"href":"https:\/\/proviron.com.mx\/index.php\/wp-json\/wp\/v2\/comments?post=2683"}],"wp:featuredmedia":[{"embeddable":true,"href":"https:\/\/proviron.com.mx\/index.php\/wp-json\/wp\/v2\/media\/2684"}],"wp:attachment":[{"href":"https:\/\/proviron.com.mx\/index.php\/wp-json\/wp\/v2\/media?parent=2683"}],"wp:term":[{"taxonomy":"product_brand","embeddable":true,"href":"https:\/\/proviron.com.mx\/index.php\/wp-json\/wp\/v2\/product_brand?post=2683"},{"taxonomy":"product_cat","embeddable":true,"href":"https:\/\/proviron.com.mx\/index.php\/wp-json\/wp\/v2\/product_cat?post=2683"},{"taxonomy":"product_tag","embeddable":true,"href":"https:\/\/proviron.com.mx\/index.php\/wp-json\/wp\/v2\/product_tag?post=2683"}],"curies":[{"name":"wp","href":"https:\/\/api.w.org\/{rel}","templated":true}]}}