{"id":2686,"date":"2022-06-12T21:44:30","date_gmt":"2022-06-13T02:44:30","guid":{"rendered":"http:\/\/proviron.com.mx\/?post_type=product&#038;p=2686"},"modified":"2025-05-09T22:19:18","modified_gmt":"2025-05-10T04:19:18","slug":"08-cloma-pharma-laboratories-suples-red-wasp-25-75-caps","status":"publish","type":"product","link":"https:\/\/proviron.com.mx\/index.php\/producto\/08-cloma-pharma-laboratories-suples-red-wasp-25-75-caps\/","title":{"rendered":"CLOMA PHARMA LABORATORIES SUPLES RED WASP 25 75 CAPS"},"content":{"rendered":"","protected":false},"excerpt":{"rendered":"<p>Red Wasp 25 de Clomapharma Efedra e Higenamina, es la nueva p\u00edldora diet\u00e9tica con Efedra de Clomapharma en el mercado, y es una p\u00edldora die- t\u00e9tica de Efedra \u00fanica en su clase y en el recientemente con Higenamina.<\/p>\n","protected":false},"featured_media":2687,"comment_status":"open","ping_status":"closed","template":"","meta":{"_joinchat":[]},"product_brand":[],"product_cat":[2448],"product_tag":[2461,458,27,58,59,31,462,62,63,54],"class_list":{"0":"post-2686","1":"product","2":"type-product","3":"status-publish","4":"has-post-thumbnail","6":"product_cat-quemadores","7":"product_tag-cloma-pharma-laboratories-suples-red-wasp-25-75-caps","8":"product_tag-gat","9":"product_tag-gph-nutrition","10":"product_tag-gph-pharmaceuticals","11":"product_tag-mexico","12":"product_tag-mutant","13":"product_tag-on-nutrition","14":"product_tag-suplementos-guadalajara","15":"product_tag-venta","16":"product_tag-vidafitstore","18":"first","19":"outofstock","20":"shipping-taxable","21":"purchasable","22":"product-type-simple"},"_links":{"self":[{"href":"https:\/\/proviron.com.mx\/index.php\/wp-json\/wp\/v2\/product\/2686","targetHints":{"allow":["GET"]}}],"collection":[{"href":"https:\/\/proviron.com.mx\/index.php\/wp-json\/wp\/v2\/product"}],"about":[{"href":"https:\/\/proviron.com.mx\/index.php\/wp-json\/wp\/v2\/types\/product"}],"replies":[{"embeddable":true,"href":"https:\/\/proviron.com.mx\/index.php\/wp-json\/wp\/v2\/comments?post=2686"}],"wp:featuredmedia":[{"embeddable":true,"href":"https:\/\/proviron.com.mx\/index.php\/wp-json\/wp\/v2\/media\/2687"}],"wp:attachment":[{"href":"https:\/\/proviron.com.mx\/index.php\/wp-json\/wp\/v2\/media?parent=2686"}],"wp:term":[{"taxonomy":"product_brand","embeddable":true,"href":"https:\/\/proviron.com.mx\/index.php\/wp-json\/wp\/v2\/product_brand?post=2686"},{"taxonomy":"product_cat","embeddable":true,"href":"https:\/\/proviron.com.mx\/index.php\/wp-json\/wp\/v2\/product_cat?post=2686"},{"taxonomy":"product_tag","embeddable":true,"href":"https:\/\/proviron.com.mx\/index.php\/wp-json\/wp\/v2\/product_tag?post=2686"}],"curies":[{"name":"wp","href":"https:\/\/api.w.org\/{rel}","templated":true}]}}