{"id":2695,"date":"2022-06-12T21:44:30","date_gmt":"2022-06-13T02:44:30","guid":{"rendered":"http:\/\/proviron.com.mx\/?post_type=product&#038;p=2695"},"modified":"2025-05-09T22:19:24","modified_gmt":"2025-05-10T04:19:24","slug":"14-bpi-sports-shredding-gel-80z","status":"publish","type":"product","link":"https:\/\/proviron.com.mx\/index.php\/producto\/14-bpi-sports-shredding-gel-80z\/","title":{"rendered":"BPI SPORTS SHREDDING GEL 80Z"},"content":{"rendered":"","protected":false},"excerpt":{"rendered":"<p>es una f\u00f3rmula avanzada para tensar la piel, dise\u00f1ada para mejorar la apariencia firme y tonificada de los m\u00fasculos. Al combinar Cafe\u00edna, Palmitoil Carnitina y dos ingredientes patentados adicionales, Shred- ding Gel TM puede ayudar a revelar el arduo trabajo que ha realizado en su cuerpo. \u2022 Lipo- careTM Combate la Celulitis esti- mulando el catabolismo de los l\u00edpidos, un proceso que vac\u00eda el exceso de grasa almacenada en los adipocitos<\/p>\n","protected":false},"featured_media":2696,"comment_status":"open","ping_status":"closed","template":"","meta":{"_joinchat":[]},"product_brand":[],"product_cat":[2448],"product_tag":[2464,458,27,58,59,31,462,62,63,54],"class_list":{"0":"post-2695","1":"product","2":"type-product","3":"status-publish","4":"has-post-thumbnail","6":"product_cat-quemadores","7":"product_tag-bpi-sports-shredding-gel-80z","8":"product_tag-gat","9":"product_tag-gph-nutrition","10":"product_tag-gph-pharmaceuticals","11":"product_tag-mexico","12":"product_tag-mutant","13":"product_tag-on-nutrition","14":"product_tag-suplementos-guadalajara","15":"product_tag-venta","16":"product_tag-vidafitstore","18":"first","19":"outofstock","20":"shipping-taxable","21":"purchasable","22":"product-type-simple"},"_links":{"self":[{"href":"https:\/\/proviron.com.mx\/index.php\/wp-json\/wp\/v2\/product\/2695","targetHints":{"allow":["GET"]}}],"collection":[{"href":"https:\/\/proviron.com.mx\/index.php\/wp-json\/wp\/v2\/product"}],"about":[{"href":"https:\/\/proviron.com.mx\/index.php\/wp-json\/wp\/v2\/types\/product"}],"replies":[{"embeddable":true,"href":"https:\/\/proviron.com.mx\/index.php\/wp-json\/wp\/v2\/comments?post=2695"}],"wp:featuredmedia":[{"embeddable":true,"href":"https:\/\/proviron.com.mx\/index.php\/wp-json\/wp\/v2\/media\/2696"}],"wp:attachment":[{"href":"https:\/\/proviron.com.mx\/index.php\/wp-json\/wp\/v2\/media?parent=2695"}],"wp:term":[{"taxonomy":"product_brand","embeddable":true,"href":"https:\/\/proviron.com.mx\/index.php\/wp-json\/wp\/v2\/product_brand?post=2695"},{"taxonomy":"product_cat","embeddable":true,"href":"https:\/\/proviron.com.mx\/index.php\/wp-json\/wp\/v2\/product_cat?post=2695"},{"taxonomy":"product_tag","embeddable":true,"href":"https:\/\/proviron.com.mx\/index.php\/wp-json\/wp\/v2\/product_tag?post=2695"}],"curies":[{"name":"wp","href":"https:\/\/api.w.org\/{rel}","templated":true}]}}