{"id":2701,"date":"2022-06-12T21:44:31","date_gmt":"2022-06-13T02:44:31","guid":{"rendered":"http:\/\/proviron.com.mx\/?post_type=product&#038;p=2701"},"modified":"2025-05-09T22:19:28","modified_gmt":"2025-05-10T04:19:28","slug":"16-nutrex-lipo-6-black-uc-30-serv","status":"publish","type":"product","link":"https:\/\/proviron.com.mx\/index.php\/producto\/16-nutrex-lipo-6-black-uc-30-serv\/","title":{"rendered":"NUTREX LIPO 6 BLACK UC 30 SERV"},"content":{"rendered":"","protected":false},"excerpt":{"rendered":"<p>SUPLEMENTO ALIMENTICIO: Es un producto termog\u00e9nico muy potente, su objetivo es quemar grasa y elimi- narla del organismo, aportar energ\u00eda, acelerar el metabolismo, inhibir el apetito, ayudar en la p\u00e9rdida de grasa en zonas muy espec\u00edficas y su acci\u00f3n es de efecto r\u00e1pido.<br \/>\n&gt;BENEFICIOS: La forma en que trabaja lipo 6 black en el organismo es gene- rando calor corporal como una forma de eliminar la grasa, para poder bajar de peso, esto junto con una dieta adecuada y ejercicio.<br \/>\nElimina el exceso de grasa y el l\u00edquido. En mujeres, ataca el exceso de grasas de las zonas problem\u00e1ticas. En los hombres, elimina el exceso de grasa y tonifica los m\u00fasculos.<\/p>\n","protected":false},"featured_media":2702,"comment_status":"open","ping_status":"closed","template":"","meta":{"_joinchat":[]},"product_brand":[],"product_cat":[2448],"product_tag":[458,27,58,59,31,2470,462,62,63,54],"class_list":{"0":"post-2701","1":"product","2":"type-product","3":"status-publish","4":"has-post-thumbnail","6":"product_cat-quemadores","7":"product_tag-gat","8":"product_tag-gph-nutrition","9":"product_tag-gph-pharmaceuticals","10":"product_tag-mexico","11":"product_tag-mutant","12":"product_tag-nutrex-lipo-6-black-uc-30-serv","13":"product_tag-on-nutrition","14":"product_tag-suplementos-guadalajara","15":"product_tag-venta","16":"product_tag-vidafitstore","18":"first","19":"instock","20":"shipping-taxable","21":"purchasable","22":"product-type-simple"},"_links":{"self":[{"href":"https:\/\/proviron.com.mx\/index.php\/wp-json\/wp\/v2\/product\/2701","targetHints":{"allow":["GET"]}}],"collection":[{"href":"https:\/\/proviron.com.mx\/index.php\/wp-json\/wp\/v2\/product"}],"about":[{"href":"https:\/\/proviron.com.mx\/index.php\/wp-json\/wp\/v2\/types\/product"}],"replies":[{"embeddable":true,"href":"https:\/\/proviron.com.mx\/index.php\/wp-json\/wp\/v2\/comments?post=2701"}],"wp:featuredmedia":[{"embeddable":true,"href":"https:\/\/proviron.com.mx\/index.php\/wp-json\/wp\/v2\/media\/2702"}],"wp:attachment":[{"href":"https:\/\/proviron.com.mx\/index.php\/wp-json\/wp\/v2\/media?parent=2701"}],"wp:term":[{"taxonomy":"product_brand","embeddable":true,"href":"https:\/\/proviron.com.mx\/index.php\/wp-json\/wp\/v2\/product_brand?post=2701"},{"taxonomy":"product_cat","embeddable":true,"href":"https:\/\/proviron.com.mx\/index.php\/wp-json\/wp\/v2\/product_cat?post=2701"},{"taxonomy":"product_tag","embeddable":true,"href":"https:\/\/proviron.com.mx\/index.php\/wp-json\/wp\/v2\/product_tag?post=2701"}],"curies":[{"name":"wp","href":"https:\/\/api.w.org\/{rel}","templated":true}]}}