{"id":2707,"date":"2022-06-12T21:44:31","date_gmt":"2022-06-13T02:44:31","guid":{"rendered":"http:\/\/proviron.com.mx\/?post_type=product&#038;p=2707"},"modified":"2025-05-09T22:19:34","modified_gmt":"2025-05-10T04:19:34","slug":"19-nutrex-lipo-6-black-uc-hers-60-caps","status":"publish","type":"product","link":"https:\/\/proviron.com.mx\/index.php\/producto\/19-nutrex-lipo-6-black-uc-hers-60-caps\/","title":{"rendered":"NUTREX LIPO 6 BLACK UC HERS 60 CAPS"},"content":{"rendered":"","protected":false},"excerpt":{"rendered":"<p>Es un termog\u00e9nico con una formula ultra concentrada de r\u00e1pida absorci\u00f3n, a base de ingredientes naturales que estimula un aumento de energ\u00eda y disminuye el apetito acompa\u00f1ado de la quema de grasa.<br \/>\nEste producto esta dise\u00f1ado especial- mente para mujeres, y las acompa\u00f1a en sus objetivos de perdida de peso, quema de grasa localizada y defini- ci\u00f3n.<br \/>\nEste producto no esta destinado a personas menores de 18 a\u00f1os, emba- razadas o amamantando. Interrumpa el uso y consulte a su medico si experi- menta s\u00edntomas inusuales al tomarlo.<\/p>\n","protected":false},"featured_media":2708,"comment_status":"open","ping_status":"closed","template":"","meta":{"_joinchat":[]},"product_brand":[],"product_cat":[2448],"product_tag":[458,27,58,59,31,2472,462,62,63,54],"class_list":{"0":"post-2707","1":"product","2":"type-product","3":"status-publish","4":"has-post-thumbnail","6":"product_cat-quemadores","7":"product_tag-gat","8":"product_tag-gph-nutrition","9":"product_tag-gph-pharmaceuticals","10":"product_tag-mexico","11":"product_tag-mutant","12":"product_tag-nutrex-lipo-6-black-uc-hers-60-caps","13":"product_tag-on-nutrition","14":"product_tag-suplementos-guadalajara","15":"product_tag-venta","16":"product_tag-vidafitstore","18":"first","19":"outofstock","20":"shipping-taxable","21":"purchasable","22":"product-type-simple"},"_links":{"self":[{"href":"https:\/\/proviron.com.mx\/index.php\/wp-json\/wp\/v2\/product\/2707","targetHints":{"allow":["GET"]}}],"collection":[{"href":"https:\/\/proviron.com.mx\/index.php\/wp-json\/wp\/v2\/product"}],"about":[{"href":"https:\/\/proviron.com.mx\/index.php\/wp-json\/wp\/v2\/types\/product"}],"replies":[{"embeddable":true,"href":"https:\/\/proviron.com.mx\/index.php\/wp-json\/wp\/v2\/comments?post=2707"}],"wp:featuredmedia":[{"embeddable":true,"href":"https:\/\/proviron.com.mx\/index.php\/wp-json\/wp\/v2\/media\/2708"}],"wp:attachment":[{"href":"https:\/\/proviron.com.mx\/index.php\/wp-json\/wp\/v2\/media?parent=2707"}],"wp:term":[{"taxonomy":"product_brand","embeddable":true,"href":"https:\/\/proviron.com.mx\/index.php\/wp-json\/wp\/v2\/product_brand?post=2707"},{"taxonomy":"product_cat","embeddable":true,"href":"https:\/\/proviron.com.mx\/index.php\/wp-json\/wp\/v2\/product_cat?post=2707"},{"taxonomy":"product_tag","embeddable":true,"href":"https:\/\/proviron.com.mx\/index.php\/wp-json\/wp\/v2\/product_tag?post=2707"}],"curies":[{"name":"wp","href":"https:\/\/api.w.org\/{rel}","templated":true}]}}