{"id":2710,"date":"2022-06-12T21:44:31","date_gmt":"2022-06-13T02:44:31","guid":{"rendered":"http:\/\/proviron.com.mx\/?post_type=product&#038;p=2710"},"modified":"2025-05-09T22:19:37","modified_gmt":"2025-05-10T04:19:37","slug":"21-nutrex-lipo-6-black-uc-nghttime-30-ct","status":"publish","type":"product","link":"https:\/\/proviron.com.mx\/index.php\/producto\/21-nutrex-lipo-6-black-uc-nghttime-30-ct\/","title":{"rendered":"NUTREX LIPO 6 BLACK UC NGHTTIME 30 CT"},"content":{"rendered":"","protected":false},"excerpt":{"rendered":"<p>Ayuda a aumentar la quema de calo- r\u00edas nocturnas mientras duermes. Mejora su actividad metab\u00f3lica en reposo normal y promover un sue\u00f1o m\u00e1s profundo.<br \/>\nCrea un ambiente que es \u00f3ptimo para quemar grasa y perder peso.<br \/>\nNo solo se sentir\u00e1 m\u00e1s descansado al d\u00eda siguiente, sino que tambi\u00e9n notar\u00e1 un est\u00f3mago m\u00e1s plano y delgado. Reparaci\u00f3n muscular m\u00e1s r\u00e1pida des- pu\u00e9s de una buena noche de sue\u00f1o. Que despiertes durante la noche con antojos de comida y hambre son casi nulas.<br \/>\nP\u00e9rdida de peso nocturno y soporte para dormir.<br \/>\nAyuda a mejorar la actividad metab\u00f3li- ca.<br \/>\nPromueve la reparaci\u00f3n muscular durante sus horas de sue\u00f1o. Ayuda a controlar los deseos de alimentos nocturnos.<br \/>\nDespierta recuperado y recargado.<\/p>\n","protected":false},"featured_media":2711,"comment_status":"open","ping_status":"closed","template":"","meta":{"_joinchat":[]},"product_brand":[],"product_cat":[2448],"product_tag":[458,27,58,59,31,2473,462,62,63,54],"class_list":{"0":"post-2710","1":"product","2":"type-product","3":"status-publish","4":"has-post-thumbnail","6":"product_cat-quemadores","7":"product_tag-gat","8":"product_tag-gph-nutrition","9":"product_tag-gph-pharmaceuticals","10":"product_tag-mexico","11":"product_tag-mutant","12":"product_tag-nutrex-lipo-6-black-uc-nghttime-30-ct","13":"product_tag-on-nutrition","14":"product_tag-suplementos-guadalajara","15":"product_tag-venta","16":"product_tag-vidafitstore","18":"first","19":"instock","20":"shipping-taxable","21":"purchasable","22":"product-type-simple"},"_links":{"self":[{"href":"https:\/\/proviron.com.mx\/index.php\/wp-json\/wp\/v2\/product\/2710","targetHints":{"allow":["GET"]}}],"collection":[{"href":"https:\/\/proviron.com.mx\/index.php\/wp-json\/wp\/v2\/product"}],"about":[{"href":"https:\/\/proviron.com.mx\/index.php\/wp-json\/wp\/v2\/types\/product"}],"replies":[{"embeddable":true,"href":"https:\/\/proviron.com.mx\/index.php\/wp-json\/wp\/v2\/comments?post=2710"}],"wp:featuredmedia":[{"embeddable":true,"href":"https:\/\/proviron.com.mx\/index.php\/wp-json\/wp\/v2\/media\/2711"}],"wp:attachment":[{"href":"https:\/\/proviron.com.mx\/index.php\/wp-json\/wp\/v2\/media?parent=2710"}],"wp:term":[{"taxonomy":"product_brand","embeddable":true,"href":"https:\/\/proviron.com.mx\/index.php\/wp-json\/wp\/v2\/product_brand?post=2710"},{"taxonomy":"product_cat","embeddable":true,"href":"https:\/\/proviron.com.mx\/index.php\/wp-json\/wp\/v2\/product_cat?post=2710"},{"taxonomy":"product_tag","embeddable":true,"href":"https:\/\/proviron.com.mx\/index.php\/wp-json\/wp\/v2\/product_tag?post=2710"}],"curies":[{"name":"wp","href":"https:\/\/api.w.org\/{rel}","templated":true}]}}