{"id":2713,"date":"2022-06-12T21:44:32","date_gmt":"2022-06-13T02:44:32","guid":{"rendered":"http:\/\/proviron.com.mx\/?post_type=product&#038;p=2713"},"modified":"2025-05-09T22:19:38","modified_gmt":"2025-05-10T04:19:38","slug":"23-nutrex-lipo-6-black-uc-thyrolean-60-caps","status":"publish","type":"product","link":"https:\/\/proviron.com.mx\/index.php\/producto\/23-nutrex-lipo-6-black-uc-thyrolean-60-caps\/","title":{"rendered":"NUTREX LIPO 6 BLACK UC THYROLEAN 60 CAPS"},"content":{"rendered":"","protected":false},"excerpt":{"rendered":"<p>LIPO-6 BLACK THYROLEAN contiene la cantidad adecuada de ingredientes clave para apoyar la funci\u00f3n tiroidea \u00f3ptima. Este completo suplemento para la tiroides proporciona una dosis completa de KSM-66\u00ae Ashwagandha, que se ha demostrado en estudios cl\u00ednicos que realmente ayuda a mejo- rar la funci\u00f3n tiroidea y aumenta la capacidad de su cuerpo para adaptar- se al estr\u00e9s. Junto con los minerales esenciales, que son vitales en la forma- ci\u00f3n de las hormonas tiroideas, esta f\u00f3rmula lo cubre todo.<\/p>\n","protected":false},"featured_media":2714,"comment_status":"open","ping_status":"closed","template":"","meta":{"_joinchat":[]},"product_brand":[],"product_cat":[2448],"product_tag":[458,27,58,59,31,2474,462,62,63,54],"class_list":{"0":"post-2713","1":"product","2":"type-product","3":"status-publish","4":"has-post-thumbnail","6":"product_cat-quemadores","7":"product_tag-gat","8":"product_tag-gph-nutrition","9":"product_tag-gph-pharmaceuticals","10":"product_tag-mexico","11":"product_tag-mutant","12":"product_tag-nutrex-lipo-6-black-uc-thyrolean-60-caps","13":"product_tag-on-nutrition","14":"product_tag-suplementos-guadalajara","15":"product_tag-venta","16":"product_tag-vidafitstore","18":"first","19":"outofstock","20":"shipping-taxable","21":"purchasable","22":"product-type-simple"},"_links":{"self":[{"href":"https:\/\/proviron.com.mx\/index.php\/wp-json\/wp\/v2\/product\/2713","targetHints":{"allow":["GET"]}}],"collection":[{"href":"https:\/\/proviron.com.mx\/index.php\/wp-json\/wp\/v2\/product"}],"about":[{"href":"https:\/\/proviron.com.mx\/index.php\/wp-json\/wp\/v2\/types\/product"}],"replies":[{"embeddable":true,"href":"https:\/\/proviron.com.mx\/index.php\/wp-json\/wp\/v2\/comments?post=2713"}],"wp:featuredmedia":[{"embeddable":true,"href":"https:\/\/proviron.com.mx\/index.php\/wp-json\/wp\/v2\/media\/2714"}],"wp:attachment":[{"href":"https:\/\/proviron.com.mx\/index.php\/wp-json\/wp\/v2\/media?parent=2713"}],"wp:term":[{"taxonomy":"product_brand","embeddable":true,"href":"https:\/\/proviron.com.mx\/index.php\/wp-json\/wp\/v2\/product_brand?post=2713"},{"taxonomy":"product_cat","embeddable":true,"href":"https:\/\/proviron.com.mx\/index.php\/wp-json\/wp\/v2\/product_cat?post=2713"},{"taxonomy":"product_tag","embeddable":true,"href":"https:\/\/proviron.com.mx\/index.php\/wp-json\/wp\/v2\/product_tag?post=2713"}],"curies":[{"name":"wp","href":"https:\/\/api.w.org\/{rel}","templated":true}]}}