{"id":2716,"date":"2022-06-12T21:44:32","date_gmt":"2022-06-13T02:44:32","guid":{"rendered":"http:\/\/proviron.com.mx\/?post_type=product&#038;p=2716"},"modified":"2025-05-09T22:19:40","modified_gmt":"2025-05-10T04:19:40","slug":"25-nutrex-lipo-6-caffeine-60-caps","status":"publish","type":"product","link":"https:\/\/proviron.com.mx\/index.php\/producto\/25-nutrex-lipo-6-caffeine-60-caps\/","title":{"rendered":"NUTREX LIPO 6 CAFFEINE 60 CAPS"},"content":{"rendered":"","protected":false},"excerpt":{"rendered":"<p>LIPO-6 CAFFEINE encierra la energ\u00eda de 210mg de cafe\u00edna pura en una f\u00e1cil de usar, c\u00f3moda y de acci\u00f3n r\u00e1pida c\u00e1psula l\u00edquida.<br \/>\nLa cafe\u00edna pre-licuada entra en tu sistema r\u00e1pidamente y desencadena una serie de efectos que mejoran el rendimiento.<br \/>\nBenef\u00edciate de un aumento en la ener- g\u00eda, resistencia, estado de atenci\u00f3n mental, concentracion elevada, menor tiempo de reacci\u00f3n y menor fatiga.<br \/>\nEn cualquier momento que necesites una sacudida r\u00e1pida en el rendimiento mental y f\u00edsico LIPO-6 CAFFEINE te lo proporciona<\/p>\n","protected":false},"featured_media":2717,"comment_status":"open","ping_status":"closed","template":"","meta":{"_joinchat":[]},"product_brand":[],"product_cat":[2448],"product_tag":[458,27,58,59,31,2475,462,62,63,54],"class_list":{"0":"post-2716","1":"product","2":"type-product","3":"status-publish","4":"has-post-thumbnail","6":"product_cat-quemadores","7":"product_tag-gat","8":"product_tag-gph-nutrition","9":"product_tag-gph-pharmaceuticals","10":"product_tag-mexico","11":"product_tag-mutant","12":"product_tag-nutrex-lipo-6-caffeine-60-caps","13":"product_tag-on-nutrition","14":"product_tag-suplementos-guadalajara","15":"product_tag-venta","16":"product_tag-vidafitstore","18":"first","19":"outofstock","20":"shipping-taxable","21":"purchasable","22":"product-type-simple"},"_links":{"self":[{"href":"https:\/\/proviron.com.mx\/index.php\/wp-json\/wp\/v2\/product\/2716","targetHints":{"allow":["GET"]}}],"collection":[{"href":"https:\/\/proviron.com.mx\/index.php\/wp-json\/wp\/v2\/product"}],"about":[{"href":"https:\/\/proviron.com.mx\/index.php\/wp-json\/wp\/v2\/types\/product"}],"replies":[{"embeddable":true,"href":"https:\/\/proviron.com.mx\/index.php\/wp-json\/wp\/v2\/comments?post=2716"}],"wp:featuredmedia":[{"embeddable":true,"href":"https:\/\/proviron.com.mx\/index.php\/wp-json\/wp\/v2\/media\/2717"}],"wp:attachment":[{"href":"https:\/\/proviron.com.mx\/index.php\/wp-json\/wp\/v2\/media?parent=2716"}],"wp:term":[{"taxonomy":"product_brand","embeddable":true,"href":"https:\/\/proviron.com.mx\/index.php\/wp-json\/wp\/v2\/product_brand?post=2716"},{"taxonomy":"product_cat","embeddable":true,"href":"https:\/\/proviron.com.mx\/index.php\/wp-json\/wp\/v2\/product_cat?post=2716"},{"taxonomy":"product_tag","embeddable":true,"href":"https:\/\/proviron.com.mx\/index.php\/wp-json\/wp\/v2\/product_tag?post=2716"}],"curies":[{"name":"wp","href":"https:\/\/api.w.org\/{rel}","templated":true}]}}