{"id":2719,"date":"2022-06-12T21:44:32","date_gmt":"2022-06-13T02:44:32","guid":{"rendered":"http:\/\/proviron.com.mx\/?post_type=product&#038;p=2719"},"modified":"2025-05-09T22:19:44","modified_gmt":"2025-05-10T04:19:44","slug":"32-nutrex-lipo-6-defining-gel","status":"publish","type":"product","link":"https:\/\/proviron.com.mx\/index.php\/producto\/32-nutrex-lipo-6-defining-gel\/","title":{"rendered":"NUTREX LIPO 6 DEFINING GEL"},"content":{"rendered":"","protected":false},"excerpt":{"rendered":"<p>Lipo 6 Defining Gel de Nutrex Research es un gel de \u00faltima genera- ci\u00f3n dise\u00f1ado para reducir la grasa localizada de las \u00e1reas m\u00e1s dif\u00edciles. El equipo de Nutrex tras a\u00f1os de investi- gaci\u00f3n ha desarrollado el arma perfec- ta para atacar directamente las \u00e1reas de grasa m\u00e1s rebeldes como son el abdomen, la espalda baja, los gl\u00fateos y los muslos.<br \/>\nLipo 6 Defining Gel te ofrece una com- binaci\u00f3n exclusiva de ingredientes cl\u00ednicamente probados para eliminar la grasa de estas \u00e1reas mediante el uso de la tecnolog\u00eda TopiSorbTM altamente especializada.<br \/>\nSimplemente aplica Lipo 6 Defining Gel en cualquier \u00e1rea donde tenga grasa localizada y su f\u00f3rmula se absor- ber\u00e1 r\u00e1pidamente para trabajar sobre los dep\u00f3sitos de grasa, lo que resultar\u00e1 en un aumento de la termog\u00e9nesis en la grasa tanto subcut\u00e1nea como visce- ral.<\/p>\n","protected":false},"featured_media":2720,"comment_status":"open","ping_status":"closed","template":"","meta":{"_joinchat":[]},"product_brand":[],"product_cat":[2448],"product_tag":[458,27,58,59,31,2476,462,62,63,54],"class_list":{"0":"post-2719","1":"product","2":"type-product","3":"status-publish","4":"has-post-thumbnail","6":"product_cat-quemadores","7":"product_tag-gat","8":"product_tag-gph-nutrition","9":"product_tag-gph-pharmaceuticals","10":"product_tag-mexico","11":"product_tag-mutant","12":"product_tag-nutrex-lipo-6-defining-gel","13":"product_tag-on-nutrition","14":"product_tag-suplementos-guadalajara","15":"product_tag-venta","16":"product_tag-vidafitstore","18":"first","19":"outofstock","20":"shipping-taxable","21":"purchasable","22":"product-type-simple"},"_links":{"self":[{"href":"https:\/\/proviron.com.mx\/index.php\/wp-json\/wp\/v2\/product\/2719","targetHints":{"allow":["GET"]}}],"collection":[{"href":"https:\/\/proviron.com.mx\/index.php\/wp-json\/wp\/v2\/product"}],"about":[{"href":"https:\/\/proviron.com.mx\/index.php\/wp-json\/wp\/v2\/types\/product"}],"replies":[{"embeddable":true,"href":"https:\/\/proviron.com.mx\/index.php\/wp-json\/wp\/v2\/comments?post=2719"}],"wp:featuredmedia":[{"embeddable":true,"href":"https:\/\/proviron.com.mx\/index.php\/wp-json\/wp\/v2\/media\/2720"}],"wp:attachment":[{"href":"https:\/\/proviron.com.mx\/index.php\/wp-json\/wp\/v2\/media?parent=2719"}],"wp:term":[{"taxonomy":"product_brand","embeddable":true,"href":"https:\/\/proviron.com.mx\/index.php\/wp-json\/wp\/v2\/product_brand?post=2719"},{"taxonomy":"product_cat","embeddable":true,"href":"https:\/\/proviron.com.mx\/index.php\/wp-json\/wp\/v2\/product_cat?post=2719"},{"taxonomy":"product_tag","embeddable":true,"href":"https:\/\/proviron.com.mx\/index.php\/wp-json\/wp\/v2\/product_tag?post=2719"}],"curies":[{"name":"wp","href":"https:\/\/api.w.org\/{rel}","templated":true}]}}