{"id":2730,"date":"2022-06-12T21:44:36","date_gmt":"2022-06-13T02:44:36","guid":{"rendered":"http:\/\/proviron.com.mx\/?post_type=product&#038;p=2730"},"modified":"2025-05-09T22:19:50","modified_gmt":"2025-05-10T04:19:50","slug":"10-gat-imunology-vira-shield-60-caps","status":"publish","type":"product","link":"https:\/\/proviron.com.mx\/index.php\/producto\/10-gat-imunology-vira-shield-60-caps\/","title":{"rendered":"GAT IMUNOLOGY VIRA SHIELD 60 CAPS"},"content":{"rendered":"","protected":false},"excerpt":{"rendered":"<p>Vira &#8211; Shield TM es una f\u00f3rmula de defensa \u00fanica con ingredientes que estimulan el sistema respiratorio y el sistema inmunol\u00f3gico con Quercefit\u00ae , un poderoso antioxidante que ayuda a mejorar la salud respiratoria, ayuda a estimular la inmunidad y es veinte veces m\u00e1s potente que la quercetina . Esta f\u00f3rmula tambi\u00e9n contiene Andro- graphis Paniculata , para ayudar a mejorar el sistema inmunol\u00f3gico, y tiene propiedades antiinflamatorias naturales. Finalmente, el extracto de corteza de Betula Alba se incluye en la f\u00f3rmula con su alta estandarizaci\u00f3n para el \u00e1cido betul\u00ednico que contiene fuertes propiedades antivirales.<br \/>\nLa inmunidad no es algo que pueda tomarse a la ligera. Es una necesidad para ayudar a proteger su salud y longevidad. Por eso naci\u00f3 la Inmuno- log\u00eda.<\/p>\n","protected":false},"featured_media":2731,"comment_status":"open","ping_status":"closed","template":"","meta":{"_joinchat":[]},"product_brand":[],"product_cat":[2479],"product_tag":[2485,2480,42,43,44,2486,46,48,2487,2488,50,51,52,2484,54],"class_list":{"0":"post-2730","1":"product","2":"type-product","3":"status-publish","4":"has-post-thumbnail","6":"product_cat-vitaminas","7":"product_tag-gat-imunology-vira-shield-60-caps","8":"product_tag-multivitaminico-zapopan","9":"product_tag-venta-esteroides-anabolicos-en-guadalajara","10":"product_tag-venta-esteroides-anabolicos-en-monterrey","11":"product_tag-venta-esteroides-anabolicos-mexico","12":"product_tag-venta-gat-inmunology-vira-shields-en-guadalajara","13":"product_tag-venta-samrs-guadalajara","14":"product_tag-venta-suplementos-en-mexico","15":"product_tag-venta-suplementos-gat-guadalajara","16":"product_tag-venta-suplementos-gat-zapopan","17":"product_tag-venta-suplementos-gph-nutrition","18":"product_tag-venta-suplementos-guadalajara","19":"product_tag-venta-suplementos-monterrey","20":"product_tag-venta-vitaminas-guadalajara-jalisco","21":"product_tag-vidafitstore","23":"first","24":"outofstock","25":"shipping-taxable","26":"purchasable","27":"product-type-simple"},"_links":{"self":[{"href":"https:\/\/proviron.com.mx\/index.php\/wp-json\/wp\/v2\/product\/2730","targetHints":{"allow":["GET"]}}],"collection":[{"href":"https:\/\/proviron.com.mx\/index.php\/wp-json\/wp\/v2\/product"}],"about":[{"href":"https:\/\/proviron.com.mx\/index.php\/wp-json\/wp\/v2\/types\/product"}],"replies":[{"embeddable":true,"href":"https:\/\/proviron.com.mx\/index.php\/wp-json\/wp\/v2\/comments?post=2730"}],"wp:featuredmedia":[{"embeddable":true,"href":"https:\/\/proviron.com.mx\/index.php\/wp-json\/wp\/v2\/media\/2731"}],"wp:attachment":[{"href":"https:\/\/proviron.com.mx\/index.php\/wp-json\/wp\/v2\/media?parent=2730"}],"wp:term":[{"taxonomy":"product_brand","embeddable":true,"href":"https:\/\/proviron.com.mx\/index.php\/wp-json\/wp\/v2\/product_brand?post=2730"},{"taxonomy":"product_cat","embeddable":true,"href":"https:\/\/proviron.com.mx\/index.php\/wp-json\/wp\/v2\/product_cat?post=2730"},{"taxonomy":"product_tag","embeddable":true,"href":"https:\/\/proviron.com.mx\/index.php\/wp-json\/wp\/v2\/product_tag?post=2730"}],"curies":[{"name":"wp","href":"https:\/\/api.w.org\/{rel}","templated":true}]}}