{"id":2736,"date":"2022-06-12T21:44:36","date_gmt":"2022-06-13T02:44:36","guid":{"rendered":"http:\/\/proviron.com.mx\/?post_type=product&#038;p=2736"},"modified":"2025-05-09T22:19:56","modified_gmt":"2025-05-10T04:19:56","slug":"15-muscle-tech-platinum-multi-vitamin-90-cts","status":"publish","type":"product","link":"https:\/\/proviron.com.mx\/index.php\/producto\/15-muscle-tech-platinum-multi-vitamin-90-cts\/","title":{"rendered":"MUSCLE TECH PLATINUM MULTIVITAMIN 90CTS"},"content":{"rendered":"","protected":false},"excerpt":{"rendered":"<p>Platinum Multivitamin de Muscletech es un multivitam\u00ednico y mineral que proporciona micronutrientes b\u00e1sicos para el mantenimiento de la salud y del rendimiento deportivo intenso.<br \/>\nEste suplemento nutricional ha sido reforzado con una matriz de soporte a base de amino\u00e1cidos, una matriz herbal y un complejo enzim\u00e1tico a base de papa\u00edna y amilasa, para facili- tar la digesti\u00f3n<\/p>\n","protected":false},"featured_media":2737,"comment_status":"open","ping_status":"closed","template":"","meta":{"_joinchat":[]},"product_brand":[],"product_cat":[2479],"product_tag":[2480,2492,42,43,44,2493,46,48,50,51,52,2494,2162,2484,54],"class_list":{"0":"post-2736","1":"product","2":"type-product","3":"status-publish","4":"has-post-thumbnail","6":"product_cat-vitaminas","7":"product_tag-multivitaminico-zapopan","8":"product_tag-muscle-tech-platinum-multivitamin-90cts","9":"product_tag-venta-esteroides-anabolicos-en-guadalajara","10":"product_tag-venta-esteroides-anabolicos-en-monterrey","11":"product_tag-venta-esteroides-anabolicos-mexico","12":"product_tag-venta-muscle-tech-platinum-multivitaminico-en-guadalajara-jalisco","13":"product_tag-venta-samrs-guadalajara","14":"product_tag-venta-suplementos-en-mexico","15":"product_tag-venta-suplementos-gph-nutrition","16":"product_tag-venta-suplementos-guadalajara","17":"product_tag-venta-suplementos-monterrey","18":"product_tag-venta-suplementos-muscle-tech-guadalajara","19":"product_tag-venta-suplementos-muscle-tech-zapopan","20":"product_tag-venta-vitaminas-guadalajara-jalisco","21":"product_tag-vidafitstore","23":"first","24":"instock","25":"shipping-taxable","26":"purchasable","27":"product-type-simple"},"_links":{"self":[{"href":"https:\/\/proviron.com.mx\/index.php\/wp-json\/wp\/v2\/product\/2736","targetHints":{"allow":["GET"]}}],"collection":[{"href":"https:\/\/proviron.com.mx\/index.php\/wp-json\/wp\/v2\/product"}],"about":[{"href":"https:\/\/proviron.com.mx\/index.php\/wp-json\/wp\/v2\/types\/product"}],"replies":[{"embeddable":true,"href":"https:\/\/proviron.com.mx\/index.php\/wp-json\/wp\/v2\/comments?post=2736"}],"wp:featuredmedia":[{"embeddable":true,"href":"https:\/\/proviron.com.mx\/index.php\/wp-json\/wp\/v2\/media\/2737"}],"wp:attachment":[{"href":"https:\/\/proviron.com.mx\/index.php\/wp-json\/wp\/v2\/media?parent=2736"}],"wp:term":[{"taxonomy":"product_brand","embeddable":true,"href":"https:\/\/proviron.com.mx\/index.php\/wp-json\/wp\/v2\/product_brand?post=2736"},{"taxonomy":"product_cat","embeddable":true,"href":"https:\/\/proviron.com.mx\/index.php\/wp-json\/wp\/v2\/product_cat?post=2736"},{"taxonomy":"product_tag","embeddable":true,"href":"https:\/\/proviron.com.mx\/index.php\/wp-json\/wp\/v2\/product_tag?post=2736"}],"curies":[{"name":"wp","href":"https:\/\/api.w.org\/{rel}","templated":true}]}}