{"id":2745,"date":"2022-06-12T21:44:37","date_gmt":"2022-06-13T02:44:37","guid":{"rendered":"http:\/\/proviron.com.mx\/?post_type=product&#038;p=2745"},"modified":"2025-05-09T22:20:02","modified_gmt":"2025-05-10T04:20:02","slug":"27-gat-zmag-t-90-caps","status":"publish","type":"product","link":"https:\/\/proviron.com.mx\/index.php\/producto\/27-gat-zmag-t-90-caps\/","title":{"rendered":"GAT ZMAG T 90 CAPS"},"content":{"rendered":"","protected":false},"excerpt":{"rendered":"<p>Promueve la producci\u00f3n de testoste- rona y un sue\u00f1o saludable!<br \/>\nZmag-T es un producto de nutrici\u00f3n deportiva ruptura que ayuda con la crianza de los niveles de testosterona y el rendimiento muscular. Contiene boro para el desarrollo musculoes- quel\u00e9tico y el apoyo de la hormona al tiempo que mejora la recuperaci\u00f3n, ayudando a proporcionar un mejor sue\u00f1o.<br \/>\nEsencial<br \/>\nZinc, magnesio, vitamina B6 Plus Boron<br \/>\nSuplemento diet\u00e9tico<br \/>\nAumentar el tama\u00f1o muscular y fuerza<br \/>\nPromueve la producci\u00f3n de testoste- rona y un sue\u00f1o saludable<br \/>\nBuena Producci\u00f3n Fabricaci\u00f3n &#8211; GMP Soporte de recuperaci\u00f3n durante la noche<br \/>\nZmag-T es una vitamina cient\u00edfica- mente avanzada y nutrac\u00e9utico a base de minerales que:<br \/>\nAsiste con la crianza de los niveles de testosterona y el rendimiento muscu- lar.<br \/>\nMejora la recuperaci\u00f3n y ayudando a proporcionar una mejor noche de sue\u00f1o.<br \/>\nCon Albion Bororganic glicina para el desarrollo musculoesquel\u00e9tico y el apoyo de la hormona<\/p>\n","protected":false},"featured_media":2746,"comment_status":"open","ping_status":"closed","template":"","meta":{"_joinchat":[]},"product_brand":[],"product_cat":[2479],"product_tag":[2499,2480,42,43,44,2500,46,48,2487,50,51,52,2359,2484,54],"class_list":{"0":"post-2745","1":"product","2":"type-product","3":"status-publish","4":"has-post-thumbnail","6":"product_cat-vitaminas","7":"product_tag-gat-zmag-t-90-caps","8":"product_tag-multivitaminico-zapopan","9":"product_tag-venta-esteroides-anabolicos-en-guadalajara","10":"product_tag-venta-esteroides-anabolicos-en-monterrey","11":"product_tag-venta-esteroides-anabolicos-mexico","12":"product_tag-venta-gat-zmag-t-en-zapopan-jalisco","13":"product_tag-venta-samrs-guadalajara","14":"product_tag-venta-suplementos-en-mexico","15":"product_tag-venta-suplementos-gat-guadalajara","16":"product_tag-venta-suplementos-gph-nutrition","17":"product_tag-venta-suplementos-guadalajara","18":"product_tag-venta-suplementos-monterrey","19":"product_tag-venta-suplementos-mutant-zapopan","20":"product_tag-venta-vitaminas-guadalajara-jalisco","21":"product_tag-vidafitstore","23":"first","24":"outofstock","25":"shipping-taxable","26":"purchasable","27":"product-type-simple"},"_links":{"self":[{"href":"https:\/\/proviron.com.mx\/index.php\/wp-json\/wp\/v2\/product\/2745","targetHints":{"allow":["GET"]}}],"collection":[{"href":"https:\/\/proviron.com.mx\/index.php\/wp-json\/wp\/v2\/product"}],"about":[{"href":"https:\/\/proviron.com.mx\/index.php\/wp-json\/wp\/v2\/types\/product"}],"replies":[{"embeddable":true,"href":"https:\/\/proviron.com.mx\/index.php\/wp-json\/wp\/v2\/comments?post=2745"}],"wp:featuredmedia":[{"embeddable":true,"href":"https:\/\/proviron.com.mx\/index.php\/wp-json\/wp\/v2\/media\/2746"}],"wp:attachment":[{"href":"https:\/\/proviron.com.mx\/index.php\/wp-json\/wp\/v2\/media?parent=2745"}],"wp:term":[{"taxonomy":"product_brand","embeddable":true,"href":"https:\/\/proviron.com.mx\/index.php\/wp-json\/wp\/v2\/product_brand?post=2745"},{"taxonomy":"product_cat","embeddable":true,"href":"https:\/\/proviron.com.mx\/index.php\/wp-json\/wp\/v2\/product_cat?post=2745"},{"taxonomy":"product_tag","embeddable":true,"href":"https:\/\/proviron.com.mx\/index.php\/wp-json\/wp\/v2\/product_tag?post=2745"}],"curies":[{"name":"wp","href":"https:\/\/api.w.org\/{rel}","templated":true}]}}