{"id":2748,"date":"2022-06-12T21:44:37","date_gmt":"2022-06-13T02:44:37","guid":{"rendered":"http:\/\/proviron.com.mx\/?post_type=product&#038;p=2748"},"modified":"2025-05-09T22:20:04","modified_gmt":"2025-05-10T04:20:04","slug":"29-gat-multi-vitamin-test-150-ct","status":"publish","type":"product","link":"https:\/\/proviron.com.mx\/index.php\/producto\/29-gat-multi-vitamin-test-150-ct\/","title":{"rendered":"GAT MULTI TEST 150 CT"},"content":{"rendered":"","protected":false},"excerpt":{"rendered":"<p>Contenido: 150 tabletas Servicios : 75 Multivitam\u00ednico con soporte de testos- terona Men&#8217;s Multi + Test es un multi- vitam\u00ednico completo de vitaminas, minerales y energ\u00eda con el ingrediente de virilidad masculino Tribulus Terris- tis. La prueba Multi + para hombres ofrece a los atletas un apoyo s\u00f3lido para las deficiencias de nutrientes que puedan necesitar con un apoyo adi- cional de testosterona. * Otros ingre- dientes: fosfato dic\u00e1lcico, celulosa microcristalina, \u00e1cido este\u00e1rico, cros- carmelosa s\u00f3dica, estearato de mag- nesio, di\u00f3xido de silicio, esmalte farmac\u00e9utico (goma laca, povidona).<\/p>\n","protected":false},"featured_media":2749,"comment_status":"open","ping_status":"closed","template":"","meta":{"_joinchat":[]},"product_brand":[],"product_cat":[2479],"product_tag":[2501,2502,2480,42,43,44,2503,46,48,2487,50,51,52,2359,2484,54],"class_list":{"0":"post-2748","1":"product","2":"type-product","3":"status-publish","4":"has-post-thumbnail","6":"product_cat-vitaminas","7":"product_tag-gat-multi-test-150-ct","8":"product_tag-gat-sport","9":"product_tag-multivitaminico-zapopan","10":"product_tag-venta-esteroides-anabolicos-en-guadalajara","11":"product_tag-venta-esteroides-anabolicos-en-monterrey","12":"product_tag-venta-esteroides-anabolicos-mexico","13":"product_tag-venta-gat-multitest-en-guadalajara","14":"product_tag-venta-samrs-guadalajara","15":"product_tag-venta-suplementos-en-mexico","16":"product_tag-venta-suplementos-gat-guadalajara","17":"product_tag-venta-suplementos-gph-nutrition","18":"product_tag-venta-suplementos-guadalajara","19":"product_tag-venta-suplementos-monterrey","20":"product_tag-venta-suplementos-mutant-zapopan","21":"product_tag-venta-vitaminas-guadalajara-jalisco","22":"product_tag-vidafitstore","24":"first","25":"outofstock","26":"shipping-taxable","27":"purchasable","28":"product-type-simple"},"_links":{"self":[{"href":"https:\/\/proviron.com.mx\/index.php\/wp-json\/wp\/v2\/product\/2748","targetHints":{"allow":["GET"]}}],"collection":[{"href":"https:\/\/proviron.com.mx\/index.php\/wp-json\/wp\/v2\/product"}],"about":[{"href":"https:\/\/proviron.com.mx\/index.php\/wp-json\/wp\/v2\/types\/product"}],"replies":[{"embeddable":true,"href":"https:\/\/proviron.com.mx\/index.php\/wp-json\/wp\/v2\/comments?post=2748"}],"wp:featuredmedia":[{"embeddable":true,"href":"https:\/\/proviron.com.mx\/index.php\/wp-json\/wp\/v2\/media\/2749"}],"wp:attachment":[{"href":"https:\/\/proviron.com.mx\/index.php\/wp-json\/wp\/v2\/media?parent=2748"}],"wp:term":[{"taxonomy":"product_brand","embeddable":true,"href":"https:\/\/proviron.com.mx\/index.php\/wp-json\/wp\/v2\/product_brand?post=2748"},{"taxonomy":"product_cat","embeddable":true,"href":"https:\/\/proviron.com.mx\/index.php\/wp-json\/wp\/v2\/product_cat?post=2748"},{"taxonomy":"product_tag","embeddable":true,"href":"https:\/\/proviron.com.mx\/index.php\/wp-json\/wp\/v2\/product_tag?post=2748"}],"curies":[{"name":"wp","href":"https:\/\/api.w.org\/{rel}","templated":true}]}}