{"id":279,"date":"2022-06-12T21:44:23","date_gmt":"2022-06-13T02:44:23","guid":{"rendered":"http:\/\/proviron.com.mx\/?post_type=product&#038;p=279"},"modified":"2025-05-09T22:18:33","modified_gmt":"2025-05-10T04:18:33","slug":"muscle-tech-nitro-tech-ripped-5-lbs","status":"publish","type":"product","link":"https:\/\/proviron.com.mx\/index.php\/producto\/muscle-tech-nitro-tech-ripped-5-lbs\/","title":{"rendered":"Muscle Tech &#8211; Nitro Tech Ripped 5 Lbs"},"content":{"rendered":"<p>Muscle Tech &#8211; Nitro Tech Ripped 5 Lbs &#8211; Suplementos Guadalajara<\/p>\n<div id=\"attachment_2319\" style=\"width: 310px\" class=\"wp-caption alignnone\"><img fetchpriority=\"high\" decoding=\"async\" aria-describedby=\"caption-attachment-2319\" src=\"http:\/\/proviron.com.mx\/wp-content\/uploads\/2022\/06\/10-MUSCLE-TECH-NITRO-TECH-RIPPED-4-LBS-1-300x300.png\" alt=\"Muscle Tech - Nitro Tech Ripped 5 Lbs - Suplementos Guadalajara\" width=\"300\" height=\"300\" class=\"size-medium wp-image-2319\" \/><p id=\"caption-attachment-2319\" class=\"wp-caption-text\">Muscle Tech &#8211; Nitro Tech Ripped 5 Lbs &#8211; Suplementos Guadalajara<\/p><\/div>\n<p><a href=\"http:\/\/proviron.com.mx\">http:\/\/proviron.com.mx<\/a><\/p>\n<p><a href=\"http:\/\/proviron.com.mx\">http:\/\/proviron.com.mx<\/a><\/p>\n<p>&nbsp;<\/p>\n","protected":false},"excerpt":{"rendered":"<p>Muscle Tech &#8211; Nitro Tech Ripped 5 Lbs &#8211; Suplementos Guadalajara<\/p>\n<p>NITRO-TECH RIPPED Compuesta de P\u00e9ptidos de prote\u00edna de suero supe- riores para la construcci\u00f3n de m\u00fasculo magro mejorada con una p\u00e9rdida de peso cient\u00edficamente probado com- pleja f\u00f3rmula avanzada con L-Carniti- na y CLA<br \/>\nProte\u00edna + P\u00e9rdida de Peso MuscleTech una f\u00f3rmula capaz de brindar prote\u00ednas de la m\u00e1s alta cali- dad y adem\u00e1s ayuda a la perdida de peso con resultados reales. A diferen- cia de la competencia, cada porci\u00f3n de NITRO-TECH RIPPED libera una dosis estudiado cient\u00edficamente de su ingrediente clave de la p\u00e9rdida de peso, C. canephora robusta, que est\u00e1 respaldado por dos estudios compro- bados, y en que se puede confiar!<\/p>\n","protected":false},"featured_media":2635,"comment_status":"open","ping_status":"closed","template":"","meta":{"_joinchat":[]},"product_brand":[],"product_cat":[474,1511],"product_tag":[1783,24101,24102,24103,24104,24105,24106,24107,24108,24109,190,205,2031,24110,24111,24112,24113,24114,24115,24116,546,547,548,42,43,44,24117,24118,24119,24120,24121,24122,24123,24124,24125,24126,24127,24128,24129,566,567,568,46,48,50,51,52,2494,2162,54],"class_list":{"0":"post-279","1":"product","2":"type-product","3":"status-publish","4":"has-post-thumbnail","6":"product_cat-proteinas","7":"product_cat-whey","8":"product_tag-monterrey","9":"product_tag-muscle-tech-nitro-tech-ripped-5-lbs-suplementos-guadalajara","10":"product_tag-muscle-tech-nitro-tech-ripped-4-lbs","11":"product_tag-muscle-tech-nitro-tech-ripped-4lbs-en-monterrey","12":"product_tag-muscle-tech-nitro-tech-ripped-4lbs-guadalajara","13":"product_tag-muscle-tech-nitro-tech-ripped-4lbs-mexico","14":"product_tag-muscle-tech-nitro-tech-ripped-4lbs-proteina","15":"product_tag-muscle-tech-nitro-tech-ripped-4lbs-tlajomulco","16":"product_tag-muscle-tech-nitro-tech-ripped-4lbs-tlaquepaque","17":"product_tag-muscle-tech-nitro-tech-ripped-4lbs-zapopan","18":"product_tag-proteina-en-guadalajara","19":"product_tag-proteina-en-zapopan","20":"product_tag-proteinas-zapopan","21":"product_tag-venta-de-muscle-tech-nitro-tech-ripped-4lbs","22":"product_tag-venta-de-muscle-tech-nitro-tech-ripped-4lbs-en-monterrey","23":"product_tag-venta-de-muscle-tech-nitro-tech-ripped-4lbs-guadalajara","24":"product_tag-venta-de-muscle-tech-nitro-tech-ripped-4lbs-mexico","25":"product_tag-venta-de-muscle-tech-nitro-tech-ripped-4lbs-tlajomulco","26":"product_tag-venta-de-muscle-tech-nitro-tech-ripped-4lbs-tlaquepaque","27":"product_tag-venta-de-muscle-tech-nitro-tech-ripped-4lbs-zapopan","28":"product_tag-venta-de-proteina","29":"product_tag-venta-de-proteina-en-guadalajara","30":"product_tag-venta-de-proteina-en-zapopan","31":"product_tag-venta-esteroides-anabolicos-en-guadalajara","32":"product_tag-venta-esteroides-anabolicos-en-monterrey","33":"product_tag-venta-esteroides-anabolicos-mexico","34":"product_tag-venta-muscle-tech-nitro-tech-ripped-4-lbs-jalisco","35":"product_tag-venta-muscle-tech-nitro-tech-ripped-4lbs","36":"product_tag-venta-muscle-tech-nitro-tech-ripped-4lbs-en-guadalajara","37":"product_tag-venta-muscle-tech-nitro-tech-ripped-4lbs-en-mexico","38":"product_tag-venta-muscle-tech-nitro-tech-ripped-4lbs-en-monterrey","39":"product_tag-venta-muscle-tech-nitro-tech-ripped-4lbs-en-tlajomulco","40":"product_tag-venta-muscle-tech-nitro-tech-ripped-4lbs-en-tlaquepaque","41":"product_tag-venta-muscle-tech-nitro-tech-ripped-4lbs-en-zapopan","42":"product_tag-venta-muscle-tech-nitro-tech-ripped-4lbs-guadalajara","43":"product_tag-venta-muscle-tech-nitro-tech-ripped-4lbs-mexico","44":"product_tag-venta-muscle-tech-nitro-tech-ripped-4lbs-tlajomulco","45":"product_tag-venta-muscle-tech-nitro-tech-ripped-4lbs-tlaquepaque","46":"product_tag-venta-muscle-tech-nitro-tech-ripped-4lbs-zapopan","47":"product_tag-venta-proteina","48":"product_tag-venta-proteina-en-jalisco-venta-de-proteina-en-tlaquepaque","49":"product_tag-venta-proteinas-guadalajara-jalisco","50":"product_tag-venta-samrs-guadalajara","51":"product_tag-venta-suplementos-en-mexico","52":"product_tag-venta-suplementos-gph-nutrition","53":"product_tag-venta-suplementos-guadalajara","54":"product_tag-venta-suplementos-monterrey","55":"product_tag-venta-suplementos-muscle-tech-guadalajara","56":"product_tag-venta-suplementos-muscle-tech-zapopan","57":"product_tag-vidafitstore","59":"first","60":"instock","61":"shipping-taxable","62":"purchasable","63":"product-type-simple"},"_links":{"self":[{"href":"https:\/\/proviron.com.mx\/index.php\/wp-json\/wp\/v2\/product\/279","targetHints":{"allow":["GET"]}}],"collection":[{"href":"https:\/\/proviron.com.mx\/index.php\/wp-json\/wp\/v2\/product"}],"about":[{"href":"https:\/\/proviron.com.mx\/index.php\/wp-json\/wp\/v2\/types\/product"}],"replies":[{"embeddable":true,"href":"https:\/\/proviron.com.mx\/index.php\/wp-json\/wp\/v2\/comments?post=279"}],"wp:featuredmedia":[{"embeddable":true,"href":"https:\/\/proviron.com.mx\/index.php\/wp-json\/wp\/v2\/media\/2635"}],"wp:attachment":[{"href":"https:\/\/proviron.com.mx\/index.php\/wp-json\/wp\/v2\/media?parent=279"}],"wp:term":[{"taxonomy":"product_brand","embeddable":true,"href":"https:\/\/proviron.com.mx\/index.php\/wp-json\/wp\/v2\/product_brand?post=279"},{"taxonomy":"product_cat","embeddable":true,"href":"https:\/\/proviron.com.mx\/index.php\/wp-json\/wp\/v2\/product_cat?post=279"},{"taxonomy":"product_tag","embeddable":true,"href":"https:\/\/proviron.com.mx\/index.php\/wp-json\/wp\/v2\/product_tag?post=279"}],"curies":[{"name":"wp","href":"https:\/\/api.w.org\/{rel}","templated":true}]}}