{"id":2796,"date":"2022-06-13T10:39:24","date_gmt":"2022-06-13T15:39:24","guid":{"rendered":"http:\/\/proviron.com.mx\/?post_type=product&#038;p=2796"},"modified":"2025-05-09T22:22:10","modified_gmt":"2025-05-10T04:22:10","slug":"testosterona-heptylate","status":"publish","type":"product","link":"https:\/\/proviron.com.mx\/index.php\/producto\/testosterona-heptylate\/","title":{"rendered":"Testosterona Heptylate 10ml\/400mg Balkam"},"content":{"rendered":"","protected":false},"excerpt":{"rendered":"<p>es magn\u00edfico para el desarrollo r\u00e1pido de solidez y volumen parece tener un efecto m\u00e1s s\u00f3lido que el enantato, o cipionato<br \/>\nAROMATIZA: Si PRESENTACI\u00d3N: 400mg \/10ml MADE IN: USA<\/p>\n","protected":false},"featured_media":2797,"comment_status":"open","ping_status":"closed","template":"","meta":{"_joinchat":[]},"product_brand":[],"product_cat":[2507],"product_tag":[2524,2560,7430,7431,7432,7433,5896,5897,527,1968,3444,3558,3653,7434,3837,63,54],"class_list":{"0":"post-2796","1":"product","2":"type-product","3":"status-publish","4":"has-post-thumbnail","6":"product_cat-esteroides-anabolicos","7":"product_tag-anabolicos","8":"product_tag-balkam","9":"product_tag-cipionate","10":"product_tag-cipionato","11":"product_tag-enantato","12":"product_tag-enanthate","13":"product_tag-esteroides","14":"product_tag-esteroides-anabolicos-venta","15":"product_tag-geropharm","16":"product_tag-guadalajara","17":"product_tag-sostenon-250","18":"product_tag-sustanon","19":"product_tag-testosterona","20":"product_tag-testosterona-heptylate-10ml-400mg-balkam","21":"product_tag-testoviron","22":"product_tag-venta","23":"product_tag-vidafitstore","25":"first","26":"instock","27":"shipping-taxable","28":"purchasable","29":"product-type-simple"},"_links":{"self":[{"href":"https:\/\/proviron.com.mx\/index.php\/wp-json\/wp\/v2\/product\/2796","targetHints":{"allow":["GET"]}}],"collection":[{"href":"https:\/\/proviron.com.mx\/index.php\/wp-json\/wp\/v2\/product"}],"about":[{"href":"https:\/\/proviron.com.mx\/index.php\/wp-json\/wp\/v2\/types\/product"}],"replies":[{"embeddable":true,"href":"https:\/\/proviron.com.mx\/index.php\/wp-json\/wp\/v2\/comments?post=2796"}],"wp:featuredmedia":[{"embeddable":true,"href":"https:\/\/proviron.com.mx\/index.php\/wp-json\/wp\/v2\/media\/2797"}],"wp:attachment":[{"href":"https:\/\/proviron.com.mx\/index.php\/wp-json\/wp\/v2\/media?parent=2796"}],"wp:term":[{"taxonomy":"product_brand","embeddable":true,"href":"https:\/\/proviron.com.mx\/index.php\/wp-json\/wp\/v2\/product_brand?post=2796"},{"taxonomy":"product_cat","embeddable":true,"href":"https:\/\/proviron.com.mx\/index.php\/wp-json\/wp\/v2\/product_cat?post=2796"},{"taxonomy":"product_tag","embeddable":true,"href":"https:\/\/proviron.com.mx\/index.php\/wp-json\/wp\/v2\/product_tag?post=2796"}],"curies":[{"name":"wp","href":"https:\/\/api.w.org\/{rel}","templated":true}]}}