{"id":2798,"date":"2022-06-13T10:39:24","date_gmt":"2022-06-13T15:39:24","guid":{"rendered":"http:\/\/proviron.com.mx\/?post_type=product&#038;p=2798"},"modified":"2025-05-09T22:22:11","modified_gmt":"2025-05-10T04:22:11","slug":"danabol","status":"publish","type":"product","link":"https:\/\/proviron.com.mx\/index.php\/producto\/danabol\/","title":{"rendered":"Danabol 10ml\/100mg Balkam"},"content":{"rendered":"","protected":false},"excerpt":{"rendered":"<p>Se utiliza principalmente para tratar enfermedades con pacientes que requieren un efecto anab\u00f3lico, aumentar la s\u00edntesis de prote\u00ednas, y adem\u00e1s un fortalecimiento en genera<br \/>\nAROMATIZA: Si PRESENTACI\u00d3N: 100mg \/ 10ml MADE IN: USA ADMINISTRACI\u00d3N: Vial inyecci\u00f3n<\/p>\n","protected":false},"featured_media":2799,"comment_status":"open","ping_status":"closed","template":"","meta":{"_joinchat":[]},"product_brand":[],"product_cat":[2507],"product_tag":[2524,2560,7435,2695,5896,5897,527,1968,7436,3289,7437,3290,7438,63,54],"class_list":{"0":"post-2798","1":"product","2":"type-product","3":"status-publish","4":"has-post-thumbnail","6":"product_cat-esteroides-anabolicos","7":"product_tag-anabolicos","8":"product_tag-balkam","9":"product_tag-d-bol","10":"product_tag-dianabol","11":"product_tag-esteroides","12":"product_tag-esteroides-anabolicos-venta","13":"product_tag-geropharm","14":"product_tag-guadalajara","15":"product_tag-methanabol","16":"product_tag-methandienona","17":"product_tag-methandienone","18":"product_tag-methandrostenolona","19":"product_tag-methandrostenolone","20":"product_tag-venta","21":"product_tag-vidafitstore","23":"first","24":"instock","25":"shipping-taxable","26":"purchasable","27":"product-type-simple"},"_links":{"self":[{"href":"https:\/\/proviron.com.mx\/index.php\/wp-json\/wp\/v2\/product\/2798","targetHints":{"allow":["GET"]}}],"collection":[{"href":"https:\/\/proviron.com.mx\/index.php\/wp-json\/wp\/v2\/product"}],"about":[{"href":"https:\/\/proviron.com.mx\/index.php\/wp-json\/wp\/v2\/types\/product"}],"replies":[{"embeddable":true,"href":"https:\/\/proviron.com.mx\/index.php\/wp-json\/wp\/v2\/comments?post=2798"}],"wp:featuredmedia":[{"embeddable":true,"href":"https:\/\/proviron.com.mx\/index.php\/wp-json\/wp\/v2\/media\/2799"}],"wp:attachment":[{"href":"https:\/\/proviron.com.mx\/index.php\/wp-json\/wp\/v2\/media?parent=2798"}],"wp:term":[{"taxonomy":"product_brand","embeddable":true,"href":"https:\/\/proviron.com.mx\/index.php\/wp-json\/wp\/v2\/product_brand?post=2798"},{"taxonomy":"product_cat","embeddable":true,"href":"https:\/\/proviron.com.mx\/index.php\/wp-json\/wp\/v2\/product_cat?post=2798"},{"taxonomy":"product_tag","embeddable":true,"href":"https:\/\/proviron.com.mx\/index.php\/wp-json\/wp\/v2\/product_tag?post=2798"}],"curies":[{"name":"wp","href":"https:\/\/api.w.org\/{rel}","templated":true}]}}