{"id":281,"date":"2022-06-12T21:44:23","date_gmt":"2022-06-13T02:44:23","guid":{"rendered":"http:\/\/proviron.com.mx\/?post_type=product&#038;p=281"},"modified":"2025-05-09T22:18:36","modified_gmt":"2025-05-10T04:18:36","slug":"muscle-tech-nitro-tech-whey-gold-5-03-lbs","status":"publish","type":"product","link":"https:\/\/proviron.com.mx\/index.php\/producto\/muscle-tech-nitro-tech-whey-gold-5-03-lbs\/","title":{"rendered":"Muscle Tech &#8211; Nitro Tech Whey Gold 5.03 Lbs"},"content":{"rendered":"<p>Muscle Tech &#8211; Nitro Tech Whey Gold 5.03 Lbs<\/p>\n<p><a href=\"http:\/\/proviron.com.mx\">http:\/\/proviron.com.mx<\/a><\/p>\n<p><a href=\"http:\/\/proviron.com.mx\">http:\/\/proviron.com.mx<\/a><\/p>\n","protected":false},"excerpt":{"rendered":"<p>Muscle Tech &#8211; Nitro Tech Whey Gold 5.03 Lbs<\/p>\n<p>Los investigadores de MuscleTech\u00ae revisaron numerosos ensayos cl\u00ednicos sobre p\u00e9ptidos de suero, y la ciencia muestra que los p\u00e9ptidos de suero de leche pueden promover una recupera- ci\u00f3n r\u00e1pida del ejercicio e incluso apoyar una respuesta insulinog\u00e9nica para un mejor suministro de nutrien- tes. Esto significa que usted est\u00e1 reci- biendo una prote\u00edna ultra-pura, r\u00e1pi- damente absorbida y digerida r\u00e1pida- mente que le permite recuperar m\u00e1s r\u00e1pido, construir m\u00e1s masa muscular magra y obtener mejores resultados de sus sesiones de entrenamiento! Adem\u00e1s, los p\u00e9ptidos de suero de leche tienen uno de los valores biol\u00f3- gicos m\u00e1s altos (BV) de cualquier fuente de prote\u00ednas, un valor dado a las fuentes de prote\u00ednas para medir cu\u00e1n bien son absorbidos y utilizados por el cuerpo.<\/p>\n","protected":false},"featured_media":2638,"comment_status":"open","ping_status":"closed","template":"","meta":{"_joinchat":[]},"product_brand":[],"product_cat":[474,1511],"product_tag":[24130,169,24131,24132,24133,24134,24135,24136,24137,24138,24139,24140,190,205,2031,24141,24142,24143,24144,24145,24146,24147,546,547,548,42,43,44,24148,24149,24150,24151,24152,24153,24154,24155,24156,24157,24158,24159,24160,566,567,568,46,48,50,51,52,2162,2302,54],"class_list":{"0":"post-281","1":"product","2":"type-product","3":"status-publish","4":"has-post-thumbnail","6":"product_cat-proteinas","7":"product_cat-whey","8":"product_tag-donde-comprar-porteina-en-guadalajara","9":"product_tag-donde-comprar-proteina-en-guadalajara","10":"product_tag-muscle-tech-nitro-tech-whey-gold-5-03-lbs-venta-proteina","11":"product_tag-muscle-tech-nitro-tech-whey-gold-5-03-lbs","12":"product_tag-muscle-tech-nitro-whey-gold-en-monterrey","13":"product_tag-muscle-tech-nitro-whey-gold-guadalajara","14":"product_tag-muscle-tech-nitro-whey-gold-mexico","15":"product_tag-muscle-tech-nitro-whey-gold-monterrey","16":"product_tag-muscle-tech-nitro-whey-gold-proteina","17":"product_tag-muscle-tech-nitro-whey-gold-tlajomulco","18":"product_tag-muscle-tech-nitro-whey-gold-tlaquepaque","19":"product_tag-muscle-tech-nitro-whey-gold-zapopan","20":"product_tag-proteina-en-guadalajara","21":"product_tag-proteina-en-zapopan","22":"product_tag-proteinas-zapopan","23":"product_tag-venta-de-muscle-tech-nitro-whey-gold","24":"product_tag-venta-de-muscle-tech-nitro-whey-gold-en-monterrey","25":"product_tag-venta-de-muscle-tech-nitro-whey-gold-guadalajara","26":"product_tag-venta-de-muscle-tech-nitro-whey-gold-mexico","27":"product_tag-venta-de-muscle-tech-nitro-whey-gold-tlajomulco","28":"product_tag-venta-de-muscle-tech-nitro-whey-gold-tlaquepaque","29":"product_tag-venta-de-muscle-tech-nitro-whey-gold-zapopan","30":"product_tag-venta-de-proteina","31":"product_tag-venta-de-proteina-en-guadalajara","32":"product_tag-venta-de-proteina-en-zapopan","33":"product_tag-venta-esteroides-anabolicos-en-guadalajara","34":"product_tag-venta-esteroides-anabolicos-en-monterrey","35":"product_tag-venta-esteroides-anabolicos-mexico","36":"product_tag-venta-muscle-tech-nitro-tech-whey-gold-5-03-lbs-jalisco","37":"product_tag-venta-muscle-tech-nitro-whey-gold","38":"product_tag-venta-muscle-tech-nitro-whey-gold-en-guadalajara","39":"product_tag-venta-muscle-tech-nitro-whey-gold-en-mexico","40":"product_tag-venta-muscle-tech-nitro-whey-gold-en-monterrey","41":"product_tag-venta-muscle-tech-nitro-whey-gold-en-tlajomulco","42":"product_tag-venta-muscle-tech-nitro-whey-gold-en-tlaquepaque","43":"product_tag-venta-muscle-tech-nitro-whey-gold-en-zapopan","44":"product_tag-venta-muscle-tech-nitro-whey-gold-guadalajara","45":"product_tag-venta-muscle-tech-nitro-whey-gold-mexico","46":"product_tag-venta-muscle-tech-nitro-whey-gold-tlajomulco","47":"product_tag-venta-muscle-tech-nitro-whey-gold-tlaquepaque","48":"product_tag-venta-muscle-tech-nitro-whey-gold-zapopan","49":"product_tag-venta-proteina","50":"product_tag-venta-proteina-en-jalisco-venta-de-proteina-en-tlaquepaque","51":"product_tag-venta-proteinas-guadalajara-jalisco","52":"product_tag-venta-samrs-guadalajara","53":"product_tag-venta-suplementos-en-mexico","54":"product_tag-venta-suplementos-gph-nutrition","55":"product_tag-venta-suplementos-guadalajara","56":"product_tag-venta-suplementos-monterrey","57":"product_tag-venta-suplementos-muscle-tech-zapopan","58":"product_tag-venta-suplementos-mutant-guadalajara","59":"product_tag-vidafitstore","61":"first","62":"instock","63":"shipping-taxable","64":"purchasable","65":"product-type-simple"},"_links":{"self":[{"href":"https:\/\/proviron.com.mx\/index.php\/wp-json\/wp\/v2\/product\/281","targetHints":{"allow":["GET"]}}],"collection":[{"href":"https:\/\/proviron.com.mx\/index.php\/wp-json\/wp\/v2\/product"}],"about":[{"href":"https:\/\/proviron.com.mx\/index.php\/wp-json\/wp\/v2\/types\/product"}],"replies":[{"embeddable":true,"href":"https:\/\/proviron.com.mx\/index.php\/wp-json\/wp\/v2\/comments?post=281"}],"wp:featuredmedia":[{"embeddable":true,"href":"https:\/\/proviron.com.mx\/index.php\/wp-json\/wp\/v2\/media\/2638"}],"wp:attachment":[{"href":"https:\/\/proviron.com.mx\/index.php\/wp-json\/wp\/v2\/media?parent=281"}],"wp:term":[{"taxonomy":"product_brand","embeddable":true,"href":"https:\/\/proviron.com.mx\/index.php\/wp-json\/wp\/v2\/product_brand?post=281"},{"taxonomy":"product_cat","embeddable":true,"href":"https:\/\/proviron.com.mx\/index.php\/wp-json\/wp\/v2\/product_cat?post=281"},{"taxonomy":"product_tag","embeddable":true,"href":"https:\/\/proviron.com.mx\/index.php\/wp-json\/wp\/v2\/product_tag?post=281"}],"curies":[{"name":"wp","href":"https:\/\/api.w.org\/{rel}","templated":true}]}}