{"id":2823,"date":"2022-06-13T10:39:25","date_gmt":"2022-06-13T15:39:25","guid":{"rendered":"http:\/\/proviron.com.mx\/?post_type=product&#038;p=2823"},"modified":"2025-05-09T22:23:33","modified_gmt":"2025-05-10T04:23:33","slug":"drostanolone-propionate-100","status":"publish","type":"product","link":"https:\/\/proviron.com.mx\/index.php\/producto\/drostanolone-propionate-100\/","title":{"rendered":"Drostanolone Propionate 100 Bangkok"},"content":{"rendered":"","protected":false},"excerpt":{"rendered":"<p>Drostanolone Propionate 100 Bangkok<\/p>\n<p>Produce un aumento del m\u00fasculo limpio y dur\u00f3 efectos m\u00e1s largos en personas con un porcentaje bajo de grasa<br \/>\nAROMATIZA: no PRESENTACI\u00d3N: 100mg \/ 5x2ml MADE IN: Thailandia ADMINISTRACI\u00d3N: Vial inyecci\u00f3n<\/p>\n","protected":false},"featured_media":2824,"comment_status":"open","ping_status":"closed","template":"","meta":{"_joinchat":[]},"product_brand":[],"product_cat":[2507],"product_tag":[2524,6741,5861,7507,5896,5897,527,1968,63,54],"class_list":{"0":"post-2823","1":"product","2":"type-product","3":"status-publish","4":"has-post-thumbnail","6":"product_cat-esteroides-anabolicos","7":"product_tag-anabolicos","8":"product_tag-bangkok","9":"product_tag-british-dragon","10":"product_tag-drostanolone-propionate-100-bangkok","11":"product_tag-esteroides","12":"product_tag-esteroides-anabolicos-venta","13":"product_tag-geropharm","14":"product_tag-guadalajara","15":"product_tag-venta","16":"product_tag-vidafitstore","18":"first","19":"instock","20":"shipping-taxable","21":"purchasable","22":"product-type-simple"},"_links":{"self":[{"href":"https:\/\/proviron.com.mx\/index.php\/wp-json\/wp\/v2\/product\/2823","targetHints":{"allow":["GET"]}}],"collection":[{"href":"https:\/\/proviron.com.mx\/index.php\/wp-json\/wp\/v2\/product"}],"about":[{"href":"https:\/\/proviron.com.mx\/index.php\/wp-json\/wp\/v2\/types\/product"}],"replies":[{"embeddable":true,"href":"https:\/\/proviron.com.mx\/index.php\/wp-json\/wp\/v2\/comments?post=2823"}],"wp:featuredmedia":[{"embeddable":true,"href":"https:\/\/proviron.com.mx\/index.php\/wp-json\/wp\/v2\/media\/2824"}],"wp:attachment":[{"href":"https:\/\/proviron.com.mx\/index.php\/wp-json\/wp\/v2\/media?parent=2823"}],"wp:term":[{"taxonomy":"product_brand","embeddable":true,"href":"https:\/\/proviron.com.mx\/index.php\/wp-json\/wp\/v2\/product_brand?post=2823"},{"taxonomy":"product_cat","embeddable":true,"href":"https:\/\/proviron.com.mx\/index.php\/wp-json\/wp\/v2\/product_cat?post=2823"},{"taxonomy":"product_tag","embeddable":true,"href":"https:\/\/proviron.com.mx\/index.php\/wp-json\/wp\/v2\/product_tag?post=2823"}],"curies":[{"name":"wp","href":"https:\/\/api.w.org\/{rel}","templated":true}]}}