{"id":283,"date":"2022-06-12T21:44:23","date_gmt":"2022-06-13T02:44:23","guid":{"rendered":"http:\/\/proviron.com.mx\/?post_type=product&#038;p=283"},"modified":"2025-05-09T22:18:39","modified_gmt":"2025-05-10T04:18:39","slug":"muscle-tech-phase-8-protein-4-5-lbs","status":"publish","type":"product","link":"https:\/\/proviron.com.mx\/index.php\/producto\/muscle-tech-phase-8-protein-4-5-lbs\/","title":{"rendered":"Muscle Tech &#8211; Phase 8 Protein 4.5 Lbs"},"content":{"rendered":"<p>Muscle Tech &#8211; Phase 8 Protein 4.5 Lbs &#8211; suplementos guadalajara<\/p>\n<div id=\"attachment_2321\" style=\"width: 310px\" class=\"wp-caption alignnone\"><img fetchpriority=\"high\" decoding=\"async\" aria-describedby=\"caption-attachment-2321\" src=\"http:\/\/proviron.com.mx\/wp-content\/uploads\/2022\/06\/12-MUSCLE-TECH-PHASE-8-PROTEIN-4.5-LBS-1-300x300.png\" alt=\"Muscle Tech - Phase 8 Protein 4.5 Lbs - suplementos guadalajara\" width=\"300\" height=\"300\" class=\"size-medium wp-image-2321\" \/><p id=\"caption-attachment-2321\" class=\"wp-caption-text\">Muscle Tech &#8211; Phase 8 Protein 4.5 Lbs &#8211; suplementos guadalajara<\/p><\/div>\n<p><a href=\"http:\/\/proviron.com.mx\">http:\/\/proviron.com.mx<\/a><\/p>\n<p><a href=\"http:\/\/supementoszapopan.com\" target=\"_blank\" rel=\"noopener\">http:\/\/supementoszapopan.com<\/a><\/p>\n","protected":false},"excerpt":{"rendered":"<p>Muscle Tech &#8211; Phase 8 Protein 4.5 Lbs &#8211; suplementos guadalajara<\/p>\n<p>PHASE8 TM es una f\u00f3rmula de prote\u00edna mezclada que alimenta a los m\u00fasculos durante 8 horas. Cada cucharada con- tiene una impresionante mezcla de 26 gramos de prote\u00ednas derivadas de la leche que proporciona una liberaci\u00f3n sostenida de amino\u00e1cidos. PHASE8 TM tiene un , perfil de macronutrientes limpio, con s\u00f3lo la mitad de los carbo- hidratos y la grasa del principal com- petidor.<br \/>\n8 horas de liberaci\u00f3n sostenida absor- ci\u00f3n de prote\u00ednas<br \/>\nEl principal componente de prote\u00edna en PHASE8\u00c2 TM tiene la capacidad \u00fanica de liberar los amino\u00e1cidos en el torrente sangu\u00edneo durante 8 horas despu\u00e9s de tomar it.1 Debido a estas propiedades de liberaci\u00f3n sostenida, que es una prote\u00edna altamente anab\u00f3- lico y anti-catab\u00f3lico que ayuda a crear un desarrollo muscular medio ambiente por per\u00edodos de tiempo m\u00e1s largos.<\/p>\n","protected":false},"featured_media":2641,"comment_status":"open","ping_status":"closed","template":"","meta":{"_joinchat":[]},"product_brand":[],"product_cat":[474,1511],"product_tag":[24161,24162,24163,24164,24165,24166,24167,24168,24169,24170,24171,24172,190,205,2031,63,24173,24174,24175,24176,24177,546,547,548,24178,42,43,44,24179,24180,24181,24182,24183,24184,24185,24186,24187,24188,566,567,568,46,48,50,51,52,2162,2302,54],"class_list":{"0":"post-283","1":"product","2":"type-product","3":"status-publish","4":"has-post-thumbnail","6":"product_cat-proteinas","7":"product_cat-whey","8":"product_tag-muscle-tech-phase-8-protein-4-5-lbs","9":"product_tag-muscle-tech-phase-8-protein-4-5-lbs-en-monterrey","10":"product_tag-muscle-tech-phase-8-protein-4-5-lbs-guadalajara","11":"product_tag-muscle-tech-phase-8-protein-4-5-lbs-mexico","12":"product_tag-muscle-tech-phase-8-protein-4-5-lbs-monterrey","13":"product_tag-muscle-tech-phase-8-protein-4-5-lbs-proteina","14":"product_tag-muscle-tech-phase-8-protein-4-5-lbs-tlajomulco","15":"product_tag-muscle-tech-phase-8-protein-4-5-lbs-tlaquepaque","16":"product_tag-muscle-tech-phase-8-protein-4-5-lbs-venta-de","17":"product_tag-muscle-tech-phase-8-protein-4-5-lbs-venta-de-muscle-tech-phase-8-protein-4-5-lbs-en-monterrey","18":"product_tag-muscle-tech-phase-8-protein-4-5-lbs-venta-muscle-tech-phase-8-protein-4-5-lbs-guadalajara","19":"product_tag-muscle-tech-phase-8-protein-4-5-lbs-zapopan","20":"product_tag-proteina-en-guadalajara","21":"product_tag-proteina-en-zapopan","22":"product_tag-proteinas-zapopan","23":"product_tag-venta","24":"product_tag-venta-de-muscle-tech-phase-8-protein-4-5-lbs-guadalajara","25":"product_tag-venta-de-muscle-tech-phase-8-protein-4-5-lbs-mexico","26":"product_tag-venta-de-muscle-tech-phase-8-protein-4-5-lbs-tlajomuco","27":"product_tag-venta-de-muscle-tech-phase-8-protein-4-5-lbs-tlaquepaque","28":"product_tag-venta-de-muscle-tech-phase-8-protein-4-5-lbs-zapopan","29":"product_tag-venta-de-proteina","30":"product_tag-venta-de-proteina-en-guadalajara","31":"product_tag-venta-de-proteina-en-zapopan","32":"product_tag-venta-en-muscle-tech-phase-8-protein-4-5-lbs-monterrey","33":"product_tag-venta-esteroides-anabolicos-en-guadalajara","34":"product_tag-venta-esteroides-anabolicos-en-monterrey","35":"product_tag-venta-esteroides-anabolicos-mexico","36":"product_tag-venta-muscle-tech-phase-8-protein-4-5-lbs-en-guadalajara","37":"product_tag-venta-muscle-tech-phase-8-protein-4-5-lbs-en-mexico","38":"product_tag-venta-muscle-tech-phase-8-protein-4-5-lbs-en-tlajomulco","39":"product_tag-venta-muscle-tech-phase-8-protein-4-5-lbs-en-tlaquepaque","40":"product_tag-venta-muscle-tech-phase-8-protein-4-5-lbs-en-zapopan","41":"product_tag-venta-muscle-tech-phase-8-protein-4-5-lbs-guadalajara-jalisco","42":"product_tag-venta-muscle-tech-phase-8-protein-4-5-lbs-mexico","43":"product_tag-venta-muscle-tech-phase-8-protein-4-5-lbs-tlajomulco","44":"product_tag-venta-muscle-tech-phase-8-protein-4-5-lbs-tlaquepaque","45":"product_tag-venta-muscle-tech-phase-8-protein-4-5-lbs-zapopan","46":"product_tag-venta-proteina","47":"product_tag-venta-proteina-en-jalisco-venta-de-proteina-en-tlaquepaque","48":"product_tag-venta-proteinas-guadalajara-jalisco","49":"product_tag-venta-samrs-guadalajara","50":"product_tag-venta-suplementos-en-mexico","51":"product_tag-venta-suplementos-gph-nutrition","52":"product_tag-venta-suplementos-guadalajara","53":"product_tag-venta-suplementos-monterrey","54":"product_tag-venta-suplementos-muscle-tech-zapopan","55":"product_tag-venta-suplementos-mutant-guadalajara","56":"product_tag-vidafitstore","58":"first","59":"outofstock","60":"shipping-taxable","61":"purchasable","62":"product-type-simple"},"_links":{"self":[{"href":"https:\/\/proviron.com.mx\/index.php\/wp-json\/wp\/v2\/product\/283","targetHints":{"allow":["GET"]}}],"collection":[{"href":"https:\/\/proviron.com.mx\/index.php\/wp-json\/wp\/v2\/product"}],"about":[{"href":"https:\/\/proviron.com.mx\/index.php\/wp-json\/wp\/v2\/types\/product"}],"replies":[{"embeddable":true,"href":"https:\/\/proviron.com.mx\/index.php\/wp-json\/wp\/v2\/comments?post=283"}],"wp:featuredmedia":[{"embeddable":true,"href":"https:\/\/proviron.com.mx\/index.php\/wp-json\/wp\/v2\/media\/2641"}],"wp:attachment":[{"href":"https:\/\/proviron.com.mx\/index.php\/wp-json\/wp\/v2\/media?parent=283"}],"wp:term":[{"taxonomy":"product_brand","embeddable":true,"href":"https:\/\/proviron.com.mx\/index.php\/wp-json\/wp\/v2\/product_brand?post=283"},{"taxonomy":"product_cat","embeddable":true,"href":"https:\/\/proviron.com.mx\/index.php\/wp-json\/wp\/v2\/product_cat?post=283"},{"taxonomy":"product_tag","embeddable":true,"href":"https:\/\/proviron.com.mx\/index.php\/wp-json\/wp\/v2\/product_tag?post=283"}],"curies":[{"name":"wp","href":"https:\/\/api.w.org\/{rel}","templated":true}]}}