{"id":285,"date":"2022-06-12T21:44:25","date_gmt":"2022-06-13T02:44:25","guid":{"rendered":"http:\/\/proviron.com.mx\/?post_type=product&#038;p=285"},"modified":"2025-05-09T22:18:42","modified_gmt":"2025-05-10T04:18:42","slug":"insane-whey-4-6-lbs","status":"publish","type":"product","link":"https:\/\/proviron.com.mx\/index.php\/producto\/insane-whey-4-6-lbs\/","title":{"rendered":"Insane &#8211; Whey 4.6 Lbs"},"content":{"rendered":"<p>Insane &#8211; Whey 4.6 Lbs<\/p>\n<p><a href=\"http:\/\/proviron.com.mx\">http:\/\/proviron.com.mx<\/a><\/p>\n<p><a href=\"http:\/\/proviron.com.mx\">http:\/\/proviron.com.mx<\/a><\/p>\n","protected":false},"excerpt":{"rendered":"<p>Insane &#8211; Whey 4.6 Lbs<\/p>\n<p>Despu\u00e9s de haber probado todos los grandes sabores que crea Mad Che- mist para los Pre-entrenos, los BCAA e incluso las multivitaminas, los fieles del Asylum han pedido una GRAN prote\u00edna de suero de leche de Insane Labz\u00ae.<br \/>\nAl utilizar prote\u00edna de suero de prime- ra calidad para desarrollar fuerza y m\u00fasculo magro, hemos creado una prote\u00edna de mezcla suave que es exce- lente para desarrollar fuerza. Antes o despu\u00e9s de los entrenamientos, o en cualquier momento una prote\u00edna adicional es siempre beneficiosa.<\/p>\n","protected":false},"featured_media":2644,"comment_status":"open","ping_status":"closed","template":"","meta":{"_joinchat":[]},"product_brand":[],"product_cat":[474,1511],"product_tag":[24189,24190,24191,24192,24193,24194,24195,24196,24197,24198,24199,24200,190,205,2031,63,24201,24202,24203,24204,24205,24206,546,547,548,42,43,44,24207,24208,24209,24210,24211,24212,24213,24214,24215,24216,24217,566,567,568,46,48,50,51,23336,52,2360,54],"class_list":{"0":"post-285","1":"product","2":"type-product","3":"status-publish","4":"has-post-thumbnail","6":"product_cat-proteinas","7":"product_cat-whey","8":"product_tag-insane-whey-4-6-lbs-venta-proteina-guadalajara","9":"product_tag-insane-whey-4-6-lbs","10":"product_tag-insane-whey-4-6-lbs-en-monterrey","11":"product_tag-insane-whey-4-6-lbs-guadalajara","12":"product_tag-insane-whey-4-6-lbs-mexico","13":"product_tag-insane-whey-4-6-lbs-monterrey","14":"product_tag-insane-whey-4-6-lbs-proteina","15":"product_tag-insane-whey-4-6-lbs-tlajomulco","16":"product_tag-insane-whey-4-6-lbs-tlaquepaque","17":"product_tag-insane-whey-4-6-lbs-venta-de","18":"product_tag-insane-whey-4-6-lbs-venta-insane-whey-4-6-lbs-guadalajara","19":"product_tag-insane-whey-4-6-lbs-zapopan","20":"product_tag-proteina-en-guadalajara","21":"product_tag-proteina-en-zapopan","22":"product_tag-proteinas-zapopan","23":"product_tag-venta","24":"product_tag-venta-de-insane-whey-4-6-lbs-en-monterrey","25":"product_tag-venta-de-insane-whey-4-6-lbs-guadalajara","26":"product_tag-venta-de-insane-whey-4-6-lbs-mexico","27":"product_tag-venta-de-insane-whey-4-6-lbs-tlajomuco","28":"product_tag-venta-de-insane-whey-4-6-lbs-tlaquepaque","29":"product_tag-venta-de-insane-whey-4-6-lbs-zapopan","30":"product_tag-venta-de-proteina","31":"product_tag-venta-de-proteina-en-guadalajara","32":"product_tag-venta-de-proteina-en-zapopan","33":"product_tag-venta-esteroides-anabolicos-en-guadalajara","34":"product_tag-venta-esteroides-anabolicos-en-monterrey","35":"product_tag-venta-esteroides-anabolicos-mexico","36":"product_tag-venta-insane-whey-4-6-lbs-en-guadalajara","37":"product_tag-venta-insane-whey-4-6-lbs-en-mexico","38":"product_tag-venta-insane-whey-4-6-lbs-en-monterrey","39":"product_tag-venta-insane-whey-4-6-lbs-en-tlajomulco","40":"product_tag-venta-insane-whey-4-6-lbs-en-tlaquepaque","41":"product_tag-venta-insane-whey-4-6-lbs-en-zapopan","42":"product_tag-venta-insane-whey-4-6-lbs-jalisco","43":"product_tag-venta-insane-whey-4-6-lbs-mexico","44":"product_tag-venta-insane-whey-4-6-lbs-tlajomulco","45":"product_tag-venta-insane-whey-4-6-lbs-tlaquepaque","46":"product_tag-venta-insane-whey-4-6-lbs-zapopan","47":"product_tag-venta-proteina","48":"product_tag-venta-proteina-en-jalisco-venta-de-proteina-en-tlaquepaque","49":"product_tag-venta-proteinas-guadalajara-jalisco","50":"product_tag-venta-samrs-guadalajara","51":"product_tag-venta-suplementos-en-mexico","52":"product_tag-venta-suplementos-gph-nutrition","53":"product_tag-venta-suplementos-guadalajara","54":"product_tag-venta-suplementos-insane-zapopan","55":"product_tag-venta-suplementos-monterrey","56":"product_tag-venta-suplementos-nutrex-guadalajara","57":"product_tag-vidafitstore","59":"first","60":"outofstock","61":"shipping-taxable","62":"purchasable","63":"product-type-simple"},"_links":{"self":[{"href":"https:\/\/proviron.com.mx\/index.php\/wp-json\/wp\/v2\/product\/285","targetHints":{"allow":["GET"]}}],"collection":[{"href":"https:\/\/proviron.com.mx\/index.php\/wp-json\/wp\/v2\/product"}],"about":[{"href":"https:\/\/proviron.com.mx\/index.php\/wp-json\/wp\/v2\/types\/product"}],"replies":[{"embeddable":true,"href":"https:\/\/proviron.com.mx\/index.php\/wp-json\/wp\/v2\/comments?post=285"}],"wp:featuredmedia":[{"embeddable":true,"href":"https:\/\/proviron.com.mx\/index.php\/wp-json\/wp\/v2\/media\/2644"}],"wp:attachment":[{"href":"https:\/\/proviron.com.mx\/index.php\/wp-json\/wp\/v2\/media?parent=285"}],"wp:term":[{"taxonomy":"product_brand","embeddable":true,"href":"https:\/\/proviron.com.mx\/index.php\/wp-json\/wp\/v2\/product_brand?post=285"},{"taxonomy":"product_cat","embeddable":true,"href":"https:\/\/proviron.com.mx\/index.php\/wp-json\/wp\/v2\/product_cat?post=285"},{"taxonomy":"product_tag","embeddable":true,"href":"https:\/\/proviron.com.mx\/index.php\/wp-json\/wp\/v2\/product_tag?post=285"}],"curies":[{"name":"wp","href":"https:\/\/api.w.org\/{rel}","templated":true}]}}