{"id":2857,"date":"2022-06-13T10:39:30","date_gmt":"2022-06-13T15:39:30","guid":{"rendered":"http:\/\/proviron.com.mx\/?post_type=product&#038;p=2857"},"modified":"2025-05-09T22:25:33","modified_gmt":"2025-05-10T04:25:33","slug":"stanabol","status":"publish","type":"product","link":"https:\/\/proviron.com.mx\/index.php\/producto\/stanabol\/","title":{"rendered":"Stanabol 20ml\/100mg British Dragon"},"content":{"rendered":"","protected":false},"excerpt":{"rendered":"<p>Presenta propiedades similares a la hormona masculina testosterona: tiene efectos virilizantes androg\u00e9nicos, incrementa la s\u00edntesis de prote\u00ednas y potencia el desarrollo muscular.<br \/>\nAROMATIZA: No PRESENTACI\u00d3N: 100mg \/ 20ml MADE IN: Thailandia<br \/>\nADMINISTRACI\u00d3N: Vial inyecci\u00f3n<\/p>\n","protected":false},"featured_media":2858,"comment_status":"open","ping_status":"closed","template":"","meta":{"_joinchat":[]},"product_brand":[],"product_cat":[2507],"product_tag":[5861,5636,3181,1968,10554,59,7224,10555,3552,63,54,4645,10556],"class_list":{"0":"post-2857","1":"product","2":"type-product","3":"status-publish","4":"has-post-thumbnail","6":"product_cat-esteroides-anabolicos","7":"product_tag-british-dragon","8":"product_tag-estanozolol","9":"product_tag-esteroides-anabolicos","10":"product_tag-guadalajara","11":"product_tag-inyectables","12":"product_tag-mexico","13":"product_tag-stanabol","14":"product_tag-stanoplex","15":"product_tag-stanozolol","16":"product_tag-venta","17":"product_tag-vidafitstore","18":"product_tag-winstrol","19":"product_tag-wisntrol-depot","21":"first","22":"instock","23":"shipping-taxable","24":"purchasable","25":"product-type-simple"},"_links":{"self":[{"href":"https:\/\/proviron.com.mx\/index.php\/wp-json\/wp\/v2\/product\/2857","targetHints":{"allow":["GET"]}}],"collection":[{"href":"https:\/\/proviron.com.mx\/index.php\/wp-json\/wp\/v2\/product"}],"about":[{"href":"https:\/\/proviron.com.mx\/index.php\/wp-json\/wp\/v2\/types\/product"}],"replies":[{"embeddable":true,"href":"https:\/\/proviron.com.mx\/index.php\/wp-json\/wp\/v2\/comments?post=2857"}],"wp:featuredmedia":[{"embeddable":true,"href":"https:\/\/proviron.com.mx\/index.php\/wp-json\/wp\/v2\/media\/2858"}],"wp:attachment":[{"href":"https:\/\/proviron.com.mx\/index.php\/wp-json\/wp\/v2\/media?parent=2857"}],"wp:term":[{"taxonomy":"product_brand","embeddable":true,"href":"https:\/\/proviron.com.mx\/index.php\/wp-json\/wp\/v2\/product_brand?post=2857"},{"taxonomy":"product_cat","embeddable":true,"href":"https:\/\/proviron.com.mx\/index.php\/wp-json\/wp\/v2\/product_cat?post=2857"},{"taxonomy":"product_tag","embeddable":true,"href":"https:\/\/proviron.com.mx\/index.php\/wp-json\/wp\/v2\/product_tag?post=2857"}],"curies":[{"name":"wp","href":"https:\/\/api.w.org\/{rel}","templated":true}]}}