{"id":2868,"date":"2022-06-13T10:39:31","date_gmt":"2022-06-13T15:39:31","guid":{"rendered":"http:\/\/proviron.com.mx\/?post_type=product&#038;p=2868"},"modified":"2025-05-09T22:26:29","modified_gmt":"2025-05-10T04:26:29","slug":"oxydrol","status":"publish","type":"product","link":"https:\/\/proviron.com.mx\/index.php\/producto\/oxydrol\/","title":{"rendered":"Oxydrol 50mg British Dragon"},"content":{"rendered":"","protected":false},"excerpt":{"rendered":"<p>Es muy eficaz para promover el aumento del peso corporal. Funciona aumentando el apetito y el n\u00famero de gl\u00f3bulos rojos, esto ayuda al cuerpo a absorber m\u00e1s ox\u00edgeno y transportarlo a los m\u00fasculos, aumentando as\u00ed la nutrici\u00f3n de tejidos y provocando el aumento de peso.<br \/>\nAROMATIZA: Si<br \/>\nPRESENTACI\u00d3N: 100 Tabletas \/ 10mg MADE IN: Thailandia<br \/>\nADMINISTRACI\u00d3N: Oral Tabletas<\/p>\n","protected":false},"featured_media":2869,"comment_status":"open","ping_status":"closed","template":"","meta":{"_joinchat":[]},"product_brand":[],"product_cat":[2507],"product_tag":[2524,11036,11037,5861,5896,1968,59,11038,11039,3350,11040,54],"class_list":{"0":"post-2868","1":"product","2":"type-product","3":"status-publish","4":"has-post-thumbnail","6":"product_cat-esteroides-anabolicos","7":"product_tag-anabolicos","8":"product_tag-anadrol","9":"product_tag-anapolon","10":"product_tag-british-dragon","11":"product_tag-esteroides","12":"product_tag-guadalajara","13":"product_tag-mexico","14":"product_tag-oxydrol-50mg","15":"product_tag-oxymetholona","16":"product_tag-oxymetolone","17":"product_tag-ventas","18":"product_tag-vidafitstore","20":"first","21":"instock","22":"shipping-taxable","23":"purchasable","24":"product-type-simple"},"_links":{"self":[{"href":"https:\/\/proviron.com.mx\/index.php\/wp-json\/wp\/v2\/product\/2868","targetHints":{"allow":["GET"]}}],"collection":[{"href":"https:\/\/proviron.com.mx\/index.php\/wp-json\/wp\/v2\/product"}],"about":[{"href":"https:\/\/proviron.com.mx\/index.php\/wp-json\/wp\/v2\/types\/product"}],"replies":[{"embeddable":true,"href":"https:\/\/proviron.com.mx\/index.php\/wp-json\/wp\/v2\/comments?post=2868"}],"wp:featuredmedia":[{"embeddable":true,"href":"https:\/\/proviron.com.mx\/index.php\/wp-json\/wp\/v2\/media\/2869"}],"wp:attachment":[{"href":"https:\/\/proviron.com.mx\/index.php\/wp-json\/wp\/v2\/media?parent=2868"}],"wp:term":[{"taxonomy":"product_brand","embeddable":true,"href":"https:\/\/proviron.com.mx\/index.php\/wp-json\/wp\/v2\/product_brand?post=2868"},{"taxonomy":"product_cat","embeddable":true,"href":"https:\/\/proviron.com.mx\/index.php\/wp-json\/wp\/v2\/product_cat?post=2868"},{"taxonomy":"product_tag","embeddable":true,"href":"https:\/\/proviron.com.mx\/index.php\/wp-json\/wp\/v2\/product_tag?post=2868"}],"curies":[{"name":"wp","href":"https:\/\/api.w.org\/{rel}","templated":true}]}}