{"id":287,"date":"2022-06-12T21:44:25","date_gmt":"2022-06-13T02:44:25","guid":{"rendered":"http:\/\/proviron.com.mx\/?post_type=product&#038;p=287"},"modified":"2025-05-09T22:18:46","modified_gmt":"2025-05-10T04:18:46","slug":"insane-whey-ripped-4-5-lbs","status":"publish","type":"product","link":"https:\/\/proviron.com.mx\/index.php\/producto\/insane-whey-ripped-4-5-lbs\/","title":{"rendered":"Insane Whey Ripped 4.5 Lbs"},"content":{"rendered":"<p>Insane Whey Ripped 4.5 Lbs &#8211; Proteina<\/p>\n<p>Suero insane RIPPED por Insane Labz\u00ae \u00a1Triturar con nuestro NUEVO Insane Whey RIPPED! Nuestra matriz RIPPED, que incluye L-Carnitina, Clarinol\u00ae CLA patentado y Extracto de t\u00e9 verde cl\u00edni- camente probado, lo ayudar\u00e1 a ser FUERTE Y MANTENERSE DELGADO. GANANCIAS MUSCULARES MAGN\u00cdFI- CAS. PROTE\u00cdNA DE SUERO. EXCELEN- TES SABORES. Insane Labz Insane Whey promueve la ganancia de masa muscular magra con una dosis com- pleta de 25 g de prote\u00edna una vez finalizado el entrenamiento. Con un perfil de amino\u00e1cidos de BCAA de origen natural, Insane Whey aumenta su tiempo de recuperaci\u00f3n y, al mismo tiempo, desarrolla el m\u00fasculo magro que necesita para convertirse en un monstruo gen\u00e9tico.<\/p>\n<p><a href=\"http:\/\/proviron.com.mx\">http:\/\/proviron.com.mx<\/a><\/p>\n<p><a href=\"http:\/\/proviron.com.mx\">http:\/\/proviron.com.mx<\/a><\/p>\n","protected":false},"excerpt":{"rendered":"<p>Insane Whey Ripped 4.5 Lbs &#8211; Proteina<\/p>\n<p>Suero insano RIPPED por Insane Labz\u00ae \u00a1Triturar con nuestro NUEVO Insane Whey RIPPED! Nuestra matriz RIPPED, que incluye L-Carnitina, Clarinol\u00ae CLA patentado y Extracto de t\u00e9 verde cl\u00edni- camente probado, lo ayudar\u00e1 a ser FUERTE Y MANTENERSE DELGADO. GANANCIAS MUSCULARES MAGN\u00cdFI- CAS. PROTE\u00cdNA DE SUERO. EXCELEN- TES SABORES. Insane Labz Insane Whey promueve la ganancia de masa muscular magra con una dosis com- pleta de 25 g de prote\u00edna una vez finalizado el entrenamiento. Con un perfil de amino\u00e1cidos de BCAA de origen natural, Insane Whey aumenta su tiempo de recuperaci\u00f3n y, al mismo tiempo, desarrolla el m\u00fasculo magro que necesita para convertirse en un monstruo gen\u00e9tico.<\/p>\n","protected":false},"featured_media":2647,"comment_status":"open","ping_status":"closed","template":"","meta":{"_joinchat":[]},"product_brand":[],"product_cat":[474,1511],"product_tag":[102,103,1751,121,1752,122,123,124,125,126,127,128,129,130,131,132,133,134,135,136,137,138,1753,1754,1755,1756,1757,1758,1759,1760,1761,1762,1763,1764,139,1765,1766,1767,1768,169,170,182,183,24218,24219,24220,24221,24222,24223,24224,24225,24226,24227,61,187,188,189,190,191,192,193,194,195,196,197,198,199,200,201,202,203,204,205,206,1786,2031,23332,207,208,209,62,210,211,212,213,214,215,1788,217,218,1791,24228,24229,24230,24231,24232,546,547,548,286,24233,24234,42,43,44,24235,24236,24237,24238,24239,24240,24241,24242,24243,24244,24245,24246,24247,566,303,304,305,306,307,308,309,310,311,313,314,315,316,317,567,318,319,320,321,322,323,324,325,326,327,328,329,330,331,332,333,334,335,336,337,338,339,340,341,342,343,344,345,346,347,348,349,350,351,352,353,354,355,356,357,358,359,360,361,362,363,364,365,366,367,368,369,370,371,372,373,374,375,376,377,378,379,380,381,382,383,384,1809,1810,1811,385,386,568,46,387,388,389,390,391,392,48,50,51,393,394,395,396,397,52,398,399,2389,53,400,401,402,403,404,405,406,407,408,409,410,411,412,413,414,415,416,417,418,419,1813,1814,1815,1816,420,1817,1818,1819,1820,1821,1822,1823,1824,1825,1826,1827,1828,1829,1830,1831,1832,1833,1834,1835,1836,1837,1838,1839,1840,1841,1842,1843,1844,1845,1846,1847,1848,1849,1850,1851,1852,1853,1854,421,1855,1856,1857,1858,422,1859,1860,1861,1862,1863,1864,423,54,1865,1866,1867,1868,1869,1870,1871,1872,1873,1874,1875,1876,1877,1878,1879,1880,1881,1882,1883,1884],"class_list":{"0":"post-287","1":"product","2":"type-product","3":"status-publish","4":"has-post-thumbnail","6":"product_cat-proteinas","7":"product_cat-whey","8":"product_tag-compra-proteina-en-puerto-rico","9":"product_tag-compra-proteina-miami","10":"product_tag-compra-whey-protein-en-puerto-rico","11":"product_tag-comprar-en-puerto-vallarta","12":"product_tag-comprar-en-whey-protein-quintana-roo","13":"product_tag-comprar-proteina-en-cancun","14":"product_tag-comprar-proteina-en-ciudad-de-mexico","15":"product_tag-comprar-proteina-en-estados-unidos","16":"product_tag-comprar-proteina-en-jalisco","17":"product_tag-comprar-proteina-en-puebla","18":"product_tag-comprar-proteina-en-quintana-roo","19":"product_tag-comprar-proteina-en-tesistan","20":"product_tag-comprar-proteina-en-texas","21":"product_tag-comprar-proteina-en-tijuana","22":"product_tag-comprar-proteina-en-tlajomulco","23":"product_tag-comprar-proteina-en-tlaquepaque","24":"product_tag-comprar-proteina-en-tonala","25":"product_tag-comprar-proteina-en-yucatan","26":"product_tag-comprar-proteina-en-zapopan","27":"product_tag-comprar-proteina-jalisco","28":"product_tag-comprar-proteina-monterrey","29":"product_tag-comprar-proteina-para-mujer-en-los-angeles","30":"product_tag-comprar-whey-protein-en-ciudad-de-mexico","31":"product_tag-comprar-whey-protein-en-estados-unidos","32":"product_tag-comprar-whey-protein-en-jalisco","33":"product_tag-comprar-whey-protein-en-los-angeles","34":"product_tag-comprar-whey-protein-en-miami","35":"product_tag-comprar-whey-protein-en-puebla","36":"product_tag-comprar-whey-protein-en-tesistan","37":"product_tag-comprar-whey-protein-en-texas","38":"product_tag-comprar-whey-protein-en-tijuana","39":"product_tag-comprar-whey-protein-en-tlajomulco","40":"product_tag-comprar-whey-protein-en-tlaquepaque","41":"product_tag-comprar-whey-protein-en-tonala","42":"product_tag-comprar-whey-protein-en-zapopan","43":"product_tag-comprar-whey-protein-monterrey","44":"product_tag-comprar-whey-proteinen-cancun","45":"product_tag-comprar-whey-proteinen-puerto-vallarta","46":"product_tag-comprar-whey-proteinen-yucatan","47":"product_tag-donde-comprar-proteina-en-guadalajara","48":"product_tag-esteroidesguadalajara-com","49":"product_tag-gphapharmaceuticals","50":"product_tag-gphnutrition","51":"product_tag-insane-whey-ripped-proteina-4-5-lbs","52":"product_tag-insane-whey-ripped-4-5-lbs","53":"product_tag-insane-whey-ripped-4-5-lbs-proteina","54":"product_tag-insane-whey-ripped-4-5-lbs-proteina-en-monterrey","55":"product_tag-insane-whey-ripped-4-5-lbs-proteina-guadalajara","56":"product_tag-insane-whey-ripped-4-5-lbs-proteina-mexico","57":"product_tag-insane-whey-ripped-4-5-lbs-proteina-monterrey","58":"product_tag-insane-whey-ripped-4-5-lbs-proteina-tlajomulco","59":"product_tag-insane-whey-ripped-4-5-lbs-proteina-tlaquepaque","60":"product_tag-insane-whey-ripped-4-5-lbs-proteina-zapopan","61":"product_tag-proteina","62":"product_tag-proteina-en-cancun","63":"product_tag-proteina-en-ciudad-de-mexico","64":"product_tag-proteina-en-estados-unidos","65":"product_tag-proteina-en-guadalajara","66":"product_tag-proteina-en-jalisco","67":"product_tag-proteina-en-los-angeles","68":"product_tag-proteina-en-mexico","69":"product_tag-proteina-en-monterrey","70":"product_tag-proteina-en-puerto-rico","71":"product_tag-proteina-en-puerto-vallarta","72":"product_tag-proteina-en-quintana-roo","73":"product_tag-proteina-en-tesistan","74":"product_tag-proteina-en-texas","75":"product_tag-proteina-en-tijuana","76":"product_tag-proteina-en-tlajomulco","77":"product_tag-proteina-en-tlaquepaque","78":"product_tag-proteina-en-tonala","79":"product_tag-proteina-en-yucatan","80":"product_tag-proteina-en-zapopan","81":"product_tag-proteina-gph-nutrition","82":"product_tag-proteina-whey-protein-en-guadalajara","83":"product_tag-proteinas-zapopan","84":"product_tag-suplementosguadalajara-com-mx","85":"product_tag-suplemento-en-ajijic","86":"product_tag-suplementos-cajititlan","87":"product_tag-suplementos-forum-tlaquepaque","88":"product_tag-suplementos-guadalajara","89":"product_tag-suplementos-guadalajara-auditorio-telmex","90":"product_tag-suplementos-guadalajara-gph-nutrition","91":"product_tag-suplementos-guadalajara-parque-san-jacinto","92":"product_tag-suplementos-guadalajara-periferico-sur-tlajomulco","93":"product_tag-suplementos-guadalajara-plaza-independencia","94":"product_tag-suplementos-mayoreo-en-guadalajara","95":"product_tag-suplementos-mayoreo-guadalajara","96":"product_tag-suplementos-mexico-gph-nutrition","97":"product_tag-suplementos-zoologico-guadalajara","98":"product_tag-venta-baja-whey-protein-california","99":"product_tag-venta-de-insane-whey-ripped-4-5-lbs-proteina","100":"product_tag-venta-de-insane-whey-ripped-4-5-lbs-proteina-en-monterrey","101":"product_tag-venta-de-insane-whey-ripped-4-5-lbs-proteina-guadalajara","102":"product_tag-venta-de-insane-whey-ripped-4-5-lbs-proteina-mexico","103":"product_tag-venta-de-insane-whey-ripped-4-5-lbs-proteina-tlajomuco","104":"product_tag-venta-de-proteina","105":"product_tag-venta-de-proteina-en-guadalajara","106":"product_tag-venta-de-proteina-en-zapopan","107":"product_tag-venta-de-proteinas-baratas-en-guadalajara","108":"product_tag-venta-deinsane-whey-ripped-4-5-lbs-proteina-tlaquepaque","109":"product_tag-venta-deinsane-whey-ripped-4-5-lbs-proteina-zapopan","110":"product_tag-venta-esteroides-anabolicos-en-guadalajara","111":"product_tag-venta-esteroides-anabolicos-en-monterrey","112":"product_tag-venta-esteroides-anabolicos-mexico","113":"product_tag-venta-insane-whey-ripped-4-5-lbs-proteina","114":"product_tag-venta-insane-whey-ripped-4-5-lbs-proteina-en-guadalajara","115":"product_tag-venta-insane-whey-ripped-4-5-lbs-proteina-en-mexico","116":"product_tag-venta-insane-whey-ripped-4-5-lbs-proteina-en-monterrey","117":"product_tag-venta-insane-whey-ripped-4-5-lbs-proteina-en-tlajomulco","118":"product_tag-venta-insane-whey-ripped-4-5-lbs-proteina-en-tlaquepaque","119":"product_tag-venta-insane-whey-ripped-4-5-lbs-proteina-en-zapopan","120":"product_tag-venta-insane-whey-ripped-4-5-lbs-proteina-guadalajara","121":"product_tag-venta-insane-whey-ripped-4-5-lbs-proteina-mexico","122":"product_tag-venta-insane-whey-ripped-4-5-lbs-proteina-tlajomulco","123":"product_tag-venta-insane-whey-ripped-4-5-lbs-proteina-tlaquepaque","124":"product_tag-venta-insane-whey-ripped-4-5-lbs-proteina-zapopan","125":"product_tag-venta-insane-whey-ripped-4-5-lbs-jalisco","126":"product_tag-venta-proteina","127":"product_tag-venta-proteina-acapulco","128":"product_tag-venta-proteina-apatzingan","129":"product_tag-venta-proteina-california","130":"product_tag-venta-proteina-cancun","131":"product_tag-venta-proteina-chiapas","132":"product_tag-venta-proteina-chicago","133":"product_tag-venta-proteina-chihuahua","134":"product_tag-venta-proteina-ciudad-de-mexico","135":"product_tag-venta-proteina-colima","136":"product_tag-venta-proteina-cuernavaca","137":"product_tag-venta-proteina-culiacan","138":"product_tag-venta-proteina-distrito-federal","139":"product_tag-venta-proteina-en-guadalajara","140":"product_tag-venta-proteina-en-jalisco","141":"product_tag-venta-proteina-en-jalisco-venta-de-proteina-en-tlaquepaque","142":"product_tag-venta-proteina-en-nuevo-leon","143":"product_tag-venta-proteina-en-tesistan","144":"product_tag-venta-proteina-en-tlajomulco","145":"product_tag-venta-proteina-en-tlaquepaque","146":"product_tag-venta-proteina-en-tonala","147":"product_tag-venta-proteina-estado-de-mexico","148":"product_tag-venta-proteina-estados-unidos","149":"product_tag-venta-proteina-gph-nutrition","150":"product_tag-venta-proteina-guadalajara","151":"product_tag-venta-proteina-guanajuato","152":"product_tag-venta-proteina-guerrero","153":"product_tag-venta-proteina-isolate-acapulco","154":"product_tag-venta-proteina-isolate-apatzingan","155":"product_tag-venta-proteina-isolate-chiapas","156":"product_tag-venta-proteina-isolate-chihuahua","157":"product_tag-venta-proteina-isolate-colima","158":"product_tag-venta-proteina-isolate-cuernavaca","159":"product_tag-venta-proteina-isolate-culiacan","160":"product_tag-venta-proteina-isolate-distrito-federal","161":"product_tag-venta-proteina-isolate-estado-de-mexico","162":"product_tag-venta-proteina-isolate-guerrero","163":"product_tag-venta-proteina-isolate-manzanillo","164":"product_tag-venta-proteina-isolate-mexicali","165":"product_tag-venta-proteina-isolate-michoacan","166":"product_tag-venta-proteina-isolate-morelos","167":"product_tag-venta-proteina-isolate-nuevo-laredo","168":"product_tag-venta-proteina-isolate-oaxaca","169":"product_tag-venta-proteina-isolate-polanco","170":"product_tag-venta-proteina-isolate-queretaro","171":"product_tag-venta-proteina-isolate-san-luis-potosi","172":"product_tag-venta-proteina-isolate-tabasco","173":"product_tag-venta-proteina-isolate-tesistan","174":"product_tag-venta-proteina-isolate-tlajomulco","175":"product_tag-venta-proteina-isolate-tlaquepaque","176":"product_tag-venta-proteina-isolate-tlaxcala","177":"product_tag-venta-proteina-isolate-toluca","178":"product_tag-venta-proteina-isolate-tonala","179":"product_tag-venta-proteina-jalisco","180":"product_tag-venta-proteina-manzanillo","181":"product_tag-venta-proteina-mexicali","182":"product_tag-venta-proteina-mexico","183":"product_tag-venta-proteina-miami","184":"product_tag-venta-proteina-michoacan","185":"product_tag-venta-proteina-monterrey","186":"product_tag-venta-proteina-morelos","187":"product_tag-venta-proteina-muer-nuevo-laredo","188":"product_tag-venta-proteina-muer-queretaro","189":"product_tag-venta-proteina-mujer-los-angeles","190":"product_tag-venta-proteina-new-york","191":"product_tag-venta-proteina-oaxaca","192":"product_tag-venta-proteina-playa-del-carmen","193":"product_tag-venta-proteina-polanco","194":"product_tag-venta-proteina-puerto-rico","195":"product_tag-venta-proteina-sinaloa","196":"product_tag-venta-proteina-sonora","197":"product_tag-venta-proteina-tabasco","198":"product_tag-venta-proteina-tamaulipas","199":"product_tag-venta-proteina-tesistan","200":"product_tag-venta-proteina-texas","201":"product_tag-venta-proteina-tijuana","202":"product_tag-venta-proteina-tlajomulco","203":"product_tag-venta-proteina-tlaquepaque","204":"product_tag-venta-proteina-tlaxcala","205":"product_tag-venta-proteina-toluca","206":"product_tag-venta-proteina-tonala","207":"product_tag-venta-proteina-usa","208":"product_tag-venta-proteina-veracruz","209":"product_tag-venta-proteina-whey-protein-del-carmen","210":"product_tag-venta-proteina-whey-protein-tesistan","211":"product_tag-venta-proteina-whey-protein-tlajomulco","212":"product_tag-venta-proteina-yucatan","213":"product_tag-venta-proteinanisolatada-san-luis-potosi","214":"product_tag-venta-proteinas-guadalajara-jalisco","215":"product_tag-venta-samrs-guadalajara","216":"product_tag-venta-suplementos-andares","217":"product_tag-venta-suplementos-arandas","218":"product_tag-venta-suplementos-bugambilias","219":"product_tag-venta-suplementos-chapala","220":"product_tag-venta-suplementos-ciudad-de-mexico","221":"product_tag-venta-suplementos-country-club-guadalajara","222":"product_tag-venta-suplementos-en-mexico","223":"product_tag-venta-suplementos-gph-nutrition","224":"product_tag-venta-suplementos-guadalajara","225":"product_tag-venta-suplementos-guadalajara-gph-nutrition","226":"product_tag-venta-suplementos-jalisco","227":"product_tag-venta-suplementos-las-aguilas","228":"product_tag-venta-suplementos-lopez-mateos-guadalajara","229":"product_tag-venta-suplementos-mexico","230":"product_tag-venta-suplementos-monterrey","231":"product_tag-venta-suplementos-naciones-unidas-zapopan","232":"product_tag-venta-suplementos-nayarit","233":"product_tag-venta-suplementos-on-zapopan","234":"product_tag-venta-suplementos-optimun-nutrition-guadalajara","235":"product_tag-venta-suplementos-patria-zapopan","236":"product_tag-venta-suplementos-plaza-del-sol-zapopan","237":"product_tag-venta-suplementos-providencia-guadalajara","238":"product_tag-venta-suplementos-puente-grande","239":"product_tag-venta-suplementos-puerto-vallarta","240":"product_tag-venta-suplementos-punto-sur","241":"product_tag-venta-suplementos-rio-nilo-revolucion-tlaquepaque","242":"product_tag-venta-suplementos-santa-anita","243":"product_tag-venta-suplementos-tequila-jalisco","244":"product_tag-venta-suplementos-tesistan","245":"product_tag-venta-suplementos-tlajomulco","246":"product_tag-venta-suplementos-tlajomulco-de-zuniga","247":"product_tag-venta-suplementos-tlaquepaque","248":"product_tag-venta-suplementos-tlaquepaque-gph-nutrition","249":"product_tag-venta-suplementos-tonala","250":"product_tag-venta-suplementos-universidad-zapopan","251":"product_tag-venta-suplementos-victoria-zapopan","252":"product_tag-venta-suplementos-zapopan","253":"product_tag-venta-suplementos-zapopan-gph-nutrition","254":"product_tag-venta-suplementos-zapotlanejo","255":"product_tag-venta-whey-protein-acapulco","256":"product_tag-venta-whey-protein-apatzingan","257":"product_tag-venta-whey-protein-california","258":"product_tag-venta-whey-protein-cancun","259":"product_tag-venta-whey-protein-chiapas","260":"product_tag-venta-whey-protein-chicago","261":"product_tag-venta-whey-protein-chihuahua","262":"product_tag-venta-whey-protein-ciudad-de-mexico","263":"product_tag-venta-whey-protein-colima","264":"product_tag-venta-whey-protein-cuernavaca","265":"product_tag-venta-whey-protein-culiacan","266":"product_tag-venta-whey-protein-distrito-federal","267":"product_tag-venta-whey-protein-en-guadalajara","268":"product_tag-venta-whey-protein-en-jalisco","269":"product_tag-venta-whey-protein-en-nuevo-leon","270":"product_tag-venta-whey-protein-en-tesistan","271":"product_tag-venta-whey-protein-en-tlajomulco","272":"product_tag-venta-whey-protein-en-tlaquepaque","273":"product_tag-venta-whey-protein-en-tonala","274":"product_tag-venta-whey-protein-estado-de-mexico","275":"product_tag-venta-whey-protein-estados-unidos","276":"product_tag-venta-whey-protein-gph-nutrition","277":"product_tag-venta-whey-protein-guadalajara","278":"product_tag-venta-whey-protein-guanajuato","279":"product_tag-venta-whey-protein-guerrero","280":"product_tag-venta-whey-protein-jalisco","281":"product_tag-venta-whey-protein-los-angeles","282":"product_tag-venta-whey-protein-manzanillo","283":"product_tag-venta-whey-protein-mexicali","284":"product_tag-venta-whey-protein-mexico","285":"product_tag-venta-whey-protein-miami","286":"product_tag-venta-whey-protein-michoacan","287":"product_tag-venta-whey-protein-monterrey","288":"product_tag-venta-whey-protein-morelos","289":"product_tag-venta-whey-protein-new-york","290":"product_tag-venta-whey-protein-nuevo-laredo","291":"product_tag-venta-whey-protein-oaxaca","292":"product_tag-venta-whey-protein-polanco","293":"product_tag-venta-whey-protein-puerto-rico","294":"product_tag-venta-whey-protein-queretaro","295":"product_tag-venta-whey-protein-san-luis-potosi","296":"product_tag-venta-whey-protein-sinaloa","297":"product_tag-venta-whey-protein-sonora","298":"product_tag-venta-whey-protein-tabasco","299":"product_tag-venta-whey-protein-tamaulipas","300":"product_tag-venta-whey-protein-texas","301":"product_tag-venta-whey-protein-tijuana","302":"product_tag-venta-whey-protein-tlaquepaque","303":"product_tag-venta-whey-protein-tlaxcala","304":"product_tag-venta-whey-protein-toluca","305":"product_tag-venta-whey-protein-tonala","306":"product_tag-venta-whey-protein-usa","307":"product_tag-venta-whey-protein-veracruz","308":"product_tag-venta-whey-protein-yucatan","309":"product_tag-venta-whey-proteinen-tonala","310":"product_tag-ventaesteroides-com","311":"product_tag-vidafitstore","312":"product_tag-whey-protein-en-cancun","313":"product_tag-whey-protein-en-estados-unidos","314":"product_tag-whey-protein-en-guadalajara","315":"product_tag-whey-protein-en-jalisco","316":"product_tag-whey-protein-en-los-angeles","317":"product_tag-whey-protein-en-mexico","318":"product_tag-whey-protein-en-monterrey","319":"product_tag-whey-protein-en-puerto-rico","320":"product_tag-whey-protein-en-puerto-vallarta","321":"product_tag-whey-protein-en-quintana-roo","322":"product_tag-whey-protein-en-tesistan","323":"product_tag-whey-protein-en-texas","324":"product_tag-whey-protein-en-tijuana","325":"product_tag-whey-protein-en-tlajomulco","326":"product_tag-whey-protein-en-tlaquepaque","327":"product_tag-whey-protein-en-tonala","328":"product_tag-whey-protein-en-yucatan","329":"product_tag-whey-protein-en-zapopan","330":"product_tag-whey-protein-gph-nutrition","331":"product_tag-whey-proteinen-ciudad-de-mexico","333":"first","334":"onbackorder","335":"shipping-taxable","336":"purchasable","337":"product-type-simple"},"_links":{"self":[{"href":"https:\/\/proviron.com.mx\/index.php\/wp-json\/wp\/v2\/product\/287","targetHints":{"allow":["GET"]}}],"collection":[{"href":"https:\/\/proviron.com.mx\/index.php\/wp-json\/wp\/v2\/product"}],"about":[{"href":"https:\/\/proviron.com.mx\/index.php\/wp-json\/wp\/v2\/types\/product"}],"replies":[{"embeddable":true,"href":"https:\/\/proviron.com.mx\/index.php\/wp-json\/wp\/v2\/comments?post=287"}],"wp:featuredmedia":[{"embeddable":true,"href":"https:\/\/proviron.com.mx\/index.php\/wp-json\/wp\/v2\/media\/2647"}],"wp:attachment":[{"href":"https:\/\/proviron.com.mx\/index.php\/wp-json\/wp\/v2\/media?parent=287"}],"wp:term":[{"taxonomy":"product_brand","embeddable":true,"href":"https:\/\/proviron.com.mx\/index.php\/wp-json\/wp\/v2\/product_brand?post=287"},{"taxonomy":"product_cat","embeddable":true,"href":"https:\/\/proviron.com.mx\/index.php\/wp-json\/wp\/v2\/product_cat?post=287"},{"taxonomy":"product_tag","embeddable":true,"href":"https:\/\/proviron.com.mx\/index.php\/wp-json\/wp\/v2\/product_tag?post=287"}],"curies":[{"name":"wp","href":"https:\/\/api.w.org\/{rel}","templated":true}]}}