{"id":299,"date":"2022-06-12T21:44:26","date_gmt":"2022-06-13T02:44:26","guid":{"rendered":"http:\/\/proviron.com.mx\/?post_type=product&#038;p=299"},"modified":"2025-05-09T22:19:04","modified_gmt":"2025-05-10T04:19:04","slug":"02-nubreed-phantom-90-caps","status":"publish","type":"product","link":"https:\/\/proviron.com.mx\/index.php\/producto\/02-nubreed-phantom-90-caps\/","title":{"rendered":"NUBREED PHANTOM 90 CAPS"},"content":{"rendered":"","protected":false},"excerpt":{"rendered":"<p>El sellador M\u00c1S POTENTE del Planeta.<br \/>\nEl resultado ser\u00e1 1 s\u00f3lo: TU PIEL QUE- DAR\u00c1 PEGADA AL M\u00daSCULO. Phantom es un poderoso definidor que someter\u00e1 tu cuerpo las 24 horas del d\u00eda eliminando cualquier dep\u00f3sito de grasa en tu cuerpo, inhibiendo POR COMPLETO la ansiedad , eliminando los l\u00edquidos retenidos, drenando e impidiendo la absorci\u00f3n de grasa, Acelerando y turbocargando tu meta- bolismo para transformar y dejar pegada la piel al m\u00fasculo.<\/p>\n","protected":false},"featured_media":2664,"comment_status":"open","ping_status":"closed","template":"","meta":{"_joinchat":[]},"product_brand":[],"product_cat":[2448],"product_tag":[458,27,58,59,31,24254,462,62,63,54],"class_list":{"0":"post-299","1":"product","2":"type-product","3":"status-publish","4":"has-post-thumbnail","6":"product_cat-quemadores","7":"product_tag-gat","8":"product_tag-gph-nutrition","9":"product_tag-gph-pharmaceuticals","10":"product_tag-mexico","11":"product_tag-mutant","12":"product_tag-nubreed-phantom-90-caps","13":"product_tag-on-nutrition","14":"product_tag-suplementos-guadalajara","15":"product_tag-venta","16":"product_tag-vidafitstore","18":"first","19":"outofstock","20":"shipping-taxable","21":"purchasable","22":"product-type-simple"},"_links":{"self":[{"href":"https:\/\/proviron.com.mx\/index.php\/wp-json\/wp\/v2\/product\/299","targetHints":{"allow":["GET"]}}],"collection":[{"href":"https:\/\/proviron.com.mx\/index.php\/wp-json\/wp\/v2\/product"}],"about":[{"href":"https:\/\/proviron.com.mx\/index.php\/wp-json\/wp\/v2\/types\/product"}],"replies":[{"embeddable":true,"href":"https:\/\/proviron.com.mx\/index.php\/wp-json\/wp\/v2\/comments?post=299"}],"wp:featuredmedia":[{"embeddable":true,"href":"https:\/\/proviron.com.mx\/index.php\/wp-json\/wp\/v2\/media\/2664"}],"wp:attachment":[{"href":"https:\/\/proviron.com.mx\/index.php\/wp-json\/wp\/v2\/media?parent=299"}],"wp:term":[{"taxonomy":"product_brand","embeddable":true,"href":"https:\/\/proviron.com.mx\/index.php\/wp-json\/wp\/v2\/product_brand?post=299"},{"taxonomy":"product_cat","embeddable":true,"href":"https:\/\/proviron.com.mx\/index.php\/wp-json\/wp\/v2\/product_cat?post=299"},{"taxonomy":"product_tag","embeddable":true,"href":"https:\/\/proviron.com.mx\/index.php\/wp-json\/wp\/v2\/product_tag?post=299"}],"curies":[{"name":"wp","href":"https:\/\/api.w.org\/{rel}","templated":true}]}}