{"id":309,"date":"2022-06-12T21:44:28","date_gmt":"2022-06-13T02:44:28","guid":{"rendered":"http:\/\/proviron.com.mx\/?post_type=product&#038;p=309"},"modified":"2025-05-09T22:19:13","modified_gmt":"2025-05-10T04:19:13","slug":"05-muscle-tech-hydroxycut-next-generation-100-caps","status":"publish","type":"product","link":"https:\/\/proviron.com.mx\/index.php\/producto\/05-muscle-tech-hydroxycut-next-generation-100-caps\/","title":{"rendered":"MUSCLE TECH HYDROXYCUT NEXT GENERATION 100 CAPS"},"content":{"rendered":"","protected":false},"excerpt":{"rendered":"<p>Hydroxycut Hardcore Next Gen de Hydroxycut Line es un termog\u00e9nico de \u00faltima generaci\u00f3n dise\u00f1ado para la p\u00e9rdida extrema de peso que aumen- tar\u00e1 la lip\u00f3lisis, aumentar\u00e1 la disponi- bilidad de energ\u00eda y mejorar\u00e1 la capa- cidad de concentraci\u00f3n. Consiste en un termog\u00e9nico de alta potencia que contiene una combinaci\u00f3n de diferen- tes ingredientes con la finalidad de reducir la grasa corporal.<br \/>\nPara lograr perder peso, es b\u00e1sico conseguir un d\u00e9ficit cal\u00f3rico y realizar una actividad f\u00edsica regular, pero no es f\u00e1cil mantener la constancia durante todo el proceso y es por eso que Hydroxycut Hardcore Next Gen tam- bi\u00e9n nos aporta un extra de energ\u00eda a la vez que potenciar\u00e1 nuestra capaci- dad de concentraci\u00f3n y mejorar\u00e1 nuestro estado de \u00e1nimo y entusias- mo.<\/p>\n","protected":false},"featured_media":2679,"comment_status":"open","ping_status":"closed","template":"","meta":{"_joinchat":[]},"product_brand":[],"product_cat":[2448],"product_tag":[458,27,58,59,24259,31,462,62,63,54],"class_list":{"0":"post-309","1":"product","2":"type-product","3":"status-publish","4":"has-post-thumbnail","6":"product_cat-quemadores","7":"product_tag-gat","8":"product_tag-gph-nutrition","9":"product_tag-gph-pharmaceuticals","10":"product_tag-mexico","11":"product_tag-muscle-tech-hydroxycut-next-generation-100-caps","12":"product_tag-mutant","13":"product_tag-on-nutrition","14":"product_tag-suplementos-guadalajara","15":"product_tag-venta","16":"product_tag-vidafitstore","18":"first","19":"outofstock","20":"shipping-taxable","21":"purchasable","22":"product-type-simple"},"_links":{"self":[{"href":"https:\/\/proviron.com.mx\/index.php\/wp-json\/wp\/v2\/product\/309","targetHints":{"allow":["GET"]}}],"collection":[{"href":"https:\/\/proviron.com.mx\/index.php\/wp-json\/wp\/v2\/product"}],"about":[{"href":"https:\/\/proviron.com.mx\/index.php\/wp-json\/wp\/v2\/types\/product"}],"replies":[{"embeddable":true,"href":"https:\/\/proviron.com.mx\/index.php\/wp-json\/wp\/v2\/comments?post=309"}],"wp:featuredmedia":[{"embeddable":true,"href":"https:\/\/proviron.com.mx\/index.php\/wp-json\/wp\/v2\/media\/2679"}],"wp:attachment":[{"href":"https:\/\/proviron.com.mx\/index.php\/wp-json\/wp\/v2\/media?parent=309"}],"wp:term":[{"taxonomy":"product_brand","embeddable":true,"href":"https:\/\/proviron.com.mx\/index.php\/wp-json\/wp\/v2\/product_brand?post=309"},{"taxonomy":"product_cat","embeddable":true,"href":"https:\/\/proviron.com.mx\/index.php\/wp-json\/wp\/v2\/product_cat?post=309"},{"taxonomy":"product_tag","embeddable":true,"href":"https:\/\/proviron.com.mx\/index.php\/wp-json\/wp\/v2\/product_tag?post=309"}],"curies":[{"name":"wp","href":"https:\/\/api.w.org\/{rel}","templated":true}]}}