{"id":313,"date":"2022-06-12T21:44:28","date_gmt":"2022-06-13T02:44:28","guid":{"rendered":"http:\/\/proviron.com.mx\/?post_type=product&#038;p=313"},"modified":"2025-05-09T22:19:16","modified_gmt":"2025-05-10T04:19:16","slug":"07-insane-cutz-45-ct","status":"publish","type":"product","link":"https:\/\/proviron.com.mx\/index.php\/producto\/07-insane-cutz-45-ct\/","title":{"rendered":"INSANE CUTZ 45 CT"},"content":{"rendered":"","protected":false},"excerpt":{"rendered":"<p>Insane Cutz es un suplemento asesino de grasas state of the art dise\u00f1ado solo para usuarios avanzados. Insane Cutz incremente tu energ\u00eda, corta tu grasa, y como ning\u00fan otro producto en el mercado, se presta para un gran efecto termog\u00e9nico. Si has probado alguno de nuestros productos sabes que puedes confiar en la palabra de Asylum \u00a1C\u00f3mpralo ahora, m\u00e1s tarde nos agradecer\u00e1s!<\/p>\n","protected":false},"featured_media":2685,"comment_status":"open","ping_status":"closed","template":"","meta":{"_joinchat":[]},"product_brand":[],"product_cat":[2448],"product_tag":[458,27,58,24261,59,31,462,62,63,54],"class_list":{"0":"post-313","1":"product","2":"type-product","3":"status-publish","4":"has-post-thumbnail","6":"product_cat-quemadores","7":"product_tag-gat","8":"product_tag-gph-nutrition","9":"product_tag-gph-pharmaceuticals","10":"product_tag-insane-cutz-45-ct","11":"product_tag-mexico","12":"product_tag-mutant","13":"product_tag-on-nutrition","14":"product_tag-suplementos-guadalajara","15":"product_tag-venta","16":"product_tag-vidafitstore","18":"first","19":"outofstock","20":"shipping-taxable","21":"purchasable","22":"product-type-simple"},"_links":{"self":[{"href":"https:\/\/proviron.com.mx\/index.php\/wp-json\/wp\/v2\/product\/313","targetHints":{"allow":["GET"]}}],"collection":[{"href":"https:\/\/proviron.com.mx\/index.php\/wp-json\/wp\/v2\/product"}],"about":[{"href":"https:\/\/proviron.com.mx\/index.php\/wp-json\/wp\/v2\/types\/product"}],"replies":[{"embeddable":true,"href":"https:\/\/proviron.com.mx\/index.php\/wp-json\/wp\/v2\/comments?post=313"}],"wp:featuredmedia":[{"embeddable":true,"href":"https:\/\/proviron.com.mx\/index.php\/wp-json\/wp\/v2\/media\/2685"}],"wp:attachment":[{"href":"https:\/\/proviron.com.mx\/index.php\/wp-json\/wp\/v2\/media?parent=313"}],"wp:term":[{"taxonomy":"product_brand","embeddable":true,"href":"https:\/\/proviron.com.mx\/index.php\/wp-json\/wp\/v2\/product_brand?post=313"},{"taxonomy":"product_cat","embeddable":true,"href":"https:\/\/proviron.com.mx\/index.php\/wp-json\/wp\/v2\/product_cat?post=313"},{"taxonomy":"product_tag","embeddable":true,"href":"https:\/\/proviron.com.mx\/index.php\/wp-json\/wp\/v2\/product_tag?post=313"}],"curies":[{"name":"wp","href":"https:\/\/api.w.org\/{rel}","templated":true}]}}