{"id":317,"date":"2022-06-12T21:44:30","date_gmt":"2022-06-13T02:44:30","guid":{"rendered":"http:\/\/proviron.com.mx\/?post_type=product&#038;p=317"},"modified":"2025-05-09T22:19:22","modified_gmt":"2025-05-10T04:19:22","slug":"13-bpi-sports-nite-burn-30-serv","status":"publish","type":"product","link":"https:\/\/proviron.com.mx\/index.php\/producto\/13-bpi-sports-nite-burn-30-serv\/","title":{"rendered":"BPI SPORTS NITE BURN 30 SERV"},"content":{"rendered":"","protected":false},"excerpt":{"rendered":"<p>Quema grasa: un termog\u00e9nico que funciona elevando la tem- peratura interna del cuerpo, que requiere energ\u00eda<br \/>\nSoporte del metabolismo: con- tiene ingredientes clave que queman grasa como granos de caf\u00e9 verde y cetonas de frambuesa<br \/>\nAyuda para dormir: melatoni- na pura y de alta calidad y L-tript\u00f3fano que promueve un sue\u00f1o saludable y profundo REM<br \/>\nC\u00e1psula termog\u00e9nica amiga- ble con la dieta cetog\u00e9nica: tambi\u00e9n contiene frijoles blan- cos y b\u00e1lsamo de lim\u00f3n<\/p>\n","protected":false},"featured_media":2691,"comment_status":"open","ping_status":"closed","template":"","meta":{"_joinchat":[]},"product_brand":[],"product_cat":[2448],"product_tag":[24263,458,27,58,59,31,462,62,63,54],"class_list":{"0":"post-317","1":"product","2":"type-product","3":"status-publish","4":"has-post-thumbnail","6":"product_cat-quemadores","7":"product_tag-bpi-sports-nite-burn-30-serv","8":"product_tag-gat","9":"product_tag-gph-nutrition","10":"product_tag-gph-pharmaceuticals","11":"product_tag-mexico","12":"product_tag-mutant","13":"product_tag-on-nutrition","14":"product_tag-suplementos-guadalajara","15":"product_tag-venta","16":"product_tag-vidafitstore","18":"first","19":"outofstock","20":"shipping-taxable","21":"purchasable","22":"product-type-simple"},"_links":{"self":[{"href":"https:\/\/proviron.com.mx\/index.php\/wp-json\/wp\/v2\/product\/317","targetHints":{"allow":["GET"]}}],"collection":[{"href":"https:\/\/proviron.com.mx\/index.php\/wp-json\/wp\/v2\/product"}],"about":[{"href":"https:\/\/proviron.com.mx\/index.php\/wp-json\/wp\/v2\/types\/product"}],"replies":[{"embeddable":true,"href":"https:\/\/proviron.com.mx\/index.php\/wp-json\/wp\/v2\/comments?post=317"}],"wp:featuredmedia":[{"embeddable":true,"href":"https:\/\/proviron.com.mx\/index.php\/wp-json\/wp\/v2\/media\/2691"}],"wp:attachment":[{"href":"https:\/\/proviron.com.mx\/index.php\/wp-json\/wp\/v2\/media?parent=317"}],"wp:term":[{"taxonomy":"product_brand","embeddable":true,"href":"https:\/\/proviron.com.mx\/index.php\/wp-json\/wp\/v2\/product_brand?post=317"},{"taxonomy":"product_cat","embeddable":true,"href":"https:\/\/proviron.com.mx\/index.php\/wp-json\/wp\/v2\/product_cat?post=317"},{"taxonomy":"product_tag","embeddable":true,"href":"https:\/\/proviron.com.mx\/index.php\/wp-json\/wp\/v2\/product_tag?post=317"}],"curies":[{"name":"wp","href":"https:\/\/api.w.org\/{rel}","templated":true}]}}