{"id":319,"date":"2022-06-12T21:44:30","date_gmt":"2022-06-13T02:44:30","guid":{"rendered":"http:\/\/proviron.com.mx\/?post_type=product&#038;p=319"},"modified":"2025-05-09T22:19:23","modified_gmt":"2025-05-10T04:19:23","slug":"13-nutrex-lipo-6-black-keto-60-ct","status":"publish","type":"product","link":"https:\/\/proviron.com.mx\/index.php\/producto\/13-nutrex-lipo-6-black-keto-60-ct\/","title":{"rendered":"NUTREX LIPO 6 BLACK KETO 60 CT"},"content":{"rendered":"","protected":false},"excerpt":{"rendered":"<p>LIPO-6 BLACK KETO utiliza una poten- te fuente de cetonas ex\u00f3genas que puede ayudarlo a entrar en la cetosis m\u00e1s r\u00e1pido. Un estado de cetosis hace que su cuerpo use la grasa como su fuente principal de combustible, ace- lera su metabolismo, ayuda a controlar los antojos de hambre, aumenta la resistencia y aumenta la claridad mental. \u00a1Esta f\u00f3rmula avanzada es impulsada por goBHB\u00ae patentado y los ingredientes de apoyo para iniciar- te en la cetosis de inmediato<\/p>\n","protected":false},"featured_media":2694,"comment_status":"open","ping_status":"closed","template":"","meta":{"_joinchat":[]},"product_brand":[],"product_cat":[2448],"product_tag":[458,27,58,59,31,24264,462,62,63,54],"class_list":{"0":"post-319","1":"product","2":"type-product","3":"status-publish","4":"has-post-thumbnail","6":"product_cat-quemadores","7":"product_tag-gat","8":"product_tag-gph-nutrition","9":"product_tag-gph-pharmaceuticals","10":"product_tag-mexico","11":"product_tag-mutant","12":"product_tag-nutrex-lipo-6-black-keto-60-ct","13":"product_tag-on-nutrition","14":"product_tag-suplementos-guadalajara","15":"product_tag-venta","16":"product_tag-vidafitstore","18":"first","19":"outofstock","20":"shipping-taxable","21":"purchasable","22":"product-type-simple"},"_links":{"self":[{"href":"https:\/\/proviron.com.mx\/index.php\/wp-json\/wp\/v2\/product\/319","targetHints":{"allow":["GET"]}}],"collection":[{"href":"https:\/\/proviron.com.mx\/index.php\/wp-json\/wp\/v2\/product"}],"about":[{"href":"https:\/\/proviron.com.mx\/index.php\/wp-json\/wp\/v2\/types\/product"}],"replies":[{"embeddable":true,"href":"https:\/\/proviron.com.mx\/index.php\/wp-json\/wp\/v2\/comments?post=319"}],"wp:featuredmedia":[{"embeddable":true,"href":"https:\/\/proviron.com.mx\/index.php\/wp-json\/wp\/v2\/media\/2694"}],"wp:attachment":[{"href":"https:\/\/proviron.com.mx\/index.php\/wp-json\/wp\/v2\/media?parent=319"}],"wp:term":[{"taxonomy":"product_brand","embeddable":true,"href":"https:\/\/proviron.com.mx\/index.php\/wp-json\/wp\/v2\/product_brand?post=319"},{"taxonomy":"product_cat","embeddable":true,"href":"https:\/\/proviron.com.mx\/index.php\/wp-json\/wp\/v2\/product_cat?post=319"},{"taxonomy":"product_tag","embeddable":true,"href":"https:\/\/proviron.com.mx\/index.php\/wp-json\/wp\/v2\/product_tag?post=319"}],"curies":[{"name":"wp","href":"https:\/\/api.w.org\/{rel}","templated":true}]}}