{"id":321,"date":"2022-06-12T21:44:30","date_gmt":"2022-06-13T02:44:30","guid":{"rendered":"http:\/\/proviron.com.mx\/?post_type=product&#038;p=321"},"modified":"2025-05-09T22:19:25","modified_gmt":"2025-05-10T04:19:25","slug":"14-nutrex-lipo-6-black-probiotic-30-caps","status":"publish","type":"product","link":"https:\/\/proviron.com.mx\/index.php\/producto\/14-nutrex-lipo-6-black-probiotic-30-caps\/","title":{"rendered":"NUTREX LIPO 6 BLACK PROBIOTIC 30 CAPS"},"content":{"rendered":"","protected":false},"excerpt":{"rendered":"<p>LIPO6 BLACK PROBIOTIC es una f\u00f3r- mula completa 3 en 1 con probi\u00f3ticos, prebi\u00f3ticos y enzimas digestivas dise- \u00f1ada para ayudar a promover bacte- rias saludables, mejorar la salud intes- tinal, optimizar la digesti\u00f3n y fortale- cer su sistema inmunol\u00f3gico al mismo tiempo que ayuda a reducir la grasa corporal.<\/p>\n","protected":false},"featured_media":2697,"comment_status":"open","ping_status":"closed","template":"","meta":{"_joinchat":[]},"product_brand":[],"product_cat":[2448],"product_tag":[458,27,58,59,31,24265,462,62,63,54],"class_list":{"0":"post-321","1":"product","2":"type-product","3":"status-publish","4":"has-post-thumbnail","6":"product_cat-quemadores","7":"product_tag-gat","8":"product_tag-gph-nutrition","9":"product_tag-gph-pharmaceuticals","10":"product_tag-mexico","11":"product_tag-mutant","12":"product_tag-nutrex-lipo-6-black-probiotic-30-caps","13":"product_tag-on-nutrition","14":"product_tag-suplementos-guadalajara","15":"product_tag-venta","16":"product_tag-vidafitstore","18":"first","19":"outofstock","20":"shipping-taxable","21":"purchasable","22":"product-type-simple"},"_links":{"self":[{"href":"https:\/\/proviron.com.mx\/index.php\/wp-json\/wp\/v2\/product\/321","targetHints":{"allow":["GET"]}}],"collection":[{"href":"https:\/\/proviron.com.mx\/index.php\/wp-json\/wp\/v2\/product"}],"about":[{"href":"https:\/\/proviron.com.mx\/index.php\/wp-json\/wp\/v2\/types\/product"}],"replies":[{"embeddable":true,"href":"https:\/\/proviron.com.mx\/index.php\/wp-json\/wp\/v2\/comments?post=321"}],"wp:featuredmedia":[{"embeddable":true,"href":"https:\/\/proviron.com.mx\/index.php\/wp-json\/wp\/v2\/media\/2697"}],"wp:attachment":[{"href":"https:\/\/proviron.com.mx\/index.php\/wp-json\/wp\/v2\/media?parent=321"}],"wp:term":[{"taxonomy":"product_brand","embeddable":true,"href":"https:\/\/proviron.com.mx\/index.php\/wp-json\/wp\/v2\/product_brand?post=321"},{"taxonomy":"product_cat","embeddable":true,"href":"https:\/\/proviron.com.mx\/index.php\/wp-json\/wp\/v2\/product_cat?post=321"},{"taxonomy":"product_tag","embeddable":true,"href":"https:\/\/proviron.com.mx\/index.php\/wp-json\/wp\/v2\/product_tag?post=321"}],"curies":[{"name":"wp","href":"https:\/\/api.w.org\/{rel}","templated":true}]}}