{"id":323,"date":"2022-06-12T21:44:31","date_gmt":"2022-06-13T02:44:31","guid":{"rendered":"http:\/\/proviron.com.mx\/?post_type=product&#038;p=323"},"modified":"2025-05-09T22:19:27","modified_gmt":"2025-05-10T04:19:27","slug":"16-insane-kill-20-60-caps","status":"publish","type":"product","link":"https:\/\/proviron.com.mx\/index.php\/producto\/16-insane-kill-20-60-caps\/","title":{"rendered":"INSANE KILL 20 60 CAPS"},"content":{"rendered":"","protected":false},"excerpt":{"rendered":"<p>MEJORA LA DEFINICI\u00d3N MUSCULAR. REDUCIR LA RETENCI\u00d3N DE AGUA GARANT\u00cdA DE QU\u00cdMICO LOCO. Insane Labz se enorgullece de tener ingre- dientes de la m\u00e1s alta calidad para combinar con los mejores productos del mercado. Cuando ordena los suplementos de Insane Labz, sabe que est\u00e1 obteniendo un producto incom- parable que ninguna otra compa\u00f1\u00eda puede igualar.<br \/>\nNota: Este producto incluye un dese- cante de s\u00edlice de la marca Insane Labz para absorber la humedad y evitar la formaci\u00f3n de grumos. Mantenga el desecante en la botella hasta que se use todo el producto, para mantener la frescura. Mantener fuera del alcance de los ni\u00f1os y no consumir.<\/p>\n","protected":false},"featured_media":2700,"comment_status":"open","ping_status":"closed","template":"","meta":{"_joinchat":[]},"product_brand":[],"product_cat":[2448],"product_tag":[23,2466,2467,24,25,26,27,28,29,30,31,32,33,34,36,37,38,62,39,230,2469,42,43,44,46,47,48,49,50,51,52,53,24266,54],"class_list":{"0":"post-323","1":"product","2":"type-product","3":"status-publish","4":"has-post-thumbnail","6":"product_cat-quemadores","7":"product_tag-cloma-pharma","8":"product_tag-creapure","9":"product_tag-creatina-bpi-zapopan","10":"product_tag-dymatize","11":"product_tag-en-guadalajara","12":"product_tag-finaflex","13":"product_tag-gph-nutrition","14":"product_tag-insane","15":"product_tag-lipo6","16":"product_tag-muscle-meds","17":"product_tag-mutant","18":"product_tag-naturest-best","19":"product_tag-nitrotech","20":"product_tag-nutrex","21":"product_tag-on","22":"product_tag-optimun-nutrition","23":"product_tag-ronnie-coleman","24":"product_tag-suplementos-guadalajara","25":"product_tag-universal","26":"product_tag-venta-creatina-en-guadalajara","27":"product_tag-venta-creatina-monohidrato-guadalajara-jalisco","28":"product_tag-venta-esteroides-anabolicos-en-guadalajara","29":"product_tag-venta-esteroides-anabolicos-en-monterrey","30":"product_tag-venta-esteroides-anabolicos-mexico","31":"product_tag-venta-samrs-guadalajara","32":"product_tag-venta-suplementos-bpi","33":"product_tag-venta-suplementos-en-mexico","34":"product_tag-venta-suplementos-finaflex-zapopan","35":"product_tag-venta-suplementos-gph-nutrition","36":"product_tag-venta-suplementos-guadalajara","37":"product_tag-venta-suplementos-monterrey","38":"product_tag-venta-suplementos-optimun-nutrition-guadalajara","39":"product_tag-ventainsane-kill-20-60-caps-guadalajara-jalisco","40":"product_tag-vidafitstore","42":"first","43":"outofstock","44":"shipping-taxable","45":"purchasable","46":"product-type-simple"},"_links":{"self":[{"href":"https:\/\/proviron.com.mx\/index.php\/wp-json\/wp\/v2\/product\/323","targetHints":{"allow":["GET"]}}],"collection":[{"href":"https:\/\/proviron.com.mx\/index.php\/wp-json\/wp\/v2\/product"}],"about":[{"href":"https:\/\/proviron.com.mx\/index.php\/wp-json\/wp\/v2\/types\/product"}],"replies":[{"embeddable":true,"href":"https:\/\/proviron.com.mx\/index.php\/wp-json\/wp\/v2\/comments?post=323"}],"wp:featuredmedia":[{"embeddable":true,"href":"https:\/\/proviron.com.mx\/index.php\/wp-json\/wp\/v2\/media\/2700"}],"wp:attachment":[{"href":"https:\/\/proviron.com.mx\/index.php\/wp-json\/wp\/v2\/media?parent=323"}],"wp:term":[{"taxonomy":"product_brand","embeddable":true,"href":"https:\/\/proviron.com.mx\/index.php\/wp-json\/wp\/v2\/product_brand?post=323"},{"taxonomy":"product_cat","embeddable":true,"href":"https:\/\/proviron.com.mx\/index.php\/wp-json\/wp\/v2\/product_cat?post=323"},{"taxonomy":"product_tag","embeddable":true,"href":"https:\/\/proviron.com.mx\/index.php\/wp-json\/wp\/v2\/product_tag?post=323"}],"curies":[{"name":"wp","href":"https:\/\/api.w.org\/{rel}","templated":true}]}}