{"id":327,"date":"2022-06-12T21:44:31","date_gmt":"2022-06-13T02:44:31","guid":{"rendered":"http:\/\/proviron.com.mx\/?post_type=product&#038;p=327"},"modified":"2025-05-09T22:19:32","modified_gmt":"2025-05-10T04:19:32","slug":"18-nutrex-lipo-6-black-diuretic-80-ct","status":"publish","type":"product","link":"https:\/\/proviron.com.mx\/index.php\/producto\/18-nutrex-lipo-6-black-diuretic-80-ct\/","title":{"rendered":"NUTREX LIPO 6 BLACK DIURETIC 80 CT"},"content":{"rendered":"","protected":false},"excerpt":{"rendered":"<p>La f\u00f3rmula de Lipo 6 Black Diuretic est\u00e1 especialmente indicada para deportistas en fase de definici\u00f3n y contiene minerales muy importantes para el adecuado balance h\u00eddrico junto con extractos de plantas vegeta- les naturales que mejoran la capaci- dad diur\u00e9tica de nuestro organismo. Con Lipo 6 Black Diuretic conseguir\u00e1s en muy poco tiempo deshacerte de esa apariencia sin formas e hinchada que echar\u00e1 por tu tierra todo tu traba- jo antes de subir al escenario de una competici\u00f3n. Tambi\u00e9n lo puedes usar para lucirte como nunca en la playa, o para prepararte para una sesi\u00f3n de fotos o simplemente si quieres ver tu mejor versi\u00f3n para un fin de semana de diversi\u00f3n y discotecas.<br \/>\nLipo 6 Black Diuretic contiene 2 importantes minerales: potasio, un mineral que regula a la insulina y que tambi\u00e9n es muy eficiente para tu entrenamiento; y magnesio, el cual equilibra los electrolitos del organis- mo y te da m\u00e1s energ\u00eda reduciendo la fatiga.<\/p>\n","protected":false},"featured_media":2706,"comment_status":"open","ping_status":"closed","template":"","meta":{"_joinchat":[]},"product_brand":[],"product_cat":[2448],"product_tag":[458,27,58,59,31,24268,462,62,63,54],"class_list":{"0":"post-327","1":"product","2":"type-product","3":"status-publish","4":"has-post-thumbnail","6":"product_cat-quemadores","7":"product_tag-gat","8":"product_tag-gph-nutrition","9":"product_tag-gph-pharmaceuticals","10":"product_tag-mexico","11":"product_tag-mutant","12":"product_tag-nutrex-lipo-6-black-diuretic-80-ct","13":"product_tag-on-nutrition","14":"product_tag-suplementos-guadalajara","15":"product_tag-venta","16":"product_tag-vidafitstore","18":"first","19":"outofstock","20":"shipping-taxable","21":"purchasable","22":"product-type-simple"},"_links":{"self":[{"href":"https:\/\/proviron.com.mx\/index.php\/wp-json\/wp\/v2\/product\/327","targetHints":{"allow":["GET"]}}],"collection":[{"href":"https:\/\/proviron.com.mx\/index.php\/wp-json\/wp\/v2\/product"}],"about":[{"href":"https:\/\/proviron.com.mx\/index.php\/wp-json\/wp\/v2\/types\/product"}],"replies":[{"embeddable":true,"href":"https:\/\/proviron.com.mx\/index.php\/wp-json\/wp\/v2\/comments?post=327"}],"wp:featuredmedia":[{"embeddable":true,"href":"https:\/\/proviron.com.mx\/index.php\/wp-json\/wp\/v2\/media\/2706"}],"wp:attachment":[{"href":"https:\/\/proviron.com.mx\/index.php\/wp-json\/wp\/v2\/media?parent=327"}],"wp:term":[{"taxonomy":"product_brand","embeddable":true,"href":"https:\/\/proviron.com.mx\/index.php\/wp-json\/wp\/v2\/product_brand?post=327"},{"taxonomy":"product_cat","embeddable":true,"href":"https:\/\/proviron.com.mx\/index.php\/wp-json\/wp\/v2\/product_cat?post=327"},{"taxonomy":"product_tag","embeddable":true,"href":"https:\/\/proviron.com.mx\/index.php\/wp-json\/wp\/v2\/product_tag?post=327"}],"curies":[{"name":"wp","href":"https:\/\/api.w.org\/{rel}","templated":true}]}}