{"id":331,"date":"2022-06-12T21:44:32","date_gmt":"2022-06-13T02:44:32","guid":{"rendered":"http:\/\/proviron.com.mx\/?post_type=product&#038;p=331"},"modified":"2025-05-09T22:19:38","modified_gmt":"2025-05-10T04:19:38","slug":"22-nutrex-lipo-6-black-stim-free-60-caps","status":"publish","type":"product","link":"https:\/\/proviron.com.mx\/index.php\/producto\/22-nutrex-lipo-6-black-stim-free-60-caps\/","title":{"rendered":"NUTREX LIPO 6 BLACK STIM FREE 60 CAPS"},"content":{"rendered":"","protected":false},"excerpt":{"rendered":"<p>Lipo 6 Black Stim-Free es un quema- dor de grasas de \u00faltima generaci\u00f3n libre de estimulantes pero con los compuestos m\u00e1s potentes que te ayudar\u00e1n poner en funcionamiento tu metabolismo para eliminar la grasa que tanto trabajo cuesta deshacer. Es la elecci\u00f3n perfecta para aquellos que desean evitar los ingredientes estimu- lantes mientras reducen la grasa cor- poral y pierden peso. Tambi\u00e9n es una gran elecci\u00f3n para todos aquellos que les gusta alternar entre productos de p\u00e9rdida de peso que no utilizan esti- mulantes y los que si lo hacen.<br \/>\nNutrex es una de las marcas m\u00e1s solici- tadas y los productos Lipo 6 han sido un \u00e9xito en ventas desde hace a\u00f1os.<\/p>\n","protected":false},"featured_media":2712,"comment_status":"open","ping_status":"closed","template":"","meta":{"_joinchat":[]},"product_brand":[],"product_cat":[2448],"product_tag":[458,27,58,59,31,24270,462,62,63,54],"class_list":{"0":"post-331","1":"product","2":"type-product","3":"status-publish","4":"has-post-thumbnail","6":"product_cat-quemadores","7":"product_tag-gat","8":"product_tag-gph-nutrition","9":"product_tag-gph-pharmaceuticals","10":"product_tag-mexico","11":"product_tag-mutant","12":"product_tag-nutrex-lipo-6-black-stim-free-60-caps","13":"product_tag-on-nutrition","14":"product_tag-suplementos-guadalajara","15":"product_tag-venta","16":"product_tag-vidafitstore","18":"first","19":"outofstock","20":"shipping-taxable","21":"purchasable","22":"product-type-simple"},"_links":{"self":[{"href":"https:\/\/proviron.com.mx\/index.php\/wp-json\/wp\/v2\/product\/331","targetHints":{"allow":["GET"]}}],"collection":[{"href":"https:\/\/proviron.com.mx\/index.php\/wp-json\/wp\/v2\/product"}],"about":[{"href":"https:\/\/proviron.com.mx\/index.php\/wp-json\/wp\/v2\/types\/product"}],"replies":[{"embeddable":true,"href":"https:\/\/proviron.com.mx\/index.php\/wp-json\/wp\/v2\/comments?post=331"}],"wp:featuredmedia":[{"embeddable":true,"href":"https:\/\/proviron.com.mx\/index.php\/wp-json\/wp\/v2\/media\/2712"}],"wp:attachment":[{"href":"https:\/\/proviron.com.mx\/index.php\/wp-json\/wp\/v2\/media?parent=331"}],"wp:term":[{"taxonomy":"product_brand","embeddable":true,"href":"https:\/\/proviron.com.mx\/index.php\/wp-json\/wp\/v2\/product_brand?post=331"},{"taxonomy":"product_cat","embeddable":true,"href":"https:\/\/proviron.com.mx\/index.php\/wp-json\/wp\/v2\/product_cat?post=331"},{"taxonomy":"product_tag","embeddable":true,"href":"https:\/\/proviron.com.mx\/index.php\/wp-json\/wp\/v2\/product_tag?post=331"}],"curies":[{"name":"wp","href":"https:\/\/api.w.org\/{rel}","templated":true}]}}