{"id":335,"date":"2022-06-12T21:44:32","date_gmt":"2022-06-13T02:44:32","guid":{"rendered":"http:\/\/proviron.com.mx\/?post_type=product&#038;p=335"},"modified":"2025-05-09T22:19:40","modified_gmt":"2025-05-10T04:19:40","slug":"28-nutrex-lipo-6-chriomium-100-caps","status":"publish","type":"product","link":"https:\/\/proviron.com.mx\/index.php\/producto\/28-nutrex-lipo-6-chriomium-100-caps\/","title":{"rendered":"NUTREX LIPO 6 CHRIOMIUM 100 CAPS"},"content":{"rendered":"","protected":false},"excerpt":{"rendered":"<p>Lipo 6 Chromium de Nutrex es un producto a base de cromo altamente concentrado que suministra 200 mcg de picolinato de cromo en cada c\u00e1psu- la. Lipo 6 Chromium se presenta en c\u00e1psulas l\u00edquidas de r\u00e1pida absorci\u00f3n, esto potencia su asimilaci\u00f3n y eficacia.<br \/>\nEl cromo desempe\u00f1a un papel funda- mental el metabolismo de los hidratos de carbono, grasas y prote\u00ednas, incre- mentan la sensibilidad a la insulina y controla los niveles de glucosa en sangre. De esta forma, se reduce el riesgo de almacenar los carbohidratos de la dieta como grasas, as\u00ed como la reducci\u00f3n de antojos.<\/p>\n","protected":false},"featured_media":2718,"comment_status":"open","ping_status":"closed","template":"","meta":{"_joinchat":[]},"product_brand":[],"product_cat":[2448],"product_tag":[458,27,58,59,31,24272,462,62,63,54],"class_list":{"0":"post-335","1":"product","2":"type-product","3":"status-publish","4":"has-post-thumbnail","6":"product_cat-quemadores","7":"product_tag-gat","8":"product_tag-gph-nutrition","9":"product_tag-gph-pharmaceuticals","10":"product_tag-mexico","11":"product_tag-mutant","12":"product_tag-nutrex-lipo-6-chriomium-100-caps","13":"product_tag-on-nutrition","14":"product_tag-suplementos-guadalajara","15":"product_tag-venta","16":"product_tag-vidafitstore","18":"first","19":"outofstock","20":"shipping-taxable","21":"purchasable","22":"product-type-simple"},"_links":{"self":[{"href":"https:\/\/proviron.com.mx\/index.php\/wp-json\/wp\/v2\/product\/335","targetHints":{"allow":["GET"]}}],"collection":[{"href":"https:\/\/proviron.com.mx\/index.php\/wp-json\/wp\/v2\/product"}],"about":[{"href":"https:\/\/proviron.com.mx\/index.php\/wp-json\/wp\/v2\/types\/product"}],"replies":[{"embeddable":true,"href":"https:\/\/proviron.com.mx\/index.php\/wp-json\/wp\/v2\/comments?post=335"}],"wp:featuredmedia":[{"embeddable":true,"href":"https:\/\/proviron.com.mx\/index.php\/wp-json\/wp\/v2\/media\/2718"}],"wp:attachment":[{"href":"https:\/\/proviron.com.mx\/index.php\/wp-json\/wp\/v2\/media?parent=335"}],"wp:term":[{"taxonomy":"product_brand","embeddable":true,"href":"https:\/\/proviron.com.mx\/index.php\/wp-json\/wp\/v2\/product_brand?post=335"},{"taxonomy":"product_cat","embeddable":true,"href":"https:\/\/proviron.com.mx\/index.php\/wp-json\/wp\/v2\/product_cat?post=335"},{"taxonomy":"product_tag","embeddable":true,"href":"https:\/\/proviron.com.mx\/index.php\/wp-json\/wp\/v2\/product_tag?post=335"}],"curies":[{"name":"wp","href":"https:\/\/api.w.org\/{rel}","templated":true}]}}