{"id":337,"date":"2022-06-12T21:44:32","date_gmt":"2022-06-13T02:44:32","guid":{"rendered":"http:\/\/proviron.com.mx\/?post_type=product&#038;p=337"},"modified":"2025-05-09T22:19:44","modified_gmt":"2025-05-10T04:19:44","slug":"33-nutrex-lipo-6-defining-gelwasit-trimmers","status":"publish","type":"product","link":"https:\/\/proviron.com.mx\/index.php\/producto\/33-nutrex-lipo-6-defining-gelwasit-trimmers\/","title":{"rendered":"NUTREX LIPO 6 DEFINING GEL+WASIT TRIMMERS"},"content":{"rendered":"","protected":false},"excerpt":{"rendered":"<p>La marca Nutrex ha desarrollado el arma perfecta que te permite atacar directamente las \u00e1reas de grasa obsti- nadas de tu elecci\u00f3n. LIPO-6 DEFINING GEL ofrece ingredientes cl\u00ednicamente probados para \u00e1reas de grasa median- te el uso de la tecnolog\u00eda TopiSorb TM altamente especializada.<br \/>\nEs muy sencillo su uso de este suple- mento fitness, simplemente aplique LIPO-6 DEFINING GEL a cualquier \u00e1rea de grasa y su f\u00f3rmula se absorber\u00e1 r\u00e1pidamente para trabajar en los dep\u00f3sitos de grasa, lo que resultar\u00e1 en un aumento de la termog\u00e9nesis en la grasa tanto subcut\u00e1nea como visceral, por igual.<br \/>\nLa tecnolog\u00eda TopiSorb TM que ofrece LIPO-6 DEFINING GEL, permite la entrega dirigida y localizada directa- mente a los dep\u00f3sitos de grasa corpo- ral<\/p>\n","protected":false},"featured_media":2721,"comment_status":"open","ping_status":"closed","template":"","meta":{"_joinchat":[]},"product_brand":[],"product_cat":[2448],"product_tag":[458,27,58,59,31,24273,462,62,63,54],"class_list":{"0":"post-337","1":"product","2":"type-product","3":"status-publish","4":"has-post-thumbnail","6":"product_cat-quemadores","7":"product_tag-gat","8":"product_tag-gph-nutrition","9":"product_tag-gph-pharmaceuticals","10":"product_tag-mexico","11":"product_tag-mutant","12":"product_tag-nutrex-lipo-6-defining-gelwasit-trimmers","13":"product_tag-on-nutrition","14":"product_tag-suplementos-guadalajara","15":"product_tag-venta","16":"product_tag-vidafitstore","18":"first","19":"outofstock","20":"shipping-taxable","21":"purchasable","22":"product-type-simple"},"_links":{"self":[{"href":"https:\/\/proviron.com.mx\/index.php\/wp-json\/wp\/v2\/product\/337","targetHints":{"allow":["GET"]}}],"collection":[{"href":"https:\/\/proviron.com.mx\/index.php\/wp-json\/wp\/v2\/product"}],"about":[{"href":"https:\/\/proviron.com.mx\/index.php\/wp-json\/wp\/v2\/types\/product"}],"replies":[{"embeddable":true,"href":"https:\/\/proviron.com.mx\/index.php\/wp-json\/wp\/v2\/comments?post=337"}],"wp:featuredmedia":[{"embeddable":true,"href":"https:\/\/proviron.com.mx\/index.php\/wp-json\/wp\/v2\/media\/2721"}],"wp:attachment":[{"href":"https:\/\/proviron.com.mx\/index.php\/wp-json\/wp\/v2\/media?parent=337"}],"wp:term":[{"taxonomy":"product_brand","embeddable":true,"href":"https:\/\/proviron.com.mx\/index.php\/wp-json\/wp\/v2\/product_brand?post=337"},{"taxonomy":"product_cat","embeddable":true,"href":"https:\/\/proviron.com.mx\/index.php\/wp-json\/wp\/v2\/product_cat?post=337"},{"taxonomy":"product_tag","embeddable":true,"href":"https:\/\/proviron.com.mx\/index.php\/wp-json\/wp\/v2\/product_tag?post=337"}],"curies":[{"name":"wp","href":"https:\/\/api.w.org\/{rel}","templated":true}]}}