{"id":339,"date":"2022-06-12T21:44:33","date_gmt":"2022-06-13T02:44:33","guid":{"rendered":"http:\/\/proviron.com.mx\/?post_type=product&#038;p=339"},"modified":"2025-05-09T22:19:47","modified_gmt":"2025-05-10T04:19:47","slug":"49-nutrex-warrior-series-lipo-6-hardcore-ultra-concentate-60ct","status":"publish","type":"product","link":"https:\/\/proviron.com.mx\/index.php\/producto\/49-nutrex-warrior-series-lipo-6-hardcore-ultra-concentate-60ct\/","title":{"rendered":"NUTREX WARRIOR SERIES LIPO-6 HARDCORE ULTRA CONCENTATE 60CT"},"content":{"rendered":"","protected":false},"excerpt":{"rendered":"<p>P\u00c9RDIDA M\u00c1XIMA DE GRASA\u00a1LIPO-6 HARDCORE es para aquellos que desean resultados m\u00e1ximos de p\u00e9rdi- da de grasa! Su f\u00f3rmula es fuerte, los resultados son reales. No hay compro- misos, LIPO-6 HARDCORE marca todas las casillas:<br \/>\nAyuda a maximizar la quema de grasa. Te da la m\u00e1s alta energ\u00eda estimulante. El efecto termog\u00e9nico m\u00e1s fuerte para acelerar su metabolismo y los ingre- dientes m\u00e1s potentes para ayudar a reducir su apetito.<br \/>\nTodo en una pastilla.<\/p>\n","protected":false},"featured_media":2724,"comment_status":"open","ping_status":"closed","template":"","meta":{"_joinchat":[]},"product_brand":[],"product_cat":[2448],"product_tag":[458,27,58,59,31,24274,462,62,63,54],"class_list":{"0":"post-339","1":"product","2":"type-product","3":"status-publish","4":"has-post-thumbnail","6":"product_cat-quemadores","7":"product_tag-gat","8":"product_tag-gph-nutrition","9":"product_tag-gph-pharmaceuticals","10":"product_tag-mexico","11":"product_tag-mutant","12":"product_tag-nutrex-warrior-series-lipo-6-hardcore-ultra-concentate-60ct","13":"product_tag-on-nutrition","14":"product_tag-suplementos-guadalajara","15":"product_tag-venta","16":"product_tag-vidafitstore","18":"first","19":"outofstock","20":"shipping-taxable","21":"purchasable","22":"product-type-simple"},"_links":{"self":[{"href":"https:\/\/proviron.com.mx\/index.php\/wp-json\/wp\/v2\/product\/339","targetHints":{"allow":["GET"]}}],"collection":[{"href":"https:\/\/proviron.com.mx\/index.php\/wp-json\/wp\/v2\/product"}],"about":[{"href":"https:\/\/proviron.com.mx\/index.php\/wp-json\/wp\/v2\/types\/product"}],"replies":[{"embeddable":true,"href":"https:\/\/proviron.com.mx\/index.php\/wp-json\/wp\/v2\/comments?post=339"}],"wp:featuredmedia":[{"embeddable":true,"href":"https:\/\/proviron.com.mx\/index.php\/wp-json\/wp\/v2\/media\/2724"}],"wp:attachment":[{"href":"https:\/\/proviron.com.mx\/index.php\/wp-json\/wp\/v2\/media?parent=339"}],"wp:term":[{"taxonomy":"product_brand","embeddable":true,"href":"https:\/\/proviron.com.mx\/index.php\/wp-json\/wp\/v2\/product_brand?post=339"},{"taxonomy":"product_cat","embeddable":true,"href":"https:\/\/proviron.com.mx\/index.php\/wp-json\/wp\/v2\/product_cat?post=339"},{"taxonomy":"product_tag","embeddable":true,"href":"https:\/\/proviron.com.mx\/index.php\/wp-json\/wp\/v2\/product_tag?post=339"}],"curies":[{"name":"wp","href":"https:\/\/api.w.org\/{rel}","templated":true}]}}