{"id":343,"date":"2022-06-12T21:44:33","date_gmt":"2022-06-13T02:44:33","guid":{"rendered":"http:\/\/proviron.com.mx\/?post_type=product&#038;p=343"},"modified":"2025-05-09T22:19:49","modified_gmt":"2025-05-10T04:19:49","slug":"09-gat-imunology-daily-immune-defense-60-caps","status":"publish","type":"product","link":"https:\/\/proviron.com.mx\/index.php\/producto\/09-gat-imunology-daily-immune-defense-60-caps\/","title":{"rendered":"GAT IMUNOLOGY DAILY IMMUNE DEFENSE 60 CAPS"},"content":{"rendered":"","protected":false},"excerpt":{"rendered":"<p>Es una f\u00f3rmula integral de 6 partes con probi\u00f3ticos , vitaminas, minerales, antioxidantes respiratorios y sa\u00faco para proporcionar los componentes b\u00e1sicos para ayudar a respaldar su sistema inmunol\u00f3gico. Utiliza una alta dosis de vitamina C y vitamina D que mejoran la inmunidad, as\u00ed como una forma biodisponible de zinc para una f\u00e1cil absorci\u00f3n que ayuda a estimular el sistema inmunol\u00f3gico. El extracto de baya del sa\u00faco act\u00faa para dismi- nuir la inflamaci\u00f3n y promover la salud de las v\u00edas respiratorias superio- res mientras que los probi\u00f3ticos pre- servan el intestino sano bacterias que ayudan a mejorar la funci\u00f3n inmuno- l\u00f3gica en general.<\/p>\n","protected":false},"featured_media":2729,"comment_status":"open","ping_status":"closed","template":"","meta":{"_joinchat":[]},"product_brand":[],"product_cat":[2479],"product_tag":[24275,2480,42,43,44,24276,46,48,24277,2488,50,51,52,2484,54],"class_list":{"0":"post-343","1":"product","2":"type-product","3":"status-publish","4":"has-post-thumbnail","6":"product_cat-vitaminas","7":"product_tag-gat-imunology-daily-immune-defense-60-caps","8":"product_tag-multivitaminico-zapopan","9":"product_tag-venta-esteroides-anabolicos-en-guadalajara","10":"product_tag-venta-esteroides-anabolicos-en-monterrey","11":"product_tag-venta-esteroides-anabolicos-mexico","12":"product_tag-venta-gat-inmunology-dayli-inmune-defense-guadalajara","13":"product_tag-venta-samrs-guadalajara","14":"product_tag-venta-suplementos-en-mexico","15":"product_tag-venta-suplementos-gat-sport-guadalajara","16":"product_tag-venta-suplementos-gat-zapopan","17":"product_tag-venta-suplementos-gph-nutrition","18":"product_tag-venta-suplementos-guadalajara","19":"product_tag-venta-suplementos-monterrey","20":"product_tag-venta-vitaminas-guadalajara-jalisco","21":"product_tag-vidafitstore","23":"first","24":"outofstock","25":"shipping-taxable","26":"purchasable","27":"product-type-simple"},"_links":{"self":[{"href":"https:\/\/proviron.com.mx\/index.php\/wp-json\/wp\/v2\/product\/343","targetHints":{"allow":["GET"]}}],"collection":[{"href":"https:\/\/proviron.com.mx\/index.php\/wp-json\/wp\/v2\/product"}],"about":[{"href":"https:\/\/proviron.com.mx\/index.php\/wp-json\/wp\/v2\/types\/product"}],"replies":[{"embeddable":true,"href":"https:\/\/proviron.com.mx\/index.php\/wp-json\/wp\/v2\/comments?post=343"}],"wp:featuredmedia":[{"embeddable":true,"href":"https:\/\/proviron.com.mx\/index.php\/wp-json\/wp\/v2\/media\/2729"}],"wp:attachment":[{"href":"https:\/\/proviron.com.mx\/index.php\/wp-json\/wp\/v2\/media?parent=343"}],"wp:term":[{"taxonomy":"product_brand","embeddable":true,"href":"https:\/\/proviron.com.mx\/index.php\/wp-json\/wp\/v2\/product_brand?post=343"},{"taxonomy":"product_cat","embeddable":true,"href":"https:\/\/proviron.com.mx\/index.php\/wp-json\/wp\/v2\/product_cat?post=343"},{"taxonomy":"product_tag","embeddable":true,"href":"https:\/\/proviron.com.mx\/index.php\/wp-json\/wp\/v2\/product_tag?post=343"}],"curies":[{"name":"wp","href":"https:\/\/api.w.org\/{rel}","templated":true}]}}