{"id":345,"date":"2022-06-12T21:44:36","date_gmt":"2022-06-13T02:44:36","guid":{"rendered":"http:\/\/proviron.com.mx\/?post_type=product&#038;p=345"},"modified":"2025-05-09T22:19:51","modified_gmt":"2025-05-10T04:19:51","slug":"12-muscle-meds-vitamin-t-men-90-tabs","status":"publish","type":"product","link":"https:\/\/proviron.com.mx\/index.php\/producto\/12-muscle-meds-vitamin-t-men-90-tabs\/","title":{"rendered":"MUSCLE MEDS VITAMIN T MEN 90 TABS"},"content":{"rendered":"","protected":false},"excerpt":{"rendered":"<p>Ning\u00fan hombre debe ignorar la importancia de una nutrici\u00f3n y suple- mentos adecuados para mantener niveles saludables de testosterona para un rendimiento masculino \u00f3ptimo.<br \/>\nVITAMIN T es un multivitam\u00ednico com- pleto de primera calidad que mejora la testosterona, especialmente formu- lado para hombres. La testosterona es una hormona masculina fundamental que desempe\u00f1a un papel clave en el rendimiento f\u00edsico y sexual de un hombre. Entonces, si eres un chico, \u00bfpor qu\u00e9 no querr\u00edas que tu multiples aumente tu testosterona?<br \/>\nVITAMIN T contiene hierbas y minera- les cl\u00ednicamente investigados que incluyen 500 mg de fenogreco, 200 mg de Tribulus, 100 mg de Longjack y 200 mg de citrato de boro, que se ha demostrado que aumenta significati- vamente la testosterona libre en solo 7 d\u00edas. Los niveles m\u00e1s altos de testoste- rona lo ayudar\u00e1n a desarrollar m\u00e1s m\u00fasculo, recuperarse m\u00e1s r\u00e1pido y desempe\u00f1arse mejor en el dormitorio.<\/p>\n","protected":false},"featured_media":2732,"comment_status":"open","ping_status":"closed","template":"","meta":{"_joinchat":[]},"product_brand":[],"product_cat":[2479],"product_tag":[2480,24278,42,43,44,24279,46,48,50,51,24280,52,24281,2484,54],"class_list":{"0":"post-345","1":"product","2":"type-product","3":"status-publish","4":"has-post-thumbnail","6":"product_cat-vitaminas","7":"product_tag-multivitaminico-zapopan","8":"product_tag-muscle-meds-vitamin-t-men-90-tabs","9":"product_tag-venta-esteroides-anabolicos-en-guadalajara","10":"product_tag-venta-esteroides-anabolicos-en-monterrey","11":"product_tag-venta-esteroides-anabolicos-mexico","12":"product_tag-venta-muscle-meds-vitamin-t-en-jalisco","13":"product_tag-venta-samrs-guadalajara","14":"product_tag-venta-suplementos-en-mexico","15":"product_tag-venta-suplementos-gph-nutrition","16":"product_tag-venta-suplementos-guadalajara","17":"product_tag-venta-suplementos-mmds-guadalajara","18":"product_tag-venta-suplementos-monterrey","19":"product_tag-venta-suplementos-muscle-meds-zapopan","20":"product_tag-venta-vitaminas-guadalajara-jalisco","21":"product_tag-vidafitstore","23":"first","24":"outofstock","25":"shipping-taxable","26":"purchasable","27":"product-type-simple"},"_links":{"self":[{"href":"https:\/\/proviron.com.mx\/index.php\/wp-json\/wp\/v2\/product\/345","targetHints":{"allow":["GET"]}}],"collection":[{"href":"https:\/\/proviron.com.mx\/index.php\/wp-json\/wp\/v2\/product"}],"about":[{"href":"https:\/\/proviron.com.mx\/index.php\/wp-json\/wp\/v2\/types\/product"}],"replies":[{"embeddable":true,"href":"https:\/\/proviron.com.mx\/index.php\/wp-json\/wp\/v2\/comments?post=345"}],"wp:featuredmedia":[{"embeddable":true,"href":"https:\/\/proviron.com.mx\/index.php\/wp-json\/wp\/v2\/media\/2732"}],"wp:attachment":[{"href":"https:\/\/proviron.com.mx\/index.php\/wp-json\/wp\/v2\/media?parent=345"}],"wp:term":[{"taxonomy":"product_brand","embeddable":true,"href":"https:\/\/proviron.com.mx\/index.php\/wp-json\/wp\/v2\/product_brand?post=345"},{"taxonomy":"product_cat","embeddable":true,"href":"https:\/\/proviron.com.mx\/index.php\/wp-json\/wp\/v2\/product_cat?post=345"},{"taxonomy":"product_tag","embeddable":true,"href":"https:\/\/proviron.com.mx\/index.php\/wp-json\/wp\/v2\/product_tag?post=345"}],"curies":[{"name":"wp","href":"https:\/\/api.w.org\/{rel}","templated":true}]}}