{"id":351,"date":"2022-06-12T21:44:36","date_gmt":"2022-06-13T02:44:36","guid":{"rendered":"http:\/\/proviron.com.mx\/?post_type=product&#038;p=351"},"modified":"2025-05-09T22:19:58","modified_gmt":"2025-05-10T04:19:58","slug":"18-gat-liver-cleanse-60-ct","status":"publish","type":"product","link":"https:\/\/proviron.com.mx\/index.php\/producto\/18-gat-liver-cleanse-60-ct\/","title":{"rendered":"Liver Cleanse &#8211; Gat Sport"},"content":{"rendered":"<p>Liver Cleanse &#8211; Gat Sport 60 caps<\/p>\n<p>Hepatoprotector exclente coadyuvante para proteger el higado durante los ciclos con usos de esteroides anabolicos<\/p>\n<div id=\"attachment_2196\" style=\"width: 310px\" class=\"wp-caption alignnone\"><img fetchpriority=\"high\" decoding=\"async\" aria-describedby=\"caption-attachment-2196\" src=\"http:\/\/proviron.com.mx\/wp-content\/uploads\/2022\/06\/WhatsApp-Image-2024-08-03-at-19.36.30-300x300.jpeg\" alt=\"Liver Cleanse - Gat Sport \" width=\"300\" height=\"300\" class=\"wp-image-2196 size-medium\" \/><p id=\"caption-attachment-2196\" class=\"wp-caption-text\">Liver Cleanse &#8211; Gat Sport<\/p><\/div>\n<p><a href=\"http:\/\/proviron.com.mx\">http:\/\/proviron.com.mx<\/a><\/p>\n<p><a href=\"http:\/\/proviron.com.mx\">http:\/\/proviron.com.mx<\/a><\/p>\n","protected":false},"excerpt":{"rendered":"<p>Liver Cleanse &#8211; Gat Sport 60 caps<\/p>\n<p>Hepatoprotector exclente coadyuvante para proteger el higado durante los ciclos con usos de esteroides anabolicos<\/p>\n<p>Dise\u00f1ado para desintoxicaci\u00f3n, purificar y ayudar a proteger la funci\u00f3n hep\u00e1tica.<br \/>\nLiver Cleanse ayuda en la funci\u00f3n de filtrados vitales de su h\u00edgado para ayudara desintoxicar el cuerpo.<br \/>\nSe ha demostrado que el Extracto de semilla decar do de leche protege y promueve la salud del h\u00edgado.<br \/>\nEsta f\u00f3rmula tambi\u00e9n proporciona vitamina C, E y selenio, poderosos antioxi- dantes que ayudana disminuir el estr\u00e9s oxidativo .Adem\u00e1s Contiene beta\u00ednaanhidra, un nutriente que ayuda a proteger alas c\u00e9lulas del h\u00edgado del as toxinas.<\/p>\n","protected":false},"featured_media":2741,"comment_status":"open","ping_status":"closed","template":"","meta":{"_joinchat":[]},"product_brand":[],"product_cat":[10637,2479],"product_tag":[24287,24288,24289,24290,24291,24292,24293,24294,24295,24296,24297,24298,190,205,24299,24300,24301,24302,24303,24304,24305,546,547,548,20164,24306,24307,24308,24309,24310,24311,24312,24313,24314,24315,24316,24317,24318,24319,24320,566,567,46,48,2487,50,51,52],"class_list":{"0":"post-351","1":"product","2":"type-product","3":"status-publish","4":"has-post-thumbnail","6":"product_cat-protectores-y-post-ciclo","7":"product_cat-vitaminas","8":"product_tag-gat-en-guadalajara","9":"product_tag-gat-liver-cleanse","10":"product_tag-gat-liver-cleanse-60-ct","11":"product_tag-liver-cleanse-gat-sport-venta-hepatoprotector","12":"product_tag-liver-cleanse-gat-sport-en-monterrey","13":"product_tag-liver-cleanse-gat-sport-guadalajara","14":"product_tag-liver-cleanse-gat-sport-mexico","15":"product_tag-liver-cleanse-gat-sport-monterrey","16":"product_tag-liver-cleanse-gat-sport-proteina","17":"product_tag-liver-cleanse-gat-sport-tlajomulco","18":"product_tag-liver-cleanse-gat-sport-tlaquepaque","19":"product_tag-liver-cleanse-gat-sport-zapopan","20":"product_tag-proteina-en-guadalajara","21":"product_tag-proteina-en-zapopan","22":"product_tag-venta-de-liver-cleanse-gat-sport","23":"product_tag-venta-de-liver-cleanse-gat-sport-en-monterrey","24":"product_tag-venta-de-liver-cleanse-gat-sport-guadalajara","25":"product_tag-venta-de-liver-cleanse-gat-sport-mexico","26":"product_tag-venta-de-liver-cleanse-gat-sport-tlajomuco","27":"product_tag-venta-de-liver-cleanse-gat-sport-tlaquepaque","28":"product_tag-venta-de-liver-cleanse-gat-sport-zapopan","29":"product_tag-venta-de-proteina","30":"product_tag-venta-de-proteina-en-guadalajara","31":"product_tag-venta-de-proteina-en-zapopan","32":"product_tag-venta-esteroides-anabolicos-ne-monterrey","33":"product_tag-venta-esteroides-anbolicos-mexico","34":"product_tag-venta-eteroides-anabolicos-en-guadalajara","35":"product_tag-venta-gat-liver-cleanse-guadalajara","36":"product_tag-venta-liver-cleanse-gat-sport","37":"product_tag-venta-liver-cleanse-gat-sport-en-guadalajara","38":"product_tag-venta-liver-cleanse-gat-sport-en-mexico","39":"product_tag-venta-liver-cleanse-gat-sport-en-monterrey","40":"product_tag-venta-liver-cleanse-gat-sport-en-tlajomulco","41":"product_tag-venta-liver-cleanse-gat-sport-en-tlaquepaque","42":"product_tag-venta-liver-cleanse-gat-sport-en-zapopan","43":"product_tag-venta-liver-cleanse-gat-sport-guadalajara","44":"product_tag-venta-liver-cleanse-gat-sport-mexico","45":"product_tag-venta-liver-cleanse-gat-sport-tlajomulco","46":"product_tag-venta-liver-cleanse-gat-sport-tlaquepaque","47":"product_tag-venta-liver-cleanse-gat-sport-zapopan","48":"product_tag-venta-proteina","49":"product_tag-venta-proteina-en-jalisco-venta-de-proteina-en-tlaquepaque","50":"product_tag-venta-samrs-guadalajara","51":"product_tag-venta-suplementos-en-mexico","52":"product_tag-venta-suplementos-gat-guadalajara","53":"product_tag-venta-suplementos-gph-nutrition","54":"product_tag-venta-suplementos-guadalajara","55":"product_tag-venta-suplementos-monterrey","57":"first","58":"instock","59":"shipping-taxable","60":"purchasable","61":"product-type-simple"},"_links":{"self":[{"href":"https:\/\/proviron.com.mx\/index.php\/wp-json\/wp\/v2\/product\/351","targetHints":{"allow":["GET"]}}],"collection":[{"href":"https:\/\/proviron.com.mx\/index.php\/wp-json\/wp\/v2\/product"}],"about":[{"href":"https:\/\/proviron.com.mx\/index.php\/wp-json\/wp\/v2\/types\/product"}],"replies":[{"embeddable":true,"href":"https:\/\/proviron.com.mx\/index.php\/wp-json\/wp\/v2\/comments?post=351"}],"wp:featuredmedia":[{"embeddable":true,"href":"https:\/\/proviron.com.mx\/index.php\/wp-json\/wp\/v2\/media\/2741"}],"wp:attachment":[{"href":"https:\/\/proviron.com.mx\/index.php\/wp-json\/wp\/v2\/media?parent=351"}],"wp:term":[{"taxonomy":"product_brand","embeddable":true,"href":"https:\/\/proviron.com.mx\/index.php\/wp-json\/wp\/v2\/product_brand?post=351"},{"taxonomy":"product_cat","embeddable":true,"href":"https:\/\/proviron.com.mx\/index.php\/wp-json\/wp\/v2\/product_cat?post=351"},{"taxonomy":"product_tag","embeddable":true,"href":"https:\/\/proviron.com.mx\/index.php\/wp-json\/wp\/v2\/product_tag?post=351"}],"curies":[{"name":"wp","href":"https:\/\/api.w.org\/{rel}","templated":true}]}}