{"id":353,"date":"2022-06-12T21:44:37","date_gmt":"2022-06-13T02:44:37","guid":{"rendered":"http:\/\/proviron.com.mx\/?post_type=product&#038;p=353"},"modified":"2025-05-09T22:20:01","modified_gmt":"2025-05-10T04:20:01","slug":"22-gat-omega-3-800-mg-90-ct","status":"publish","type":"product","link":"https:\/\/proviron.com.mx\/index.php\/producto\/22-gat-omega-3-800-mg-90-ct\/","title":{"rendered":"GAT OMEGA 3 800 MG 90 CT"},"content":{"rendered":"","protected":false},"excerpt":{"rendered":"<p>GAT Sport Omega-3 ofrece 800 mg de \u00e1cidos grasos Omega-3. Es bien sabido que los Omega-3 son excelen- tes para la salud del coraz\u00f3n para todos. Pero para los atletas competiti- vos, los beneficios de Omega-3 van mucho m\u00e1s all\u00e1. Los \u00e1cidos grasos Omega-3 pueden aumentar la salud en general, reducir la inflamaci\u00f3n y ofrecer beneficios de mejora del rendi- miento para los atletas *. GAT Sport Omega-3 incluye sabor natural de lim\u00f3n para un gran sabor y purificado para eliminar los metales pesados.<\/p>\n","protected":false},"featured_media":2744,"comment_status":"open","ping_status":"closed","template":"","meta":{"_joinchat":[]},"product_brand":[],"product_cat":[2479],"product_tag":[24321,42,43,44,24322,46,48,2487,50,52,54],"class_list":{"0":"post-353","1":"product","2":"type-product","3":"status-publish","4":"has-post-thumbnail","6":"product_cat-vitaminas","7":"product_tag-gat-omega-3-800-mg-90-ctventa-suplementos-guadalajara","8":"product_tag-venta-esteroides-anabolicos-en-guadalajara","9":"product_tag-venta-esteroides-anabolicos-en-monterrey","10":"product_tag-venta-esteroides-anabolicos-mexico","11":"product_tag-venta-gat-omega-gudalajara","12":"product_tag-venta-samrs-guadalajara","13":"product_tag-venta-suplementos-en-mexico","14":"product_tag-venta-suplementos-gat-guadalajara","15":"product_tag-venta-suplementos-gph-nutrition","16":"product_tag-venta-suplementos-monterrey","17":"product_tag-vidafitstore","19":"first","20":"outofstock","21":"shipping-taxable","22":"purchasable","23":"product-type-simple"},"_links":{"self":[{"href":"https:\/\/proviron.com.mx\/index.php\/wp-json\/wp\/v2\/product\/353","targetHints":{"allow":["GET"]}}],"collection":[{"href":"https:\/\/proviron.com.mx\/index.php\/wp-json\/wp\/v2\/product"}],"about":[{"href":"https:\/\/proviron.com.mx\/index.php\/wp-json\/wp\/v2\/types\/product"}],"replies":[{"embeddable":true,"href":"https:\/\/proviron.com.mx\/index.php\/wp-json\/wp\/v2\/comments?post=353"}],"wp:featuredmedia":[{"embeddable":true,"href":"https:\/\/proviron.com.mx\/index.php\/wp-json\/wp\/v2\/media\/2744"}],"wp:attachment":[{"href":"https:\/\/proviron.com.mx\/index.php\/wp-json\/wp\/v2\/media?parent=353"}],"wp:term":[{"taxonomy":"product_brand","embeddable":true,"href":"https:\/\/proviron.com.mx\/index.php\/wp-json\/wp\/v2\/product_brand?post=353"},{"taxonomy":"product_cat","embeddable":true,"href":"https:\/\/proviron.com.mx\/index.php\/wp-json\/wp\/v2\/product_cat?post=353"},{"taxonomy":"product_tag","embeddable":true,"href":"https:\/\/proviron.com.mx\/index.php\/wp-json\/wp\/v2\/product_tag?post=353"}],"curies":[{"name":"wp","href":"https:\/\/api.w.org\/{rel}","templated":true}]}}