{"id":357,"date":"2022-06-12T21:44:37","date_gmt":"2022-06-13T02:44:37","guid":{"rendered":"http:\/\/proviron.com.mx\/?post_type=product&#038;p=357"},"modified":"2025-05-09T22:20:07","modified_gmt":"2025-05-10T04:20:07","slug":"29-insane-acs-zma-90-caps","status":"publish","type":"product","link":"https:\/\/proviron.com.mx\/index.php\/producto\/29-insane-acs-zma-90-caps\/","title":{"rendered":"INSANE ACS ZMA 90 CAPS"},"content":{"rendered":"","protected":false},"excerpt":{"rendered":"<p>Nuevo de Insane Labz, ZMA! Nada m\u00e1s que zinc puro, magnesio y B6.<br \/>\nInsane Labz ha lanzado recientemente su gama Asylum Cabinet, que es una gama de suplementos b\u00e1sicos de un solo ingrediente. Estas son excelentes adiciones para agregar a su pila de suplementos existente.<br \/>\nZMA es una gran adici\u00f3n a cualquier plan de dieta y beneficiar\u00eda a la mayo- r\u00eda de los adultos sin importar si entre- nan con pesas o no.<br \/>\nEspec\u00edficamente, la suplementaci\u00f3n con ZMA ser\u00e1 beneficiosa para estimu- lar la funci\u00f3n inmunol\u00f3gica, promover niveles saludables de producci\u00f3n de hormonas, aumentar la calidad del sue\u00f1o y ayudar con la producci\u00f3n de energ\u00eda.<\/p>\n","protected":false},"featured_media":2750,"comment_status":"open","ping_status":"closed","template":"","meta":{"_joinchat":[]},"product_brand":[],"product_cat":[2479],"product_tag":[24325,2480,42,43,44,24326,46,48,50,51,2506,52,2359,2484,54],"class_list":{"0":"post-357","1":"product","2":"type-product","3":"status-publish","4":"has-post-thumbnail","6":"product_cat-vitaminas","7":"product_tag-insane-acs-zma-90-caps","8":"product_tag-multivitaminico-zapopan","9":"product_tag-venta-esteroides-anabolicos-en-guadalajara","10":"product_tag-venta-esteroides-anabolicos-en-monterrey","11":"product_tag-venta-esteroides-anabolicos-mexico","12":"product_tag-venta-insane-acs-zma","13":"product_tag-venta-samrs-guadalajara","14":"product_tag-venta-suplementos-en-mexico","15":"product_tag-venta-suplementos-gph-nutrition","16":"product_tag-venta-suplementos-guadalajara","17":"product_tag-venta-suplementos-insane-guadalajara","18":"product_tag-venta-suplementos-monterrey","19":"product_tag-venta-suplementos-mutant-zapopan","20":"product_tag-venta-vitaminas-guadalajara-jalisco","21":"product_tag-vidafitstore","23":"first","24":"outofstock","25":"shipping-taxable","26":"purchasable","27":"product-type-simple"},"_links":{"self":[{"href":"https:\/\/proviron.com.mx\/index.php\/wp-json\/wp\/v2\/product\/357","targetHints":{"allow":["GET"]}}],"collection":[{"href":"https:\/\/proviron.com.mx\/index.php\/wp-json\/wp\/v2\/product"}],"about":[{"href":"https:\/\/proviron.com.mx\/index.php\/wp-json\/wp\/v2\/types\/product"}],"replies":[{"embeddable":true,"href":"https:\/\/proviron.com.mx\/index.php\/wp-json\/wp\/v2\/comments?post=357"}],"wp:featuredmedia":[{"embeddable":true,"href":"https:\/\/proviron.com.mx\/index.php\/wp-json\/wp\/v2\/media\/2750"}],"wp:attachment":[{"href":"https:\/\/proviron.com.mx\/index.php\/wp-json\/wp\/v2\/media?parent=357"}],"wp:term":[{"taxonomy":"product_brand","embeddable":true,"href":"https:\/\/proviron.com.mx\/index.php\/wp-json\/wp\/v2\/product_brand?post=357"},{"taxonomy":"product_cat","embeddable":true,"href":"https:\/\/proviron.com.mx\/index.php\/wp-json\/wp\/v2\/product_cat?post=357"},{"taxonomy":"product_tag","embeddable":true,"href":"https:\/\/proviron.com.mx\/index.php\/wp-json\/wp\/v2\/product_tag?post=357"}],"curies":[{"name":"wp","href":"https:\/\/api.w.org\/{rel}","templated":true}]}}