{"id":712,"date":"2022-06-13T10:39:29","date_gmt":"2022-06-13T15:39:29","guid":{"rendered":"http:\/\/proviron.com.mx\/?post_type=product&#038;p=712"},"modified":"2025-05-09T22:25:23","modified_gmt":"2025-05-10T04:25:23","slug":"mastabol","status":"publish","type":"product","link":"https:\/\/proviron.com.mx\/index.php\/producto\/mastabol\/","title":{"rendered":"Mastabol 29ml\/100mg British Dragon"},"content":{"rendered":"","protected":false},"excerpt":{"rendered":"<p>Produce un aumento del m\u00fasculo limpio y dur\u00f3 efectos m\u00e1s largos en personas con un porcentaje bajo de grasa<br \/>\nAROMATIZA: no PRESENTACI\u00d3N: 100mg \/ 20ml MADE IN: USA<br \/>\nADMINISTRACI\u00d3N: Vial inyecci\u00f3n<\/p>\n","protected":false},"featured_media":2853,"comment_status":"open","ping_status":"closed","template":"","meta":{"_joinchat":[]},"product_brand":[],"product_cat":[2507],"product_tag":[2524,5861,6742,2698,5896,5897,527,1968,17841,3278,24378,24379,63,54],"class_list":{"0":"post-712","1":"product","2":"type-product","3":"status-publish","4":"has-post-thumbnail","6":"product_cat-esteroides-anabolicos","7":"product_tag-anabolicos","8":"product_tag-british-dragon","9":"product_tag-drostanolona","10":"product_tag-drostanolone","11":"product_tag-esteroides","12":"product_tag-esteroides-anabolicos-venta","13":"product_tag-geropharm","14":"product_tag-guadalajara","15":"product_tag-mastabol","16":"product_tag-masteron","17":"product_tag-propionate","18":"product_tag-propionato","19":"product_tag-venta","20":"product_tag-vidafitstore","22":"first","23":"instock","24":"shipping-taxable","25":"purchasable","26":"product-type-simple"},"_links":{"self":[{"href":"https:\/\/proviron.com.mx\/index.php\/wp-json\/wp\/v2\/product\/712","targetHints":{"allow":["GET"]}}],"collection":[{"href":"https:\/\/proviron.com.mx\/index.php\/wp-json\/wp\/v2\/product"}],"about":[{"href":"https:\/\/proviron.com.mx\/index.php\/wp-json\/wp\/v2\/types\/product"}],"replies":[{"embeddable":true,"href":"https:\/\/proviron.com.mx\/index.php\/wp-json\/wp\/v2\/comments?post=712"}],"wp:featuredmedia":[{"embeddable":true,"href":"https:\/\/proviron.com.mx\/index.php\/wp-json\/wp\/v2\/media\/2853"}],"wp:attachment":[{"href":"https:\/\/proviron.com.mx\/index.php\/wp-json\/wp\/v2\/media?parent=712"}],"wp:term":[{"taxonomy":"product_brand","embeddable":true,"href":"https:\/\/proviron.com.mx\/index.php\/wp-json\/wp\/v2\/product_brand?post=712"},{"taxonomy":"product_cat","embeddable":true,"href":"https:\/\/proviron.com.mx\/index.php\/wp-json\/wp\/v2\/product_cat?post=712"},{"taxonomy":"product_tag","embeddable":true,"href":"https:\/\/proviron.com.mx\/index.php\/wp-json\/wp\/v2\/product_tag?post=712"}],"curies":[{"name":"wp","href":"https:\/\/api.w.org\/{rel}","templated":true}]}}