{"id":720,"date":"2022-06-13T10:39:31","date_gmt":"2022-06-13T15:39:31","guid":{"rendered":"http:\/\/proviron.com.mx\/?post_type=product&#038;p=720"},"modified":"2025-05-09T22:26:18","modified_gmt":"2025-05-10T04:26:18","slug":"clenbuterol-2","status":"publish","type":"product","link":"https:\/\/proviron.com.mx\/index.php\/producto\/clenbuterol-2\/","title":{"rendered":"Clenbuterol 40mcg Britihs Dragon"},"content":{"rendered":"","protected":false},"excerpt":{"rendered":"<p>Est\u00e1 asociado a un incremento en la producci\u00f3n de fuerza muscular y resistencia, adem\u00e1s se ha descubierto que ayuda a mejorar el crecimiento muscular despu\u00e9s de una lesi\u00f3n.<br \/>\nAROMATIZA: No<br \/>\nPRESENTACI\u00d3N: 100 Tabletas \/ 40mcg MADE IN: Thailandia<br \/>\nADMINISTRACI\u00d3N: Oral Tabletas<\/p>\n","protected":false},"featured_media":2865,"comment_status":"open","ping_status":"closed","template":"","meta":{"_joinchat":[]},"product_brand":[],"product_cat":[2507],"product_tag":[24388,5861,2606,2607,24389,20091,5896,1968,59,9670,20093,54],"class_list":{"0":"post-720","1":"product","2":"type-product","3":"status-publish","4":"has-post-thumbnail","6":"product_cat-esteroides-anabolicos","7":"product_tag-anaboicos","8":"product_tag-british-dragon","9":"product_tag-clembuterol","10":"product_tag-clenbuterol","11":"product_tag-clenbuterol-40mcg-britihs-dragon","12":"product_tag-clenodex","13":"product_tag-esteroides","14":"product_tag-guadalajara","15":"product_tag-mexico","16":"product_tag-novegam","17":"product_tag-oxyflus","18":"product_tag-vidafitstore","20":"first","21":"instock","22":"shipping-taxable","23":"purchasable","24":"product-type-simple"},"_links":{"self":[{"href":"https:\/\/proviron.com.mx\/index.php\/wp-json\/wp\/v2\/product\/720","targetHints":{"allow":["GET"]}}],"collection":[{"href":"https:\/\/proviron.com.mx\/index.php\/wp-json\/wp\/v2\/product"}],"about":[{"href":"https:\/\/proviron.com.mx\/index.php\/wp-json\/wp\/v2\/types\/product"}],"replies":[{"embeddable":true,"href":"https:\/\/proviron.com.mx\/index.php\/wp-json\/wp\/v2\/comments?post=720"}],"wp:featuredmedia":[{"embeddable":true,"href":"https:\/\/proviron.com.mx\/index.php\/wp-json\/wp\/v2\/media\/2865"}],"wp:attachment":[{"href":"https:\/\/proviron.com.mx\/index.php\/wp-json\/wp\/v2\/media?parent=720"}],"wp:term":[{"taxonomy":"product_brand","embeddable":true,"href":"https:\/\/proviron.com.mx\/index.php\/wp-json\/wp\/v2\/product_brand?post=720"},{"taxonomy":"product_cat","embeddable":true,"href":"https:\/\/proviron.com.mx\/index.php\/wp-json\/wp\/v2\/product_cat?post=720"},{"taxonomy":"product_tag","embeddable":true,"href":"https:\/\/proviron.com.mx\/index.php\/wp-json\/wp\/v2\/product_tag?post=720"}],"curies":[{"name":"wp","href":"https:\/\/api.w.org\/{rel}","templated":true}]}}