{"id":726,"date":"2022-06-13T10:39:31","date_gmt":"2022-06-13T15:39:31","guid":{"rendered":"http:\/\/proviron.com.mx\/?post_type=product&#038;p=726"},"modified":"2025-05-09T22:26:40","modified_gmt":"2025-05-10T04:26:40","slug":"ligandrol-lgd-4033","status":"publish","type":"product","link":"https:\/\/proviron.com.mx\/index.php\/producto\/ligandrol-lgd-4033\/","title":{"rendered":"Ligandrol LGD 4033 British Dragon"},"content":{"rendered":"","protected":false},"excerpt":{"rendered":"<p>Es una sustancia multiprop\u00f3sito, que permite ganar una cantidad significativa de m\u00fasculo en un corto per\u00edodo de tiempo, lo que lo hace ideal para el bulking<br \/>\nAROMATIZA: no<br \/>\nPRESENTACI\u00d3N: 100 Tabletas \/ 25mg MADE IN: Thailandia<br \/>\nADMINISTRACI\u00d3N: Oral Tabletas<\/p>\n","protected":false},"featured_media":2874,"comment_status":"open","ping_status":"closed","template":"","meta":{"_joinchat":[]},"product_brand":[],"product_cat":[2507],"product_tag":[2524,5861,5896,1968,24391,59,11050,3424,11040,54],"class_list":{"0":"post-726","1":"product","2":"type-product","3":"status-publish","4":"has-post-thumbnail","6":"product_cat-esteroides-anabolicos","7":"product_tag-anabolicos","8":"product_tag-british-dragon","9":"product_tag-esteroides","10":"product_tag-guadalajara","11":"product_tag-ligandrol-lgd-4033-british-dragon","12":"product_tag-mexico","13":"product_tag-sarm","14":"product_tag-sarms","15":"product_tag-ventas","16":"product_tag-vidafitstore","18":"first","19":"instock","20":"shipping-taxable","21":"purchasable","22":"product-type-simple"},"_links":{"self":[{"href":"https:\/\/proviron.com.mx\/index.php\/wp-json\/wp\/v2\/product\/726","targetHints":{"allow":["GET"]}}],"collection":[{"href":"https:\/\/proviron.com.mx\/index.php\/wp-json\/wp\/v2\/product"}],"about":[{"href":"https:\/\/proviron.com.mx\/index.php\/wp-json\/wp\/v2\/types\/product"}],"replies":[{"embeddable":true,"href":"https:\/\/proviron.com.mx\/index.php\/wp-json\/wp\/v2\/comments?post=726"}],"wp:featuredmedia":[{"embeddable":true,"href":"https:\/\/proviron.com.mx\/index.php\/wp-json\/wp\/v2\/media\/2874"}],"wp:attachment":[{"href":"https:\/\/proviron.com.mx\/index.php\/wp-json\/wp\/v2\/media?parent=726"}],"wp:term":[{"taxonomy":"product_brand","embeddable":true,"href":"https:\/\/proviron.com.mx\/index.php\/wp-json\/wp\/v2\/product_brand?post=726"},{"taxonomy":"product_cat","embeddable":true,"href":"https:\/\/proviron.com.mx\/index.php\/wp-json\/wp\/v2\/product_cat?post=726"},{"taxonomy":"product_tag","embeddable":true,"href":"https:\/\/proviron.com.mx\/index.php\/wp-json\/wp\/v2\/product_tag?post=726"}],"curies":[{"name":"wp","href":"https:\/\/api.w.org\/{rel}","templated":true}]}}