{"id":997,"date":"2022-07-11T13:21:31","date_gmt":"2022-07-11T18:21:31","guid":{"rendered":"http:\/\/proviron.com.mx\/?post_type=product&#038;p=997"},"modified":"2025-08-14T06:10:03","modified_gmt":"2025-08-14T12:10:03","slug":"terfamex","status":"publish","type":"product","link":"https:\/\/proviron.com.mx\/index.php\/producto\/terfamex\/","title":{"rendered":"Terfamex 30 capsulas 30mg"},"content":{"rendered":"<p itemprop=\"description\">Terfamex 30 capsulas 30mg \/ Fentermina<\/p>\n<p itemprop=\"description\">Anorexig\u00e9nico, coadyuvante en el tto de la obesidad ex\u00f3gena, asociado a un r\u00e9gimen diet\u00e9tico hipocal\u00f3rico y de ejercicio<\/p>\n<p itemprop=\"description\"><img fetchpriority=\"high\" decoding=\"async\" src=\"http:\/\/proviron.com.mx\/wp-content\/uploads\/2022\/10\/WhatsApp-Image-2022-12-13-at-18.23.02-300x300.jpeg\" alt=\"\" width=\"300\" height=\"300\" class=\"alignnone size-medium wp-image-1875\" \/><\/p>\n<p itemprop=\"description\"><a href=\"http:\/\/vidafitstore.com\" target=\"_blank\" rel=\"noopener\">http:\/\/vidafitstore.com<\/a><\/p>\n<p itemprop=\"description\"><a href=\"http:\/\/proviron.com.mx\">http:\/\/proviron.com.mx<\/a><\/p>\n","protected":false},"excerpt":{"rendered":"<div class=\"page\" title=\"Page 1\">\n<div class=\"section\">\n<div class=\"layoutArea\">\n<div class=\"column\">\n<p><span>Terfamex <\/span><\/p>\n<p><span>DESCRIPCIO\u0301N: <\/span><span>La fentermina se usa, por un peri\u0301odo de tiempo limitado para acelerar la pe\u0301rdida de peso en personas con sobrepeso que hacen ejercicio y comer una dieta baja en calori\u0301as. Phentermine es una clase de medicamentos llamados anorexi\u0301genos. Funciona al reducir su apetito<\/span><span>. <\/span><\/p>\n<p><span>AROMATIZA: <\/span><span>No<br \/>\n<\/span><span>PRESENTACIO\u0301N: <\/span><span>30 Ca\u0301psulas \/ 30 mg <\/span><span>MADE IN: <\/span><span>Mexico<br \/>\n<\/span><span>ADMINISTRACIO\u0301N: <\/span><span>Oral Tabletas <\/span><\/p>\n<\/div>\n<\/div>\n<\/div>\n<\/div>\n","protected":false},"featured_media":2909,"comment_status":"open","ping_status":"closed","template":"","meta":{"_joinchat":[]},"product_brand":[],"product_cat":[15189],"product_tag":[15190,15191,15192,15193,15194,15195,15196,15197,15198,15199,15200,15201,15202,15203,15204,15205,15206,15207,15208,15209,15210,15211,15212,15213,15214,15215,15216,15217,15218,15219,15220,10784,15221,15222,15223,15224,15225,15226,15227,15228,15229,15230,15231,15232,15233,15234,15235,15236,15237,15238,15239,15240,15241,15242,15243,15244,15245,15246,527,58,1968,59,23332,10017,3426,15247,15248,15249,15250,15251,15252,15253,15254,15255,15256,15257,15258,15259,15260,15261,15262,15263,15264,15265,15266,15267,15268,15269,15270,15271,63,561,562,44,563,15272,15273,15274,15275,15276,15277,15278,15279,15280,15281,15282,15283,15284,15285,15286,15287,15288,15289,15290,15291,15292,15293,15294,15295,15296,15297,15298,15299,15300,15301,15302,15303,15304,15305,15306,15307,15308,15309,15310,15311,15312,15313,15314,15315,15316,15317,15318,15319,15320,15321,15322,15323,15324,15325,15326,15327,15328,15329,15330,15331,15332,564,565,15333,15334,12386,10035,4328,15335,15336,15337,15338,15339,15340,15341,15342,15343,15344,15345,15346,15347,15348,15349,15350,15351,15352,15353,15354,15355,15356,15357,15358,15359,15360,15361,15362,15363,15364,15365,15366,15367,15368,15369,15370,15371,15372,15373,15374,15375,15376,15377,15378,15379,15380,15381,15382,15383,15384,15385,15386,15387,15388,15389,15390,15391,15392,15393,15394,15395,15396,15397,15398,1417,423,54,1419],"class_list":{"0":"post-997","1":"product","2":"type-product","3":"status-publish","4":"has-post-thumbnail","6":"product_cat-control-ansiedad-y-apetito","7":"product_tag-baja-de-peso-con-terfamex","8":"product_tag-compra-fentermina-en-estados-unidos","9":"product_tag-compra-fentermina-en-puerto-rico","10":"product_tag-compra-terfamex-en-estados-unidos","11":"product_tag-compra-terfamex-en-puerto-rico","12":"product_tag-comprar-en-fentermina-cancun","13":"product_tag-comprar-fentermina-en-ciudad-de-mexico","14":"product_tag-comprar-fentermina-en-jalisco","15":"product_tag-comprar-fentermina-en-los-angeles","16":"product_tag-comprar-fentermina-en-miami","17":"product_tag-comprar-fentermina-en-puebla","18":"product_tag-comprar-fentermina-en-puerto-vallarta","19":"product_tag-comprar-fentermina-en-quintana-roo","20":"product_tag-comprar-fentermina-en-texas","21":"product_tag-comprar-fentermina-en-tijuana","22":"product_tag-comprar-fentermina-en-yucatan","23":"product_tag-comprar-fentermina-en-zapopan","24":"product_tag-comprar-fentermina-monterrey","25":"product_tag-comprar-terfamex-en-cancun","26":"product_tag-comprar-terfamex-en-ciudad-de-mexico","27":"product_tag-comprar-terfamex-en-jalisco","28":"product_tag-comprar-terfamex-en-los-angeles","29":"product_tag-comprar-terfamex-en-miami","30":"product_tag-comprar-terfamex-en-puebla","31":"product_tag-comprar-terfamex-en-puerto-vallarta","32":"product_tag-comprar-terfamex-en-quintana-roo","33":"product_tag-comprar-terfamex-en-texas","34":"product_tag-comprar-terfamex-en-tijuana","35":"product_tag-comprar-terfamex-en-yucatan","36":"product_tag-comprar-terfamex-en-zapopan","37":"product_tag-comprar-terfamex-monterrey","38":"product_tag-en-kentucky","39":"product_tag-en-terfamex-puerto-rico","40":"product_tag-entermina-en-estados-unidos","41":"product_tag-fentermina-en-austin","42":"product_tag-fentermina-en-baltimore","43":"product_tag-fentermina-en-cancun","44":"product_tag-fentermina-en-ciudad-de-mexico","45":"product_tag-fentermina-en-detroit","46":"product_tag-fentermina-en-guadalajara","47":"product_tag-fentermina-en-jalisco","48":"product_tag-fentermina-en-kansas","49":"product_tag-fentermina-en-kentucky","50":"product_tag-fentermina-en-las-vegas","51":"product_tag-fentermina-en-los-angeles","52":"product_tag-fentermina-en-mexico","53":"product_tag-fentermina-en-monterrey","54":"product_tag-fentermina-en-oklahoma","55":"product_tag-fentermina-en-puerto-rico","56":"product_tag-fentermina-en-puerto-vallarta","57":"product_tag-fentermina-en-quintana-roo","58":"product_tag-fentermina-en-reno","59":"product_tag-fentermina-en-texas","60":"product_tag-fentermina-en-tijuana","61":"product_tag-fentermina-en-yucatan","62":"product_tag-fentermina-en-zapopan","63":"product_tag-fentermina-venta-guadalajara","64":"product_tag-fentermina-venta-mexico","65":"product_tag-geropharm","66":"product_tag-gph-pharmaceuticals","67":"product_tag-guadalajara","68":"product_tag-mexico","69":"product_tag-suplementosguadalajara-com-mx","70":"product_tag-sarms-british-dragon","71":"product_tag-sarms-xt-labs","72":"product_tag-terfamex","73":"product_tag-terfamex-30-capsulas-medix","74":"product_tag-terfamex-en-austin","75":"product_tag-terfamex-en-baltimore","76":"product_tag-terfamex-en-cancun","77":"product_tag-terfamex-en-ciudad-de-mexico","78":"product_tag-terfamex-en-detroit","79":"product_tag-terfamex-en-estados-unidos","80":"product_tag-terfamex-en-guadalajara","81":"product_tag-terfamex-en-jalisco","82":"product_tag-terfamex-en-kansas","83":"product_tag-terfamex-en-las-vegas","84":"product_tag-terfamex-en-los-angeles","85":"product_tag-terfamex-en-mexico","86":"product_tag-terfamex-en-monterrey","87":"product_tag-terfamex-en-oklahoma","88":"product_tag-terfamex-en-puerto-vallarta","89":"product_tag-terfamex-en-quintana-roo","90":"product_tag-terfamex-en-reno","91":"product_tag-terfamex-en-texas","92":"product_tag-terfamex-en-tijuana","93":"product_tag-terfamex-en-yucatan","94":"product_tag-terfamex-en-zapopan","95":"product_tag-terfamex-sin-receta","96":"product_tag-terfamex-venta-guadalajara","97":"product_tag-venta","98":"product_tag-venta-esteroides-anabolicos-ciudad-de-mexico","99":"product_tag-venta-esteroides-anabolicos-guadalajara","100":"product_tag-venta-esteroides-anabolicos-mexico","101":"product_tag-venta-esteroides-anabolicos-monterrey","102":"product_tag-venta-fentermina-acapulco","103":"product_tag-venta-fentermina-an-luis-potosi","104":"product_tag-venta-fentermina-apatzingan","105":"product_tag-venta-fentermina-atlacomulco","106":"product_tag-venta-fentermina-austin","107":"product_tag-venta-fentermina-baja-california","108":"product_tag-venta-fentermina-baltimore","109":"product_tag-venta-fentermina-california","110":"product_tag-venta-fentermina-cancun","111":"product_tag-venta-fentermina-chiapas","112":"product_tag-venta-fentermina-chicago","113":"product_tag-venta-fentermina-chihuahua","114":"product_tag-venta-fentermina-ciudad-de-mexico","115":"product_tag-venta-fentermina-colima","116":"product_tag-venta-fentermina-cuernavaca","117":"product_tag-venta-fentermina-culiacan","118":"product_tag-venta-fentermina-detroit","119":"product_tag-venta-fentermina-distrito-federal","120":"product_tag-venta-fentermina-durango","121":"product_tag-venta-fentermina-en-nuevo-leon","122":"product_tag-venta-fentermina-estado-de-mexico","123":"product_tag-venta-fentermina-estados-unidos","124":"product_tag-venta-fentermina-guadalajara","125":"product_tag-venta-fentermina-guanajuato","126":"product_tag-venta-fentermina-guerrero","127":"product_tag-venta-fentermina-jalisco","128":"product_tag-venta-fentermina-kansas","129":"product_tag-venta-fentermina-kentucky","130":"product_tag-venta-fentermina-las-vegas","131":"product_tag-venta-fentermina-los-angeles","132":"product_tag-venta-fentermina-manzanillo","133":"product_tag-venta-fentermina-mexicali","134":"product_tag-venta-fentermina-mexico","135":"product_tag-venta-fentermina-miami","136":"product_tag-venta-fentermina-michoacan","137":"product_tag-venta-fentermina-monterrey","138":"product_tag-venta-fentermina-morelos","139":"product_tag-venta-fentermina-new-york","140":"product_tag-venta-fentermina-nuevo-laredo","141":"product_tag-venta-fentermina-oaxaca","142":"product_tag-venta-fentermina-oklahoma","143":"product_tag-venta-fentermina-playa-del-carmen","144":"product_tag-venta-fentermina-polanco","145":"product_tag-venta-fentermina-puerto-rico","146":"product_tag-venta-fentermina-queretaro","147":"product_tag-venta-fentermina-reno","148":"product_tag-venta-fentermina-san-luis-potosi","149":"product_tag-venta-fentermina-sinaloa","150":"product_tag-venta-fentermina-sonora","151":"product_tag-venta-fentermina-tabasco","152":"product_tag-venta-fentermina-tamaulipas","153":"product_tag-venta-fentermina-texas","154":"product_tag-venta-fentermina-tijuana","155":"product_tag-venta-fentermina-tlajomulco","156":"product_tag-venta-fentermina-tlaquepaque","157":"product_tag-venta-fentermina-tlaxcala","158":"product_tag-venta-fentermina-toluca","159":"product_tag-venta-fentermina-usa","160":"product_tag-venta-fentermina-veracruz","161":"product_tag-venta-fentermina-yucatan","162":"product_tag-venta-fentermina-zacatecas","163":"product_tag-venta-geropharm","164":"product_tag-venta-gph-pharmaceuticals","165":"product_tag-venta-oaxaca","166":"product_tag-venta-queretaro","167":"product_tag-venta-sarms-bd","168":"product_tag-venta-sarms-british-dragon","169":"product_tag-venta-sarms-xt-labs","170":"product_tag-venta-terfamex-acapulco","171":"product_tag-venta-terfamex-apatzingan","172":"product_tag-venta-terfamex-atlacomulco","173":"product_tag-venta-terfamex-austin","174":"product_tag-venta-terfamex-baja-california","175":"product_tag-venta-terfamex-baltimore","176":"product_tag-venta-terfamex-california","177":"product_tag-venta-terfamex-cancun","178":"product_tag-venta-terfamex-chiapas","179":"product_tag-venta-terfamex-chicago","180":"product_tag-venta-terfamex-chihuahua","181":"product_tag-venta-terfamex-ciudad-de-mexico","182":"product_tag-venta-terfamex-colima","183":"product_tag-venta-terfamex-cuernavaca","184":"product_tag-venta-terfamex-culiacan","185":"product_tag-venta-terfamex-detroit","186":"product_tag-venta-terfamex-distrito-federal","187":"product_tag-venta-terfamex-durango","188":"product_tag-venta-terfamex-en-guadlajara","189":"product_tag-venta-terfamex-en-mexico","190":"product_tag-venta-terfamex-en-nuevo-leon","191":"product_tag-venta-terfamex-estado-de-mexico","192":"product_tag-venta-terfamex-estados-unidos","193":"product_tag-venta-terfamex-guadalajara","194":"product_tag-venta-terfamex-guadalajara-jalisco","195":"product_tag-venta-terfamex-guanajuato","196":"product_tag-venta-terfamex-guerrero","197":"product_tag-venta-terfamex-jalisco","198":"product_tag-venta-terfamex-kansas","199":"product_tag-venta-terfamex-kentucky","200":"product_tag-venta-terfamex-las-vegas","201":"product_tag-venta-terfamex-los-angeles","202":"product_tag-venta-terfamex-manzanillo","203":"product_tag-venta-terfamex-mexicali","204":"product_tag-venta-terfamex-mexico","205":"product_tag-venta-terfamex-miami","206":"product_tag-venta-terfamex-michoacan","207":"product_tag-venta-terfamex-monterrey","208":"product_tag-venta-terfamex-morelos","209":"product_tag-venta-terfamex-new-york","210":"product_tag-venta-terfamex-nuevo-laredo","211":"product_tag-venta-terfamex-oaxaca","212":"product_tag-venta-terfamex-oklahoma","213":"product_tag-venta-terfamex-playa-del-carmen","214":"product_tag-venta-terfamex-polanco","215":"product_tag-venta-terfamex-puerto-rico","216":"product_tag-venta-terfamex-queretaro","217":"product_tag-venta-terfamex-reno","218":"product_tag-venta-terfamex-san-luis-potosi","219":"product_tag-venta-terfamex-sin-receta-en-monterrey","220":"product_tag-venta-terfamex-sinaloa","221":"product_tag-venta-terfamex-sonora","222":"product_tag-venta-terfamex-tabasco","223":"product_tag-venta-terfamex-tamaulipas","224":"product_tag-venta-terfamex-texas","225":"product_tag-venta-terfamex-tijuana","226":"product_tag-venta-terfamex-tlajomulco","227":"product_tag-venta-terfamex-tlaquepaque","228":"product_tag-venta-terfamex-tlaxcala","229":"product_tag-venta-terfamex-toluca","230":"product_tag-venta-terfamex-usa","231":"product_tag-venta-terfamex-veracruz","232":"product_tag-venta-terfamex-yucatan","233":"product_tag-venta-terfamex-zacatecas","234":"product_tag-venta-xt-labs","235":"product_tag-ventaesteroides-com","236":"product_tag-vidafitstore","237":"product_tag-xt-labs","239":"first","240":"instock","241":"shipping-taxable","242":"purchasable","243":"product-type-simple"},"_links":{"self":[{"href":"https:\/\/proviron.com.mx\/index.php\/wp-json\/wp\/v2\/product\/997","targetHints":{"allow":["GET"]}}],"collection":[{"href":"https:\/\/proviron.com.mx\/index.php\/wp-json\/wp\/v2\/product"}],"about":[{"href":"https:\/\/proviron.com.mx\/index.php\/wp-json\/wp\/v2\/types\/product"}],"replies":[{"embeddable":true,"href":"https:\/\/proviron.com.mx\/index.php\/wp-json\/wp\/v2\/comments?post=997"}],"wp:featuredmedia":[{"embeddable":true,"href":"https:\/\/proviron.com.mx\/index.php\/wp-json\/wp\/v2\/media\/2909"}],"wp:attachment":[{"href":"https:\/\/proviron.com.mx\/index.php\/wp-json\/wp\/v2\/media?parent=997"}],"wp:term":[{"taxonomy":"product_brand","embeddable":true,"href":"https:\/\/proviron.com.mx\/index.php\/wp-json\/wp\/v2\/product_brand?post=997"},{"taxonomy":"product_cat","embeddable":true,"href":"https:\/\/proviron.com.mx\/index.php\/wp-json\/wp\/v2\/product_cat?post=997"},{"taxonomy":"product_tag","embeddable":true,"href":"https:\/\/proviron.com.mx\/index.php\/wp-json\/wp\/v2\/product_tag?post=997"}],"curies":[{"name":"wp","href":"https:\/\/api.w.org\/{rel}","templated":true}]}}